{"id":10091,"date":"2025-10-06T09:06:48","date_gmt":"2025-10-06T07:06:48","guid":{"rendered":"https:\/\/bergstromcaravaning.com\/allgemeine-einkaufsbedingungen-fuer-lieferanten\/"},"modified":"2025-10-06T10:10:46","modified_gmt":"2025-10-06T08:10:46","slug":"allgemeine-einkaufsbedingungen-fuer-lieferanten","status":"publish","type":"page","link":"https:\/\/bergstromcaravaning.com\/de\/allgemeine-einkaufsbedingungen-fuer-lieferanten\/","title":{"rendered":"Allgemeine Einkaufsbedingungen f\u00fcr Lieferanten"},"content":{"rendered":"\t\t<div data-elementor-type=\"wp-page\" data-elementor-id=\"10091\" class=\"elementor elementor-10091 elementor-10077\" data-elementor-post-type=\"page\">\n\t\t\t\t<div class=\"elementor-element elementor-element-23eaaa2 e-flex e-con-boxed e-con e-parent\" data-id=\"23eaaa2\" data-element_type=\"container\" data-e-type=\"container\" data-settings=\"{&quot;background_background&quot;:&quot;classic&quot;}\">\n\t\t\t\t\t<div class=\"e-con-inner\">\n\t\t\t\t<div class=\"elementor-element elementor-element-3048861 elementor-widget__width-initial elementor-widget elementor-widget-heading\" data-id=\"3048861\" data-element_type=\"widget\" data-e-type=\"widget\" data-widget_type=\"heading.default\">\n\t\t\t\t<div class=\"elementor-widget-container\">\n\t\t\t\t\t<h2 class=\"elementor-heading-title elementor-size-default\">Allgemeine Einkaufsbedingungen f\u00fcr Lieferanten<\/h2>\t\t\t\t<\/div>\n\t\t\t\t<\/div>\n\t\t\t\t\t<\/div>\n\t\t\t\t<\/div>\n\t\t<div class=\"elementor-element elementor-element-e939125 e-flex e-con-boxed e-con e-parent\" data-id=\"e939125\" data-element_type=\"container\" data-e-type=\"container\">\n\t\t\t\t\t<div class=\"e-con-inner\">\n\t\t\t\t<div class=\"elementor-element elementor-element-7306886 elementor-widget elementor-widget-text-editor\" data-id=\"7306886\" data-element_type=\"widget\" data-e-type=\"widget\" data-widget_type=\"text-editor.default\">\n\t\t\t\t<div class=\"elementor-widget-container\">\n\t\t\t\t\t\t\t\t\t<h4> <\/h4><p><strong>AUFTRAGSBEST\u00c4TIGUNG<\/strong><\/p><ul><li>Die Bestellung ist pers\u00f6nlich und nicht \u00fcbertragbar.<\/li><li>Jede Anforderung, die im Widerspruch zu unseren Einkaufsbedingungen steht, muss von DIRNA-BERGSTROM S.L. akzeptiert werden.<\/li><li>Nach Eingang der Bestellung versendet der Lieferant innerhalb einer Frist von h\u00f6chstens zwei Tagen ab dem Datum der Bestellung eine Auftragsbest\u00e4tigung.<\/li><li>\u00c4nderungen an Lieferungen werden nur akzeptiert, wenn sie zuvor schriftlich vereinbart wurden.No se admitir\u00e1n variaciones en las entregas que previamente no hayan sido aceptadas por escrito.<\/li><li>Der Lieferant muss alle Vorkommnisse, die die Erf\u00fcllung der Bestellung verhindern, unverz\u00fcglich melden.<\/li><li>Der Lieferant verpflichtet sich, die vertraglich vereinbarte Fertigung gem\u00e4\u00df den Vorgaben in den Pl\u00e4nen, Normen und der Bestellung durchzuf\u00fchren. \u00c4nderungen sind ohne vorherige schriftliche Zustimmung von DIRNA-BERGSTROM S.L. nicht g\u00fcltig. <\/li><\/ul><p><strong>LIEFERUNGEN<\/strong><\/p><ul><li>Lieferungen d\u00fcrfen nur an die in der Bestellung angegebene Adresse erfolgen.<\/li><li>Die gelieferten Materialien m\u00fcssen den gesetzlichen und beh\u00f6rdlichen Anforderungen der geltenden Gesetzgebung entsprechen.<\/li><li>Der Lieferant verpflichtet sich, den vereinbarten Liefertermin einzuhalten. Jede Verz\u00f6gerung berechtigt DIRNA-BERGSTROM S.L. zur Stornierung der Bestellung, ohne dass hieraus weitere Haftungen entstehen. <\/li><li>Im Falle der Annahme der Lieferung verschiebt sich die F\u00e4lligkeit der Rechnung samt Lieferschein um jeweils 10 Tage f\u00fcr jeden Tag der Verz\u00f6gerung.<\/li><li>Nicht ausdr\u00fccklich gew\u00fcnschte Vorablieferungen berechtigen DIRNA-BERGSTROM S.L. zu einer Verz\u00f6gerung der Rechnungsstellung.<\/li><li>Der Versand der Ware hat grunds\u00e4tzlich frachtfrei auf Gefahr und Kosten des Lieferanten zu erfolgen, sofern in der Bestellung nicht ausdr\u00fccklich etwas anderes angegeben ist.<\/li><li>Auf den Lieferscheinen ist Folgendes vermerkt:<ul><li style=\"list-style-type: none;\"><ul><li>Bestell-Nr.<\/li><li>Produktcode und Beschreibung von DIRNA-BERGSTROM S.L.<\/li><li>Einzelpreis und Gesamtbewertung des Lieferscheins.<\/li><\/ul><\/li><\/ul><\/li><li>Nachdem DIRNA-BERGSTROM S.L. die Verpackungsbedingungen eines Produkts validiert hat, f\u00fchrt jede \u00c4nderung, die nicht zuvor von DIRNA-BERGSTROM S.L. angefordert und genehmigt wurde, zur Ablehnung der Ware. <\/li><\/ul><p><strong>INSPEKTION<\/strong><\/p><ul><li>Der Lieferant gew\u00e4hrt DIRNA-BERGSTROM S.L. Zugang zu seinen Einrichtungen zur Inspektion.<\/li><li>Die \u00dcberpr\u00fcfung durch DIRNA-BERGSTROM S.L. entbindet den Lieferanten nicht von seiner Verantwortung, akzeptable Produkte zu liefern.<\/li><li>Aufgrund von Qualit\u00e4ts-, Mengen- oder Lieferzeitunterschieden abgelehnte Materialien werden ohne weitere Benachrichtigung zur\u00fcckgesandt, wobei alle Versandkosten vom Lieferanten zu tragen sind.<\/li><li>Nach der Genehmigung der ersten Muster jedes Produkts durch DIRNA.BERGSTROM S.L. ist jede \u00c4nderung an Material, Gewicht, Oberfl\u00e4chenbeschaffenheit, Geometrie oder Aussehen, die nicht zuvor von DIRNA.BERGSTROM S.L. angefordert und genehmigt wurde, ein Grund zur Ablehnung der Ware.<\/li><\/ul><p><strong>VERPFLICHTUNG ZUR QUALIT\u00c4T<\/strong><\/p><ul><li>Mit der Annahme der Bestellung verpflichten Sie sich, die im Lieferantenhandbuch von DIRNA.BERGSTROM S.L. aufgef\u00fchrten Bedingungen einzuhalten.<\/li><\/ul><p>RECHNUNGSSTELLUNG-<\/p><ul><li>Alle Rechnungen, die auf einer Bestellung beruhen, m\u00fcssen die Bestellnummer von DINA-BERGSTROM S.L sowie die Lieferscheinnummer enthalten.<\/li><li>Rechnungen, die in zweifacher Ausfertigung \u00fcbermittelt werden, m\u00fcssen den geltenden Vorschriften entsprechen.<\/li><li>Auf jeder Rechnung sind die im Voraus vereinbarten Zahlungsbedingungen aufgef\u00fchrt.<\/li><\/ul><p><strong>ZAHLUNGSMETHODE<\/strong><\/p><ul><li>Die Zahlung erfolgt durch Ausstellung eines \u201eSchuldscheins\u201c durch unser Unternehmen, den wir Ihnen mit einem Begleitschreiben aush\u00e4ndigen, in dem angegeben ist, welchen Nummern Ihre Rechnungen entsprechen.<\/li><li>Die Schuldscheine werden f\u00fcr 60 Tage mit festem F\u00e4lligkeitsdatum am 25. eines jeden Monats ausgestellt. Sie k\u00f6nnen einzeln pro Rechnung ausgestellt werden oder den Betrag mehrerer innerhalb eines Monats ausgestellter Rechnungen enthalten.<\/li><\/ul><p><span style=\"font-style: inherit;\"><b>GUTSCHRIFT<\/b><\/span><\/p><ul><li><span style=\"font-style: inherit; font-weight: inherit;\">Sie werden von der Rechnung abgezogen, die den Zahlungsanspruch von DIRNA-BERGSTROM S.L. begr\u00fcndet. <\/span><\/li><\/ul><p><span style=\"font-style: inherit;\"><b>DOKUMENTATION\/ZUBEH\u00d6R<\/b><\/span><\/p><ul><li>PL\u00c4NE\/WERKZEUGE: Die genannten Pl\u00e4ne und Werkzeuge d\u00fcrfen in jedem Fall nur zur Durchf\u00fchrung unserer Auftr\u00e4ge verwendet werden.<\/li><li>Sie stehen uns jederzeit zur Verf\u00fcgung und werden uns auf Anfrage ausgeh\u00e4ndigt. <\/li><li>DIRNA-BERGSTROM S.L. beh\u00e4lt sich das Recht vor, die Herstellung der in der Bestellung enthaltenen Teile an der Adresse des Lieferanten zu besichtigen und zu \u00fcberpr\u00fcfen.<\/li><li>UTENSILIEN in den Einrichtungen des Lieferanten, vorbehaltlich eines zu diesem Zweck erstellten Pfandvertrags.<\/li><\/ul><p style=\"font-size: 16px; font-style: normal;\"><b>WAREN IM LAGER<\/b><\/p><ul><li>Der Lagerhalter verpflichtet sich, diese Waren zum gew\u00fcnschten Zeitpunkt an DIRNA-BERGSTROM S.L. zu liefern und sie ausschlie\u00dflich f\u00fcr die Produktion der von DIRNA-BERGSTROM S.L. angeforderten Bestellungen zu verwenden.<\/li><\/ul><p style=\"font-size: 16px; font-style: normal;\"><b>ZUST\u00c4NDIGKEIT<\/b><\/p><ul><li>Im Falle von Meinungsverschiedenheiten bez\u00fcglich der Annahme einer Bestellung, sei es in qualitativer oder finanzieller Hinsicht, wird die Angelegenheit zun\u00e4chst in einem Treffen am Hauptsitz von DIRNA-BERGSTROM S.L. zwischen den Qualit\u00e4ts- und Einkaufsmanagern von DIRNA-BERGSTROM S.L. und dem Lieferanten gekl\u00e4rt. Im Falle eines Rechtsstreits werden die Gerichte von Alcal\u00e1 de Henares kontaktiert, unter Verzicht auf jeden anderen Gerichtsstand oder Wohnsitz, der anwendbar sein k\u00f6nnte.<\/li><\/ul><p style=\"font-size: 16px; font-style: normal;\"><b>Datenschutzrecht<\/b><\/p><ul><li>In \u00dcbereinstimmung mit dem Organgesetz 15\/1999 zum Schutz personenbezogener Daten informieren wir Sie, dass DIRNA-BERGSTROM S.L. f\u00fcr eine Datei mit personenbezogenen Daten verantwortlich ist, die die von LIEFERANTEN gesammelten Daten sowie die Daten ihrer Ansprechpartner, einschlie\u00dflich ihrer E-Mail-Adresse, enth\u00e4lt, deren Zweck die Verwaltung der Gesch\u00e4ftsbeziehungen mit Ihnen sowie die daraus resultierende Buchhaltung und Finanzverwaltung ist.<\/li><li>Es ist erforderlich, dass Sie uns alle angeforderten Informationen zur Verf\u00fcgung stellen und dabei garantieren, dass diese wahrheitsgem\u00e4\u00df, genau, vollst\u00e4ndig und aktuell sind. Au\u00dferdem m\u00fcssen Sie befugt sein, DIRNA.BERGSTROM S.L. die Informationen der Kontaktperson(en) innerhalb des Unternehmens zur Verf\u00fcgung zu stellen.<\/li><li>Wir weisen Sie darauf hin, dass Ihre Daten zur Erf\u00fcllung steuerlicher Pflichten an Steuerbeh\u00f6rden sowie zur Abwicklung von Einz\u00fcgen und Zahlungen an Finanzinstitute \u00fcbermittelt werden k\u00f6nnen.<\/li><li>Mit der \u00dcbermittlung der oben genannten Daten erkl\u00e4ren Sie sich ausdr\u00fccklich mit der Nutzung, Verarbeitung und \u00dcbermittlung dieser Daten zu den genannten Zwecken einverstanden.<\/li><li>Sollten sich \u00c4nderungen oder Modifikationen der Daten in unserer Datenbank ergeben, insbesondere der Daten zu Ansprechpartnern, m\u00fcssen Sie uns dies mitteilen, damit wir diese aktualisieren k\u00f6nnen.<\/li><li>Um Ihr Recht auf Zugriff, Berichtigung, L\u00f6schung oder Widerspruch auszu\u00fcben, m\u00fcssen Sie ein Schreiben mit dem Betreff \u201eDatenschutz\u201c unter Angabe der entsprechenden Anfrage und Beif\u00fcgung einer Fotokopie Ihres Personalausweises an die folgende Adresse senden: C\/ Francisco Alonso, 11A \u2013 28806 \u2013 Alcal\u00e1 de Henares (MADRID). <\/li><\/ul><p style=\"font-size: 16px; font-style: normal;\"><b>Die Annahme der Bestellung impliziert die Verpflichtung des Lieferanten, diese Bedingungen zu akzeptieren<\/b><\/p><p>Erstellt von: Einkaufsleiter <\/p><p>Genehmigt: Generaldirektor <\/p><p>F-7415 rev. 03<\/p>\t\t\t\t\t\t\t\t<\/div>\n\t\t\t\t<\/div>\n\t\t\t\t\t<\/div>\n\t\t\t\t<\/div>\n\t\t\t\t<\/div>\n\t\t","protected":false},"excerpt":{"rendered":"<p>Allgemeine Einkaufsbedingungen f\u00fcr Lieferanten AUFTRAGSBEST\u00c4TIGUNG Die Bestellung ist pers\u00f6nlich und nicht \u00fcbertragbar. Jede Anforderung, die im Widerspruch zu unseren Einkaufsbedingungen [&hellip;]<\/p>\n","protected":false},"author":10,"featured_media":0,"parent":0,"menu_order":0,"comment_status":"closed","ping_status":"closed","template":"","meta":{"content-type":"","inline_featured_image":false,"site-sidebar-layout":"no-sidebar","site-content-layout":"","ast-site-content-layout":"full-width-container","site-content-style":"default","site-sidebar-style":"default","ast-global-header-display":"","ast-banner-title-visibility":"","ast-main-header-display":"","ast-hfb-above-header-display":"","ast-hfb-below-header-display":"","ast-hfb-mobile-header-display":"","site-post-title":"","ast-breadcrumbs-content":"","ast-featured-img":"disabled","footer-sml-layout":"","ast-disable-related-posts":"","theme-transparent-header-meta":"","adv-header-id-meta":"","stick-header-meta":"","header-above-stick-meta":"","header-main-stick-meta":"","header-below-stick-meta":"","astra-migrate-meta-layouts":"default","ast-page-background-enabled":"default","ast-page-background-meta":{"desktop":{"background-color":"var(--ast-global-color-4)","background-image":"","background-repeat":"repeat","background-position":"center center","background-size":"auto","background-attachment":"scroll","background-type":"","background-media":"","overlay-type":"","overlay-color":"","overlay-opacity":"","overlay-gradient":""},"tablet":{"background-color":"","background-image":"","background-repeat":"repeat","background-position":"center center","background-size":"auto","background-attachment":"scroll","background-type":"","background-media":"","overlay-type":"","overlay-color":"","overlay-opacity":"","overlay-gradient":""},"mobile":{"background-color":"","background-image":"","background-repeat":"repeat","background-position":"center center","background-size":"auto","background-attachment":"scroll","background-type":"","background-media":"","overlay-type":"","overlay-color":"","overlay-opacity":"","overlay-gradient":""}},"ast-content-background-meta":{"desktop":{"background-color":"var(--ast-global-color-5)","background-image":"","background-repeat":"repeat","background-position":"center center","background-size":"auto","background-attachment":"scroll","background-type":"","background-media":"","overlay-type":"","overlay-color":"","overlay-opacity":"","overlay-gradient":""},"tablet":{"background-color":"var(--ast-global-color-5)","background-image":"","background-repeat":"repeat","background-position":"center center","background-size":"auto","background-attachment":"scroll","background-type":"","background-media":"","overlay-type":"","overlay-color":"","overlay-opacity":"","overlay-gradient":""},"mobile":{"background-color":"var(--ast-global-color-5)","background-image":"","background-repeat":"repeat","background-position":"center center","background-size":"auto","background-attachment":"scroll","background-type":"","background-media":"","overlay-type":"","overlay-color":"","overlay-opacity":"","overlay-gradient":""}},"footnotes":""},"class_list":["post-10091","page","type-page","status-publish","hentry"],"_links":{"self":[{"href":"https:\/\/bergstromcaravaning.com\/de\/wp-json\/wp\/v2\/pages\/10091","targetHints":{"allow":["GET"]}}],"collection":[{"href":"https:\/\/bergstromcaravaning.com\/de\/wp-json\/wp\/v2\/pages"}],"about":[{"href":"https:\/\/bergstromcaravaning.com\/de\/wp-json\/wp\/v2\/types\/page"}],"author":[{"embeddable":true,"href":"https:\/\/bergstromcaravaning.com\/de\/wp-json\/wp\/v2\/users\/10"}],"replies":[{"embeddable":true,"href":"https:\/\/bergstromcaravaning.com\/de\/wp-json\/wp\/v2\/comments?post=10091"}],"version-history":[{"count":1,"href":"https:\/\/bergstromcaravaning.com\/de\/wp-json\/wp\/v2\/pages\/10091\/revisions"}],"predecessor-version":[{"id":10092,"href":"https:\/\/bergstromcaravaning.com\/de\/wp-json\/wp\/v2\/pages\/10091\/revisions\/10092"}],"wp:attachment":[{"href":"https:\/\/bergstromcaravaning.com\/de\/wp-json\/wp\/v2\/media?parent=10091"}],"curies":[{"name":"wp","href":"https:\/\/api.w.org\/{rel}","templated":true}]}}