{"id":3764,"date":"2024-04-26T10:42:01","date_gmt":"2024-04-26T08:42:01","guid":{"rendered":"https:\/\/bergstromcaravaning.com\/cookies-politik\/"},"modified":"2025-10-03T12:44:53","modified_gmt":"2025-10-03T10:44:53","slug":"cookies-politik","status":"publish","type":"page","link":"https:\/\/bergstromcaravaning.com\/de\/cookies-politik\/","title":{"rendered":"Cookies Politik"},"content":{"rendered":"\t\t<div data-elementor-type=\"wp-page\" data-elementor-id=\"3764\" class=\"elementor elementor-3764 elementor-1033\" data-elementor-post-type=\"page\">\n\t\t\t\t<div class=\"elementor-element elementor-element-223cb11e e-flex e-con-boxed e-con e-parent\" data-id=\"223cb11e\" data-element_type=\"container\" data-e-type=\"container\" data-settings=\"{&quot;background_background&quot;:&quot;classic&quot;}\">\n\t\t\t\t\t<div class=\"e-con-inner\">\n\t\t<div class=\"elementor-element elementor-element-7ddf6ab3 e-con-full e-flex e-con e-child\" data-id=\"7ddf6ab3\" data-element_type=\"container\" data-e-type=\"container\">\n\t\t\t\t<div class=\"elementor-element elementor-element-40589fd7 elementor-widget__width-initial elementor-widget elementor-widget-heading\" data-id=\"40589fd7\" data-element_type=\"widget\" data-e-type=\"widget\" data-widget_type=\"heading.default\">\n\t\t\t\t<div class=\"elementor-widget-container\">\n\t\t\t\t\t<h1 class=\"elementor-heading-title elementor-size-default\">Cookies Politik<\/h1>\t\t\t\t<\/div>\n\t\t\t\t<\/div>\n\t\t\t\t<\/div>\n\t\t\t\t\t<\/div>\n\t\t\t\t<\/div>\n\t\t<div class=\"elementor-element elementor-element-15333b7b e-flex e-con-boxed e-con e-parent\" data-id=\"15333b7b\" data-element_type=\"container\" data-e-type=\"container\" data-settings=\"{&quot;background_background&quot;:&quot;classic&quot;}\">\n\t\t\t\t\t<div class=\"e-con-inner\">\n\t\t\t\t<div class=\"elementor-element elementor-element-11ed7f07 elementor-widget elementor-widget-text-editor\" data-id=\"11ed7f07\" data-element_type=\"widget\" data-e-type=\"widget\" data-widget_type=\"text-editor.default\">\n\t\t\t\t<div class=\"elementor-widget-container\">\n\t\t\t\t\t\t\t\t\t<p>Der Zugriff auf diese Website kann die Verwendung von Cookies beinhalten. Cookies sind kleine Datenmengen, die in dem von jedem Benutzer verwendeten Browser &#8211; auf den verschiedenen Ger\u00e4ten, die er zum Surfen verwendet &#8211; gespeichert werden, so dass sich der Server bestimmte Informationen merkt, die sp\u00e4ter nur von dem Server gelesen werden k\u00f6nnen, der sie implementiert hat. Cookies machen das Surfen einfacher, benutzerfreundlicher und besch\u00e4digen das Surfger\u00e4t nicht.<\/p><p>Cookies sind automatische Verfahren zur Sammlung von Informationen \u00fcber die vom Benutzer w\u00e4hrend seines Besuchs auf der Website festgelegten Pr\u00e4ferenzen, um ihn als Benutzer zu erkennen und seine Erfahrung und Nutzung der Website zu personalisieren, und k\u00f6nnen beispielsweise auch helfen, Fehler zu erkennen und zu beheben.<\/p><p>Die durch Cookies gesammelten Informationen k\u00f6nnen das Datum und die Uhrzeit der Besuche auf der Website, die aufgerufenen Seiten, die auf der Website verbrachte Zeit und die unmittelbar vor und nach der Website besuchten Seiten umfassen. Dieses Cookie erlaubt es jedoch nicht, mit der Telefonnummer des Benutzers oder anderen Mitteln der pers\u00f6nlichen Kontaktaufnahme in Verbindung zu treten. Kein Cookie kann Informationen von der Festplatte des Benutzers extrahieren oder pers\u00f6nliche Daten stehlen. Die einzige M\u00f6glichkeit, wie die privaten Informationen des Benutzers in die Cookie-Datei aufgenommen werden k\u00f6nnen, ist, dass der Benutzer diese Informationen pers\u00f6nlich an den Server weitergibt.<\/p><p>Cookies, die die Identifizierung einer Person erm\u00f6glichen, gelten als personenbezogene Daten. Daher gilt f\u00fcr sie die oben beschriebene Datenschutzrichtlinie. In diesem Sinne ist die Zustimmung des Nutzers f\u00fcr die Nutzung derselben erforderlich. Diese Zustimmung muss auf der Grundlage einer echten Wahlm\u00f6glichkeit durch eine positive Entscheidung vor der ersten Behandlung erteilt, entfernt und dokumentiert werden.<\/p><div class=\"\"><h4>Eigene Cookies<\/h4><p>Dabei handelt es sich um Cookies, die an den Computer oder das Ger\u00e4t des Benutzers gesendet und ausschlie\u00dflich von <span class=\"blanc-space ng-binding\">Dirna Bergstrom<\/span> f\u00fcr das bessere Funktionieren der Website verwaltet werden. Die gesammelten Informationen werden verwendet, um die Qualit\u00e4t der Website und ihres Inhalts sowie Ihre Erfahrung als Nutzer zu verbessern. Diese Cookies erm\u00f6glichen es, den Benutzer als wiederholten Besucher der Website zu erkennen und die Inhalte anzupassen, um ihm auf seine Vorlieben zugeschnittene Inhalte anzubieten.<\/p><\/div><div class=\"thirdCookies\"><h4>Cookies von Dritten<\/h4><p>Hierbei handelt es sich um Cookies, die von externen Unternehmen verwendet und verwaltet werden und die Dirna Bergstrom die von dieser angeforderten Dienste bereitstellen, um die Website und das Benutzererlebnis beim Surfen auf der Website zu verbessern. Der Hauptzweck, f\u00fcr den Cookies von Drittanbietern verwendet werden, ist die Erstellung von Zugriffsstatistiken und die Analyse von Browsing-Informationen, d.h. wie der Nutzer mit der Website interagiert.<\/p><p>Die erhaltenen Informationen beziehen sich beispielsweise auf die Anzahl der besuchten Seiten, die Sprache, den Ort der IP-Adresse, von der aus der Nutzer zugreift, die Anzahl der Nutzer, die zugreifen, die H\u00e4ufigkeit und Wiederholung der Besuche, die Uhrzeit des Besuchs, den verwendeten Browser, den Betreiber oder den Ger\u00e4tetyp, von dem aus der Besuch erfolgt. Diese Informationen werden verwendet, um die Website zu verbessern und neue Bed\u00fcrfnisse zu erkennen, damit wir den Nutzern die bestm\u00f6glichen Inhalte und\/oder Dienstleistungen anbieten k\u00f6nnen. In allen F\u00e4llen werden die Informationen anonym gesammelt und Berichte \u00fcber Website-Trends erstellt, ohne dass einzelne Benutzer identifiziert werden.<\/p><p>Weitere Informationen \u00fcber Cookies, Informationen zum Datenschutz oder eine Beschreibung der Art der verwendeten Cookies, ihrer Hauptmerkmale, der G\u00fcltigkeitsdauer usw. finden Sie unter dem\/den folgenden Link(s):<\/p><p><span style=\"font-style: inherit; font-weight: inherit; color: var( --e-global-color-text ); text-align: var(--text-align);\">Die f\u00fcr die Bereitstellung von Cookies verantwortliche(n) Stelle(n) kann (k\u00f6nnen) diese Informationen an Dritte weitergeben, wenn dies gesetzlich vorgeschrieben ist oder wenn ein Dritter diese Informationen f\u00fcr diese Stellen verarbeitet.<\/span><\/p><\/div><div class=\"\"><h4>Cookies f\u00fcr soziale Medien<\/h4><p><span class=\"blanc-space ng-binding\">Dirna Bergstrom<\/span> setzt Social Media Plugins ein, die den Zugang zu sozialen Netzwerken von der Website aus erm\u00f6glichen. Aus diesem Grund k\u00f6nnen Cookies f\u00fcr soziale Medien im Browser des Nutzers gespeichert werden. Die Eigent\u00fcmer dieser sozialen Netzwerke haben ihre eigenen Datenschutz- und Cookie-Richtlinien und sind in jedem Fall selbst f\u00fcr ihre eigenen Dateien und ihre eigenen Datenschutzpraktiken verantwortlich. Der Nutzer sollte sich dort \u00fcber diese Cookies und gegebenenfalls \u00fcber die Verarbeitung seiner personenbezogenen Daten informieren. Die Links zu diesen Datenschutz- und\/oder Cookie-Richtlinien werden im Folgenden nur zu Informationszwecken angegeben:<\/p><ul><li>Facebook: <a class=\"text-info\" href=\"https:\/\/www.facebook.com\/policies\/cookies\/\">https:\/\/www.facebook.com\/policies\/cookies\/<\/a><\/li><li>Twitter: <a class=\"text-info\" href=\"https:\/\/twitter.com\/es\/privacy\">https:\/\/twitter.com\/es\/privacy<\/a><\/li><li>Instagram: <a class=\"text-info\" href=\"https:\/\/help.instagram.com\/1896641480634370?ref=ig\">https:\/\/help.instagram.com\/1896641480634370?ref=ig<\/a><\/li><li>YouTube: <a class=\"text-info\" href=\"https:\/\/policies.google.com\/privacy?hl=es-419&amp;gl=mx\">https:\/\/policies.google.com\/privacy?hl=es-419&amp;gl=mx<\/a><\/li><li>Pinterest: <a class=\"text-info\" href=\"https:\/\/policy.pinterest.com\/es\/privacy-policy\">https:\/\/policy.pinterest.com\/es\/privacy-policy<\/a><\/li><li>LinkedIn: <a class=\"text-info\" href=\"https:\/\/www.linkedin.com\/legal\/cookie-policy?trk=hp-cookies\">https:\/\/www.linkedin.com\/legal\/cookie-policy?trk=hp-cookies<\/a><\/li><\/ul><\/div><h4>Deaktivieren, Ablehnen und L\u00f6schen von Cookies<\/h4><p>Der Nutzer kann die auf seinem Ger\u00e4t installierten Cookies ganz oder teilweise deaktivieren, ablehnen oder l\u00f6schen, indem er seinen Browser (z. B. Chrome, Firefox, Safari, Explorer) konfiguriert. Die Verfahren zum Ablehnen und L\u00f6schen von Cookies k\u00f6nnen sich von einem Internetbrowser zum anderen unterscheiden. Daher muss der Benutzer die Anweisungen des von ihm verwendeten Internetbrowsers befolgen. Falls Sie die Verwendung von Cookies &#8211; ganz oder teilweise &#8211; ablehnen, k\u00f6nnen Sie die Website weiterhin nutzen, auch wenn Sie m\u00f6glicherweise einige Funktionen der Website nur eingeschr\u00e4nkt nutzen k\u00f6nnen.<\/p><p>Dieses Dokument mit der Cookie-Richtlinie wurde mit dem kostenlosen <a class=\"text-body text-decoration-none\" href=\"https:\/\/textos-legales.edgartamarit.com\/\">Online-Generator f\u00fcr Web-Cookie-Richtlinienvorlagen erstellt.<\/a><\/p>\t\t\t\t\t\t\t\t<\/div>\n\t\t\t\t<\/div>\n\t\t\t\t\t<\/div>\n\t\t\t\t<\/div>\n\t\t\t\t<\/div>\n\t\t","protected":false},"excerpt":{"rendered":"<p>Der Zugriff auf diese Website kann die Verwendung von Cookies beinhalten. Cookies sind kleine Datenmengen, die in dem von jedem [&hellip;]<\/p>\n","protected":false},"author":10,"featured_media":0,"parent":0,"menu_order":0,"comment_status":"closed","ping_status":"closed","template":"","meta":{"content-type":"","inline_featured_image":false,"site-sidebar-layout":"no-sidebar","site-content-layout":"","ast-site-content-layout":"full-width-container","site-content-style":"default","site-sidebar-style":"default","ast-global-header-display":"","ast-banner-title-visibility":"","ast-main-header-display":"","ast-hfb-above-header-display":"","ast-hfb-below-header-display":"","ast-hfb-mobile-header-display":"","site-post-title":"disabled","ast-breadcrumbs-content":"","ast-featured-img":"disabled","footer-sml-layout":"","ast-disable-related-posts":"","theme-transparent-header-meta":"","adv-header-id-meta":"","stick-header-meta":"","header-above-stick-meta":"","header-main-stick-meta":"","header-below-stick-meta":"","astra-migrate-meta-layouts":"default","ast-page-background-enabled":"default","ast-page-background-meta":{"desktop":{"background-color":"var(--ast-global-color-4)","background-image":"","background-repeat":"repeat","background-position":"center center","background-size":"auto","background-attachment":"scroll","background-type":"","background-media":"","overlay-type":"","overlay-color":"","overlay-opacity":"","overlay-gradient":""},"tablet":{"background-color":"","background-image":"","background-repeat":"repeat","background-position":"center center","background-size":"auto","background-attachment":"scroll","background-type":"","background-media":"","overlay-type":"","overlay-color":"","overlay-opacity":"","overlay-gradient":""},"mobile":{"background-color":"","background-image":"","background-repeat":"repeat","background-position":"center center","background-size":"auto","background-attachment":"scroll","background-type":"","background-media":"","overlay-type":"","overlay-color":"","overlay-opacity":"","overlay-gradient":""}},"ast-content-background-meta":{"desktop":{"background-color":"var(--ast-global-color-5)","background-image":"","background-repeat":"repeat","background-position":"center center","background-size":"auto","background-attachment":"scroll","background-type":"","background-media":"","overlay-type":"","overlay-color":"","overlay-opacity":"","overlay-gradient":""},"tablet":{"background-color":"var(--ast-global-color-5)","background-image":"","background-repeat":"repeat","background-position":"center center","background-size":"auto","background-attachment":"scroll","background-type":"","background-media":"","overlay-type":"","overlay-color":"","overlay-opacity":"","overlay-gradient":""},"mobile":{"background-color":"var(--ast-global-color-5)","background-image":"","background-repeat":"repeat","background-position":"center center","background-size":"auto","background-attachment":"scroll","background-type":"","background-media":"","overlay-type":"","overlay-color":"","overlay-opacity":"","overlay-gradient":""}},"footnotes":""},"class_list":["post-3764","page","type-page","status-publish","hentry"],"_links":{"self":[{"href":"https:\/\/bergstromcaravaning.com\/de\/wp-json\/wp\/v2\/pages\/3764","targetHints":{"allow":["GET"]}}],"collection":[{"href":"https:\/\/bergstromcaravaning.com\/de\/wp-json\/wp\/v2\/pages"}],"about":[{"href":"https:\/\/bergstromcaravaning.com\/de\/wp-json\/wp\/v2\/types\/page"}],"author":[{"embeddable":true,"href":"https:\/\/bergstromcaravaning.com\/de\/wp-json\/wp\/v2\/users\/10"}],"replies":[{"embeddable":true,"href":"https:\/\/bergstromcaravaning.com\/de\/wp-json\/wp\/v2\/comments?post=3764"}],"version-history":[{"count":2,"href":"https:\/\/bergstromcaravaning.com\/de\/wp-json\/wp\/v2\/pages\/3764\/revisions"}],"predecessor-version":[{"id":10047,"href":"https:\/\/bergstromcaravaning.com\/de\/wp-json\/wp\/v2\/pages\/3764\/revisions\/10047"}],"wp:attachment":[{"href":"https:\/\/bergstromcaravaning.com\/de\/wp-json\/wp\/v2\/media?parent=3764"}],"curies":[{"name":"wp","href":"https:\/\/api.w.org\/{rel}","templated":true}]}}