{"id":3843,"date":"2024-04-17T10:57:36","date_gmt":"2024-04-17T08:57:36","guid":{"rendered":"https:\/\/bergstromcaravaning.com\/datenschutzrichtlinie\/"},"modified":"2025-10-03T13:18:33","modified_gmt":"2025-10-03T11:18:33","slug":"datenschutzrichtlinie","status":"publish","type":"page","link":"https:\/\/bergstromcaravaning.com\/de\/datenschutzrichtlinie\/","title":{"rendered":"Datenschutzrichtlinie"},"content":{"rendered":"\t\t<div data-elementor-type=\"wp-page\" data-elementor-id=\"3843\" class=\"elementor elementor-3843 elementor-3\" data-elementor-post-type=\"page\">\n\t\t\t\t<div class=\"elementor-element elementor-element-3a05550 e-flex e-con-boxed e-con e-parent\" data-id=\"3a05550\" data-element_type=\"container\" data-e-type=\"container\" data-settings=\"{&quot;background_background&quot;:&quot;classic&quot;}\">\n\t\t\t\t\t<div class=\"e-con-inner\">\n\t\t<div class=\"elementor-element elementor-element-1fb46e1 e-con-full e-flex e-con e-child\" data-id=\"1fb46e1\" data-element_type=\"container\" data-e-type=\"container\">\n\t\t\t\t<div class=\"elementor-element elementor-element-5f4d44f elementor-widget__width-initial elementor-widget elementor-widget-heading\" data-id=\"5f4d44f\" data-element_type=\"widget\" data-e-type=\"widget\" data-widget_type=\"heading.default\">\n\t\t\t\t<div class=\"elementor-widget-container\">\n\t\t\t\t\t<h1 class=\"elementor-heading-title elementor-size-default\">Datenschutzrichtlinie<\/h1>\t\t\t\t<\/div>\n\t\t\t\t<\/div>\n\t\t\t\t<\/div>\n\t\t\t\t\t<\/div>\n\t\t\t\t<\/div>\n\t\t<div class=\"elementor-element elementor-element-59ba7644 e-flex e-con-boxed e-con e-parent\" data-id=\"59ba7644\" data-element_type=\"container\" data-e-type=\"container\" data-settings=\"{&quot;background_background&quot;:&quot;classic&quot;}\">\n\t\t\t\t\t<div class=\"e-con-inner\">\n\t\t\t\t<div class=\"elementor-element elementor-element-410742ae elementor-widget elementor-widget-text-editor\" data-id=\"410742ae\" data-element_type=\"widget\" data-e-type=\"widget\" data-widget_type=\"text-editor.default\">\n\t\t\t\t<div class=\"elementor-widget-container\">\n\t\t\t\t\t\t\t\t\t<h4>DATENSCHUTZ VON PERSONENBEZOGENEN DATEN GEM\u00c4\u00df DEM LOPD<\/h4><div> <\/div><div>Dirna Bergstrom, S.L., gem\u00e4\u00df den geltenden Datenschutzbestimmungen informieren wir dar\u00fcber, dass die personenbezogenen Daten, die \u00fcber die Formulare der Website: bergstromspain.com gesammelt werden, in die spezifischen automatisierten Dateien der Nutzer der Dienste von Dirna Bergstrom, S.L. aufgenommen werden.<\/div><p>Die automatisierte Datensammlung und -verarbeitung dient der Aufrechterhaltung der Gesch\u00e4ftsbeziehung und der Durchf\u00fchrung von Informations-, Schulungs-, Beratungs- und anderen T\u00e4tigkeiten von Dirna Bergstrom, S.L.<\/p><p>Diese Daten werden nur an diejenigen Entit\u00e4ten weitergegeben, die erforderlich sind, um das oben genannte Ziel zu erreichen.<\/p><p>Dirna Bergstrom, S.L., ergreift die erforderlichen Ma\u00dfnahmen, um die Sicherheit, Integrit\u00e4t und Vertraulichkeit der Daten gem\u00e4\u00df der Verordnung (EU) 2016\/679 des Europ\u00e4ischen Parlaments und des Rates vom 27. April 2016 zum Schutz nat\u00fcrlicher Personen bei der Verarbeitung personenbezogener Daten und zum freien Datenverkehr zu gew\u00e4hrleisten.<\/p><p>Der Benutzer kann jederzeit die in der genannten Verordnung (EU) anerkannten Rechte auf Zugang, Widerspruch, Berichtigung und L\u00f6schung aus\u00fcben. Der Benutzer kann diese Rechte per E-Mail an<a href=\"mailto:rgpd@dirna.bergstrominc.com\"> rgpd@dirna.bergstrominc.com<\/a> oder an die folgende Adresse aus\u00fcben: Dirna Bergstrom, S.L. Calle Francisco Alonso, 11 A \u2013 28806 \u2013 Alcal\u00e1 de Henares, Madrid, Spanien.<\/p><p>Der Benutzer erkl\u00e4rt, dass alle von ihm bereitgestellten Daten wahr und korrekt sind und verpflichtet sich, diese auf dem neuesten Stand zu halten, indem er \u00c4nderungen an Dirna Bergstrom, S.L. mitteilt.<\/p><h4>ZWECK DER VERARBEITUNG PERSONENBEZOGENER DATEN<\/h4><div> <\/div><div>Zu welchem Zweck werden Ihre personenbezogenen Daten verarbeitet?<\/div><p>Bei Dirna Bergstrom, S.L. verarbeiten wir Ihre \u00fcber die Website bergstrominc.com\/es erfassten personenbezogenen Daten zu folgenden Zwecken:<\/p><p>Im Falle der Beauftragung von Waren und Dienstleistungen, die \u00fcber bergstrominc.com\/es angeboten werden, zur Aufrechterhaltung des Vertragsverh\u00e4ltnisses sowie zur Verwaltung, Information, Bereitstellung und Verbesserung des Dienstes.<br>Zusendung von Informationen, die \u00fcber die auf bergstromspain.com verf\u00fcgbaren Formulare angefordert werden.<br>Zusendung von Newslettern sowie kommerziellen Mitteilungen zu Werbeaktionen und\/oder Werbung von Dirna Bergstrom, S.L. und der Branche.<br>Wir weisen Sie darauf hin, dass Sie dem Erhalt kommerzieller Mitteilungen jederzeit und auf beliebige Weise widersprechen k\u00f6nnen, indem Sie eine E-Mail an die oben angegebene Adresse senden.<\/p><p>Die Felder dieser Registrierungen sind obligatorisch auszuf\u00fcllen, und die genannten Zwecke k\u00f6nnen nicht erreicht werden, wenn diese Daten nicht bereitgestellt werden.<\/p><p>Wie lange werden die gesammelten personenbezogenen Daten aufbewahrt?<br>Die bereitgestellten personenbezogenen Daten werden solange aufbewahrt, wie die Gesch\u00e4ftsbeziehung besteht oder Sie nicht deren L\u00f6schung beantragen und f\u00fcr den Zeitraum, f\u00fcr den rechtliche Verpflichtungen aus den erbrachten Dienstleistungen resultieren k\u00f6nnten.<\/p><h4>RECHTM\u00c4SSIGKEIT:<\/h4><div> <\/div><p>Die Verarbeitung Ihrer Daten erfolgt auf folgender rechtlicher Grundlage:<\/p><p>Die Anfrage von Informationen und\/oder die Beauftragung von Dienstleistungen von Dirna Bergstrom, S.L., deren Bedingungen und Konditionen Ihnen in jedem Fall vor einer eventuellen Beauftragung zur Verf\u00fcgung gestellt werden.<br>Die freie, spezifische, informierte und eindeutige Einwilligung, da wir Sie durch Bereitstellung dieser Datenschutzrichtlinie informieren und Sie diese nach der Lekt\u00fcre, falls Sie einverstanden sind, durch eine Erkl\u00e4rung oder eine klare positive Handlung akzeptieren k\u00f6nnen, wie das Ankreuzen eines entsprechenden K\u00e4stchens.<br>Wenn Sie uns Ihre Daten nicht zur Verf\u00fcgung stellen oder dies fehlerhaft oder unvollst\u00e4ndig tun, k\u00f6nnen wir Ihre Anfrage nicht bearbeiten, und es ist unm\u00f6glich, Ihnen die angeforderten Informationen bereitzustellen oder die Dienstleistungen zu erbringen.<\/p><h4>EMPFA\u0308NGER<\/h4><div> <\/div><p data-start=\"338\" data-end=\"646\">Die Daten werden nicht an Dritte au\u00dferhalb von Dirna Bergstrom, S.L. weitergegeben, es sei denn, es besteht eine gesetzliche Verpflichtung.<\/p><p>Als Auftragsverarbeiter haben wir folgende Dienstleister verpflichtet, die Bestimmungen des Datenschutzes einzuhalten, die zum Zeitpunkt ihrer Beauftragung gelten:<br><a href=\"https:\/\/groubermarketing.com\/\">Grouber Marketing S.L<\/a>. bietet Direktmarketing-Dienstleistungen sowie Website-Wartung und -Hosting an. Die Datenschutzbestimmungen und weitere rechtliche Informationen des Unternehmens finden Sie unter folgendem Link: <a href=\"https:\/\/groubermarketing.com\/\">groubermarketing.com\/<\/a> <\/p><h4>VON BENUTZERN DER DIENSTE GESAMMELTE DATEN<\/h4><div> <\/div><p>In F\u00e4llen, in denen der Benutzer Dateien mit personenbezogenen Daten auf den Shared-Hosting-Servern platziert, \u00fcbernimmt Dirna Bergstrom, S.L. keine Verantwortung f\u00fcr die Nichteinhaltung der DSGVO durch den Benutzer.<\/p><h4>DATENAUFBEWAHRUNG IN \u00dcBEREINSTIMMUNG MIT DEM LSSI<\/h4><div> <\/div><p>Dirna Bergstrom, S.L. informiert dar\u00fcber, dass es als Dienstleister f\u00fcr die Datenhosting gem\u00e4\u00df dem Gesetz 34\/2002 vom 11. Juli \u00fcber die Dienste der Informationsgesellschaft und des elektronischen Handels (LSSI) die f\u00fcr die Identifizierung der Herkunft der gehosteten Daten und den Zeitpunkt, zu dem der Dienst erbracht wurde, unerl\u00e4sslichen Informationen f\u00fcr maximal 12 Monate aufbewahrt. Die Aufbewahrung dieser Daten beeintr\u00e4chtigt nicht die Vertraulichkeit der Kommunikationen und sie k\u00f6nnen nur im Rahmen einer strafrechtlichen Untersuchung oder zur Gew\u00e4hrleistung der \u00f6ffentlichen Sicherheit verwendet werden, wobei sie den Richtern und\/oder Gerichten oder dem zust\u00e4ndigen Ministerium zur Verf\u00fcgung gestellt werden.<\/p><p>Die \u00dcbermittlung von Daten an die staatlichen Sicherheitskr\u00e4fte und -dienste erfolgt gem\u00e4\u00df den Bestimmungen zum Schutz personenbezogener Daten.<\/p><h4>URHEBERRECHTLICHE RECHTE<\/h4><div> <\/div><p>Dirna Bergstrom, S.L. ist Inhaber aller Urheber-, geistigen, gewerblichen Schutzrechte, des &#8222;Know-hows&#8220; und aller anderen Rechte in Bezug auf den Inhalt der Website bergstromspain.com und der dort angebotenen Dienste sowie der f\u00fcr deren Implementierung erforderlichen Programme und der zugeh\u00f6rigen Informationen.<\/p><p>Die Vervielf\u00e4ltigung, Ver\u00f6ffentlichung und\/oder nicht ausschlie\u00dflich private Nutzung des Inhalts, ganz oder teilweise, der Website bergstromspain.com ist ohne vorherige schriftliche Zustimmung nicht gestattet.<\/p><h4>GEISTIGES EIGENTUM DER SOFTWARE<\/h4><div> <\/div><p>El usuario debe respetar los programas de terceros puestos a su disposici\u00f3n por Dirna Bergstrom, S.L., aun siendo gratuitos y\/o de disposici\u00f3n p\u00fablica.aDer Benutzer muss die von Dirna Bergstrom, S.L. zur Verf\u00fcgung gestellten Programme Dritter respektieren, auch wenn sie kostenlos und\/oder \u00f6ffentlich zug\u00e4nglich sind.<\/p><p>Dirna Bergstrom, S.L. verf\u00fcgt \u00fcber die erforderlichen Nutzungs- und geistigen Eigentumsrechte an der Software.<\/p><p>Der Benutzer erwirbt keine Rechte oder Lizenzen f\u00fcr den abonnierten Dienst, weder f\u00fcr die f\u00fcr die Erbringung des Dienstes erforderliche Software noch f\u00fcr die technischen Informationen zur Verfolgung des Dienstes, mit Ausnahme der f\u00fcr die abonnierten Dienste erforderlichen Rechte und Lizenzen und nur f\u00fcr die Dauer dieser Dienste.<\/p><p>F\u00fcr jede Handlung, die \u00fcber die Erf\u00fcllung des Vertrags hinausgeht, ben\u00f6tigt der Benutzer eine schriftliche Genehmigung von Dirna Bergstrom, S.L. Der Zugriff, die \u00c4nderung, die Anzeige der Konfiguration, Struktur und Dateien der Dirna Bergstrom, S.L. geh\u00f6renden Server ist dem Benutzer untersagt, und er \u00fcbernimmt die zivil- und strafrechtliche Verantwortung f\u00fcr alle Vorf\u00e4lle, die sich auf den Servern und Sicherheitssystemen infolge fahrl\u00e4ssigen oder b\u00f6sartigen Verhaltens seinerseits ergeben k\u00f6nnten.<\/p><h4>GEISTIGES EIGENTUM DER GEHOSTETEN INHALTE<\/h4><div> <\/div><p>Die Verwendung der Dienste von Dirna Bergstrom, S.L. darf nicht gegen das spanische Urheberrecht versto\u00dfen und insbesondere nicht:<\/p><p>Die Verwendung, die gegen spanisches Recht verst\u00f6\u00dft oder die Rechte Dritter verletzt.<br>Die Ver\u00f6ffentlichung oder \u00dcbertragung von Inhalten, die nach Ansicht von Dirna Bergstrom, S.L. gewaltt\u00e4tig, obsz\u00f6n, missbr\u00e4uchlich, illegal, rassistisch, fremdenfeindlich oder diffamierend sind.<br>Die Verwendung von Cracks, Seriennummern von Programmen oder anderem Inhalt, der die Rechte am geistigen Eigentum Dritter verletzt.<br>Die Erhebung und\/oder Verwendung personenbezogener Daten anderer Nutzer ohne deren ausdr\u00fcckliche Zustimmung oder unter Versto\u00df gegen die Verordnung (EU) 2016\/679 des Europ\u00e4ischen Parlaments und des Rates vom 27. April 2016 zum Schutz nat\u00fcrlicher Personen bei der Verarbeitung personenbezogener Daten und zum freien Datenverkehr.<br>Die Verwendung des Mail-Servers der Domain und der E-Mail-Adressen zum Versand unerw\u00fcnschter Massen-E-Mails.<br>Der Benutzer tr\u00e4gt die volle Verantwortung f\u00fcr den Inhalt seiner Website, die \u00fcbertragenen und gespeicherten Informationen, die Hypertext-Links, die Forderungen Dritter und die rechtlichen Schritte in Bezug auf das Urheberrecht, die Rechte Dritter und den Schutz von Minderj\u00e4hrigen.<\/p><p>Der Benutzer ist verantwortlich f\u00fcr die Einhaltung geltender Gesetze und Vorschriften sowie f\u00fcr die Regeln, die den Betrieb des Online-Dienstes, des elektronischen Handels, des Urheberrechts, der Aufrechterhaltung der \u00f6ffentlichen Ordnung und die allgemeinen Grunds\u00e4tze der Internetnutzung betreffen.<\/p><p>Der Benutzer entsch\u00e4digt Dirna Bergstrom, S.L. f\u00fcr die Kosten, die durch die Zurechnung von Dirna Bergstrom, S.L. in einem Verfahren entstehen, dessen Verantwortung dem Benutzer zuzurechnen ist, einschlie\u00dflich Honorare und Rechtsverteidigungskosten, auch im Falle einer vorl\u00e4ufigen gerichtlichen Entscheidung.<\/p><h4>SCHUTZ DER GESPEICHERTEN INFORMATIONEN<\/h4><div> <\/div><p>Dirna Bergstrom, S.L. erstellt Sicherungskopien der auf ihren Servern gespeicherten Inhalte, \u00fcbernimmt jedoch keine Verantwortung f\u00fcr den Verlust oder die versehentliche L\u00f6schung von Daten durch Benutzer. Ebenso wird keine vollst\u00e4ndige Wiederherstellung der von Benutzern gel\u00f6schten Daten garantiert, da diese Daten gel\u00f6scht und\/oder ge\u00e4ndert worden sein k\u00f6nnten seit dem Zeitpunkt der letzten Sicherungskopie.<\/p><p>Dirna Bergstrom, S.L. erstellt Sicherungskopien der auf ihren Servern gespeicherten Inhalte, \u00fcbernimmt jedoch keine Verantwortung f\u00fcr den Verlust oder die versehentliche L\u00f6schung von Daten durch Benutzer. Ebenso wird keine vollst\u00e4ndige Wiederherstellung der von Benutzern gel\u00f6schten Daten garantiert, da diese Daten gel\u00f6scht und\/oder ge\u00e4ndert worden sein k\u00f6nnten seit dem Zeitpunkt der letzten Sicherungskopie.<\/p><p>Die angebotenen Dienste, mit Ausnahme spezifischer Backup-Dienste, beinhalten nicht die Wiederherstellung der in den Sicherungskopien von Dirna Bergstrom, S.L. gespeicherten Inhalte, wenn dieser Verlust dem Benutzer zuzurechnen ist; in diesem Fall wird eine Geb\u00fchr entsprechend dem Umfang und der Komplexit\u00e4t der Wiederherstellung festgelegt, immer nach vorheriger Zustimmung des Benutzers.<\/p><h4>Die Wiederherstellung gel\u00f6schter Daten ist nur im Preis des Dienstes enthalten, wenn der Verlust des Inhalts auf Ursachen zur\u00fcckzuf\u00fchren ist, die Dirna Bergstrom, S.L. zuzurechnen sind.<\/h4><div> <\/div><p>KOMMERZIELLE KOMMUNIKATIONEN keine Werbe- oder Promotionskommunikationen per E-Mail oder einem anderen elektronischen Kommunikationsmittel senden, die nicht zuvor angefordert oder ausdr\u00fccklich von den Empf\u00e4ngern genehmigt wurden.<\/p><p>Im Falle von Benutzern, mit denen bereits eine vorherige vertragliche Beziehung besteht, ist Dirna Bergstrom, S.L. berechtigt, kommerzielle Kommunikationen zu senden, die sich auf Produkte oder Dienstleistungen von Dirna Bergstrom, S.L. beziehen und denen \u00e4hnlich sind, die urspr\u00fcnglich mit dem Kunden vereinbart wurden.<\/p><p>In jedem Fall kann der Benutzer nach Identit\u00e4tsnachweis verlangen, dass ihm keine weiteren kommerziellen Informationen \u00fcber die Kundendienstkan\u00e4le zugesandt werden.<\/p>\t\t\t\t\t\t\t\t<\/div>\n\t\t\t\t<\/div>\n\t\t\t\t<div class=\"elementor-element elementor-element-0e3f9ce elementor-widget elementor-widget-html\" data-id=\"0e3f9ce\" data-element_type=\"widget\" data-e-type=\"widget\" data-widget_type=\"html.default\">\n\t\t\t\t<div class=\"elementor-widget-container\">\n\t\t\t\t\tBergstrom beteiligt sich an allen Vorgaben und Richtlinien des IAB Europe Transparency &amp; Consent Framework und h\u00e4lt diese ein. Das Unternehmen nutzt die Consent Management Platform Nr. 92. <br><br>\nSie k\u00f6nnen Ihre Auswahl jederzeit \u00e4ndern, indem <a href=\"javascript:Sddan.cmp.displayUI()\">Sie hier klicken.<\/a>\t\t\t\t<\/div>\n\t\t\t\t<\/div>\n\t\t\t\t\t<\/div>\n\t\t\t\t<\/div>\n\t\t\t\t<\/div>\n\t\t","protected":false},"excerpt":{"rendered":"<p>DATENSCHUTZ VON PERSONENBEZOGENEN DATEN GEM\u00c4\u00df DEM LOPD Dirna Bergstrom, S.L., gem\u00e4\u00df den geltenden Datenschutzbestimmungen informieren wir dar\u00fcber, dass die personenbezogenen [&hellip;]<\/p>\n","protected":false},"author":10,"featured_media":0,"parent":0,"menu_order":0,"comment_status":"closed","ping_status":"closed","template":"elementor_header_footer","meta":{"content-type":"","inline_featured_image":false,"site-sidebar-layout":"default","site-content-layout":"","ast-site-content-layout":"full-width-container","site-content-style":"default","site-sidebar-style":"default","ast-global-header-display":"","ast-banner-title-visibility":"","ast-main-header-display":"","ast-hfb-above-header-display":"","ast-hfb-below-header-display":"","ast-hfb-mobile-header-display":"","site-post-title":"","ast-breadcrumbs-content":"","ast-featured-img":"","footer-sml-layout":"","ast-disable-related-posts":"","theme-transparent-header-meta":"","adv-header-id-meta":"","stick-header-meta":"","header-above-stick-meta":"","header-main-stick-meta":"","header-below-stick-meta":"","astra-migrate-meta-layouts":"default","ast-page-background-enabled":"default","ast-page-background-meta":{"desktop":{"background-color":"var(--ast-global-color-4)","background-image":"","background-repeat":"repeat","background-position":"center center","background-size":"auto","background-attachment":"scroll","background-type":"","background-media":"","overlay-type":"","overlay-color":"","overlay-opacity":"","overlay-gradient":""},"tablet":{"background-color":"","background-image":"","background-repeat":"repeat","background-position":"center center","background-size":"auto","background-attachment":"scroll","background-type":"","background-media":"","overlay-type":"","overlay-color":"","overlay-opacity":"","overlay-gradient":""},"mobile":{"background-color":"","background-image":"","background-repeat":"repeat","background-position":"center center","background-size":"auto","background-attachment":"scroll","background-type":"","background-media":"","overlay-type":"","overlay-color":"","overlay-opacity":"","overlay-gradient":""}},"ast-content-background-meta":{"desktop":{"background-color":"var(--ast-global-color-5)","background-image":"","background-repeat":"repeat","background-position":"center center","background-size":"auto","background-attachment":"scroll","background-type":"","background-media":"","overlay-type":"","overlay-color":"","overlay-opacity":"","overlay-gradient":""},"tablet":{"background-color":"var(--ast-global-color-5)","background-image":"","background-repeat":"repeat","background-position":"center center","background-size":"auto","background-attachment":"scroll","background-type":"","background-media":"","overlay-type":"","overlay-color":"","overlay-opacity":"","overlay-gradient":""},"mobile":{"background-color":"var(--ast-global-color-5)","background-image":"","background-repeat":"repeat","background-position":"center center","background-size":"auto","background-attachment":"scroll","background-type":"","background-media":"","overlay-type":"","overlay-color":"","overlay-opacity":"","overlay-gradient":""}},"footnotes":""},"class_list":["post-3843","page","type-page","status-publish","hentry"],"_links":{"self":[{"href":"https:\/\/bergstromcaravaning.com\/de\/wp-json\/wp\/v2\/pages\/3843","targetHints":{"allow":["GET"]}}],"collection":[{"href":"https:\/\/bergstromcaravaning.com\/de\/wp-json\/wp\/v2\/pages"}],"about":[{"href":"https:\/\/bergstromcaravaning.com\/de\/wp-json\/wp\/v2\/types\/page"}],"author":[{"embeddable":true,"href":"https:\/\/bergstromcaravaning.com\/de\/wp-json\/wp\/v2\/users\/10"}],"replies":[{"embeddable":true,"href":"https:\/\/bergstromcaravaning.com\/de\/wp-json\/wp\/v2\/comments?post=3843"}],"version-history":[{"count":4,"href":"https:\/\/bergstromcaravaning.com\/de\/wp-json\/wp\/v2\/pages\/3843\/revisions"}],"predecessor-version":[{"id":8784,"href":"https:\/\/bergstromcaravaning.com\/de\/wp-json\/wp\/v2\/pages\/3843\/revisions\/8784"}],"wp:attachment":[{"href":"https:\/\/bergstromcaravaning.com\/de\/wp-json\/wp\/v2\/media?parent=3843"}],"curies":[{"name":"wp","href":"https:\/\/api.w.org\/{rel}","templated":true}]}}