{"id":8844,"date":"2025-07-09T08:18:51","date_gmt":"2025-07-09T06:18:51","guid":{"rendered":"https:\/\/bergstromcaravaning.com\/app-datenschutzrichtlinie\/"},"modified":"2025-10-03T14:08:57","modified_gmt":"2025-10-03T12:08:57","slug":"app-datenschutzrichtlinie","status":"publish","type":"page","link":"https:\/\/bergstromcaravaning.com\/de\/app-datenschutzrichtlinie\/","title":{"rendered":"App-Datenschutzrichtlinie"},"content":{"rendered":"\t\t<div data-elementor-type=\"wp-page\" data-elementor-id=\"8844\" class=\"elementor elementor-8844 elementor-8832\" data-elementor-post-type=\"page\">\n\t\t\t\t<div class=\"elementor-element elementor-element-253b5f2 e-flex e-con-boxed e-con e-parent\" data-id=\"253b5f2\" data-element_type=\"container\" data-e-type=\"container\" data-settings=\"{&quot;background_background&quot;:&quot;classic&quot;}\">\n\t\t\t\t\t<div class=\"e-con-inner\">\n\t\t<div class=\"elementor-element elementor-element-75d5e58 e-con-full e-flex e-con e-child\" data-id=\"75d5e58\" data-element_type=\"container\" data-e-type=\"container\">\n\t\t\t\t<div class=\"elementor-element elementor-element-9ed6ef9 elementor-widget__width-initial elementor-widget elementor-widget-heading\" data-id=\"9ed6ef9\" data-element_type=\"widget\" data-e-type=\"widget\" data-widget_type=\"heading.default\">\n\t\t\t\t<div class=\"elementor-widget-container\">\n\t\t\t\t\t<h1 class=\"elementor-heading-title elementor-size-default\">App-Datenschutzrichtlinie<\/h1>\t\t\t\t<\/div>\n\t\t\t\t<\/div>\n\t\t\t\t<\/div>\n\t\t\t\t\t<\/div>\n\t\t\t\t<\/div>\n\t\t<div class=\"elementor-element elementor-element-7273cf3 e-flex e-con-boxed e-con e-parent\" data-id=\"7273cf3\" data-element_type=\"container\" data-e-type=\"container\">\n\t\t\t\t\t<div class=\"e-con-inner\">\n\t\t\t\t<div class=\"elementor-element elementor-element-5237fb6 elementor-widget elementor-widget-text-editor\" data-id=\"5237fb6\" data-element_type=\"widget\" data-e-type=\"widget\" data-widget_type=\"text-editor.default\">\n\t\t\t\t<div class=\"elementor-widget-container\">\n\t\t\t\t\t\t\t\t\t<h4>Datenschutzrichtlinie \u2013 Mobile App<\/h4>\n<p>DATENSCHUTZERKL\u00c4RUNG F\u00dcR MOBILE ANWENDUNGEN (APPS)<\/p>\n<p>Letzte Aktualisierung: 09.07.2025<\/p>\n<h4>IDENTIFIZIERUNG DES DATENVERANTWORTLICHEN.<\/h4>\n<p>Dirna Bergstrom, S.L., mit CIF B86653995 und Anschrift f\u00fcr Zustellungszwecke in Calle Francisco Alonso, N\u00ba 11 A \u2013 28806 \u2013 Alcal\u00e1 de Henares, Madrid, Spanien, eingetragen im Handelsregister von Madrid, ist die f\u00fcr die Verarbeitung der von den Benutzern der Anwendung (nachfolgend \u201eBenutzer\u201c) bereitgestellten Daten verantwortliche Stelle.<\/p>\n<h4>ZWECK DER DATENVERARBEITUNG.<\/h4>\n<p>Um sich zu registrieren, auf die Anwendung zuzugreifen und sie anschlie\u00dfend zu verwenden, muss der Benutzer freiwillig personenbezogene Daten (im Wesentlichen Identifikations- und Kontaktinformationen) angeben, die in automatisierte Medien von Dirna Bergstrom S.L. integriert werden.<br>Die Datenverarbeitung erfolgt zum Zweck der Sicherstellung der ordnungsgem\u00e4\u00dfen Funktionsweise der Anwendung, der Aufrechterhaltung der Servicebereitstellung und\/oder der Gesch\u00e4ftsbeziehung mit dem Benutzer sowie zur Verwaltung, Administration, Berichterstattung, Bereitstellung und Verbesserung des Dienstes.<br>Dar\u00fcber hinaus k\u00f6nnen die Daten f\u00fcr den Versand von Newslettern und kommerziellen Mitteilungen verwendet werden, sofern der Nutzer seine ausdr\u00fcckliche Zustimmung erteilt hat.<\/p>\n<h4>LEGITIMATION<\/h4>\n<p>Die Verarbeitung erfolgt auf Grundlage von:<br>\u2013 der Informationsanfrage und\/oder dem Abschluss eines Vertrages \u00fcber die Dienste der Anwendung, deren Bedingungen zur Annahme vorliegen.<br>\u2013 der freien, spezifischen, informierten und eindeutigen Einwilligung des Nutzers, die durch ausdr\u00fcckliche Zustimmung (z. B. durch Ankreuzen eines K\u00e4stchens) zum Ausdruck kommt.<br>Werden die erforderlichen Daten nicht bereitgestellt, ist die Nutzung der Anwendung nicht m\u00f6glich.<\/p>\n<h4>AUFBEWAHRUNG PERS\u00d6NLICHER DATEN.<\/h4>\n<p>Die Daten werden so lange gespeichert, wie der Nutzer die Anwendung nutzt oder keine L\u00f6schung beantragt. Anschlie\u00dfend werden sie f\u00fcr die gesetzliche Mindestdauer von f\u00fcnf Jahren gespeichert, um eine m\u00f6gliche Haftung festzustellen. <\/p>\n<h4>EMPF\u00c4NGER. <br>\n  <br>\n<\/h4>\n<p>Eine Weitergabe der Daten an Dritte erfolgt nur, wenn dies gesetzlich vorgeschrieben ist oder der Nutzer ausdr\u00fccklich eingewilligt hat.<br>Dirna Bergstrom, S.L. kann Daten an Auftragsverarbeiter, wie beispielsweise Technologieanbieter, weitergeben, mit denen Vertr\u00e4ge gem\u00e4\u00df der DSGVO abgeschlossen wurden.<\/p>\n<h4>DATENSPEICHERUNG.<\/h4>\n<p>Gem\u00e4\u00df Gesetz 34\/2002 (LSSI) werden die zur Identifizierung der Datenherkunft und des Beginns der Dienstleistung erforderlichen Informationen maximal 12 Monate lang aufbewahrt, und zwar ausschlie\u00dflich f\u00fcr strafrechtliche Ermittlungen oder zur \u00f6ffentlichen Sicherheit, wenn dies von den zust\u00e4ndigen Beh\u00f6rden verlangt wird.<\/p>\n<h4>SCHUTZ DER GEHOSTETEN INFORMATIONEN.<\/h4>\n<p>Dirna Bergstrom, S.L. ergreift geeignete technische und organisatorische Ma\u00dfnahmen, um die Sicherheit personenbezogener Daten zu gew\u00e4hrleisten. Es werden Backups erstellt, der Nutzer haftet jedoch nicht f\u00fcr Verlust oder versehentliche L\u00f6schung.<br>Die Datenwiederherstellung ist nur inbegriffen, wenn der Verlust auf Dirna Bergstrom, S.L. zur\u00fcckzuf\u00fchren ist. Andernfalls kann eine Geb\u00fchr anfallen, vorbehaltlich der Zustimmung des Nutzers. <\/p>\n<h4>AUS\u00dcBUNG VON RECHTEN.<\/h4>\n<p>Nutzer k\u00f6nnen ihre Rechte auf Auskunft, Berichtigung, L\u00f6schung, Widerspruch, Einschr\u00e4nkung der Verarbeitung und Daten\u00fcbertragbarkeit aus\u00fcben, indem sie eine E-Mail an <a href=\"mailto:rgpd@dirna.bergstrominc.com\">rgpd@dirna.bergstrominc.com<\/a> senden. Sie k\u00f6nnen au\u00dferdem Beschwerden bei der spanischen Datenschutzbeh\u00f6rde (AEPD) einreichen.<\/p>\n<h4>KOMMERZIELLE KOMMUNIKATION AUF ELEKTRONISCHEM WEGE.<\/h4>\n<p>Dirna Bergstrom, S.L. versendet ohne vorherige Zustimmung keine elektronischen Werbebotschaften.<br>Nutzern mit einem bestehenden Vertragsverh\u00e4ltnis k\u00f6nnen Werbeinformationen \u00fcber \u00e4hnliche Produkte oder Dienstleistungen zugesandt werden.<br>Um sich abzumelden, kann der Nutzer eine E-Mail an ventas@dirna.bergstrominc.com oder sales@dirna.bergstrominc.com senden.<\/p>\n<h4>Einwilligungsverwaltung<\/h4>\n<p>Die App verwendet eine Consent Management Platform (CMP), die mit dem IAB Europe Transparency &amp; Consent Framework (Nr. 92) kompatibel ist, um sicherzustellen, dass die Einwilligung des Benutzers transparent und in \u00dcbereinstimmung mit der DSGVO eingeholt und verwaltet wird.<\/p>\n<h4>Geistiges Eigentum<\/h4>\n<p>Alle Inhalte, Schnittstellen, Designs, Quellcodes und grafischen Elemente dieser Anwendung sind Eigentum von Dirna Bergstrom, S.L. oder seinen Lizenzgebern und durch nationale und internationale Gesetze zum Schutz geistigen und gewerblichen Eigentums gesch\u00fctzt. Die Vervielf\u00e4ltigung, Verbreitung oder \u00c4nderung ohne ausdr\u00fcckliche Genehmigung ist untersagt. <\/p>\n<h4>Auftragsverarbeiter<\/h4>\n<p>Dirna Bergstrom, S.L. kann personenbezogene Daten an Technologiedienstleister weitergeben, die als Datenverarbeiter fungieren, einschlie\u00dflich Backend-Dienste, Analysen und Push-Benachrichtigungen. Alle diese Anbieter unterliegen Vertr\u00e4gen gem\u00e4\u00df Artikel 28 der DSGVO. <br> <\/p>\t\t\t\t\t\t\t\t<\/div>\n\t\t\t\t<\/div>\n\t\t\t\t\t<\/div>\n\t\t\t\t<\/div>\n\t\t<div class=\"elementor-element elementor-element-c10d2c0 e-flex e-con-boxed e-con e-parent\" data-id=\"c10d2c0\" data-element_type=\"container\" data-e-type=\"container\">\n\t\t\t\t\t<div class=\"e-con-inner\">\n\t\t\t\t<div class=\"elementor-element elementor-element-a423c37 elementor-widget elementor-widget-html\" data-id=\"a423c37\" data-element_type=\"widget\" data-e-type=\"widget\" data-widget_type=\"html.default\">\n\t\t\t\t<div class=\"elementor-widget-container\">\n\t\t\t\t\tBergstrom beteiligt sich an allen Vorgaben und Richtlinien des IAB Europe Transparency &amp; Consent Framework und h\u00e4lt diese ein. Das Unternehmen nutzt die Consent Management Platform Nr. 92. <br><br>\nSie k\u00f6nnen Ihre Auswahl jederzeit \u00e4ndern, indem <a href=\"javascript:Sddan.cmp.displayUI()\">Sie hier klicken.<\/a>\t\t\t\t<\/div>\n\t\t\t\t<\/div>\n\t\t\t\t\t<\/div>\n\t\t\t\t<\/div>\n\t\t\t\t<\/div>\n\t\t","protected":false},"excerpt":{"rendered":"<p>App-Datenschutzrichtlinie Datenschutzrichtlinie \u2013 Mobile App DATENSCHUTZERKL\u00c4RUNG F\u00dcR MOBILE ANWENDUNGEN (APPS) Letzte Aktualisierung: 09.07.2025 IDENTIFIZIERUNG DES DATENVERANTWORTLICHEN. Dirna Bergstrom, S.L., mit [&hellip;]<\/p>\n","protected":false},"author":10,"featured_media":0,"parent":0,"menu_order":0,"comment_status":"closed","ping_status":"closed","template":"","meta":{"content-type":"","inline_featured_image":false,"site-sidebar-layout":"no-sidebar","site-content-layout":"","ast-site-content-layout":"full-width-container","site-content-style":"default","site-sidebar-style":"default","ast-global-header-display":"","ast-banner-title-visibility":"","ast-main-header-display":"","ast-hfb-above-header-display":"","ast-hfb-below-header-display":"","ast-hfb-mobile-header-display":"","site-post-title":"disabled","ast-breadcrumbs-content":"","ast-featured-img":"disabled","footer-sml-layout":"","ast-disable-related-posts":"","theme-transparent-header-meta":"","adv-header-id-meta":"","stick-header-meta":"","header-above-stick-meta":"","header-main-stick-meta":"","header-below-stick-meta":"","astra-migrate-meta-layouts":"default","ast-page-background-enabled":"default","ast-page-background-meta":{"desktop":{"background-color":"var(--ast-global-color-4)","background-image":"","background-repeat":"repeat","background-position":"center center","background-size":"auto","background-attachment":"scroll","background-type":"","background-media":"","overlay-type":"","overlay-color":"","overlay-opacity":"","overlay-gradient":""},"tablet":{"background-color":"","background-image":"","background-repeat":"repeat","background-position":"center center","background-size":"auto","background-attachment":"scroll","background-type":"","background-media":"","overlay-type":"","overlay-color":"","overlay-opacity":"","overlay-gradient":""},"mobile":{"background-color":"","background-image":"","background-repeat":"repeat","background-position":"center center","background-size":"auto","background-attachment":"scroll","background-type":"","background-media":"","overlay-type":"","overlay-color":"","overlay-opacity":"","overlay-gradient":""}},"ast-content-background-meta":{"desktop":{"background-color":"var(--ast-global-color-5)","background-image":"","background-repeat":"repeat","background-position":"center center","background-size":"auto","background-attachment":"scroll","background-type":"","background-media":"","overlay-type":"","overlay-color":"","overlay-opacity":"","overlay-gradient":""},"tablet":{"background-color":"var(--ast-global-color-5)","background-image":"","background-repeat":"repeat","background-position":"center center","background-size":"auto","background-attachment":"scroll","background-type":"","background-media":"","overlay-type":"","overlay-color":"","overlay-opacity":"","overlay-gradient":""},"mobile":{"background-color":"var(--ast-global-color-5)","background-image":"","background-repeat":"repeat","background-position":"center center","background-size":"auto","background-attachment":"scroll","background-type":"","background-media":"","overlay-type":"","overlay-color":"","overlay-opacity":"","overlay-gradient":""}},"footnotes":""},"class_list":["post-8844","page","type-page","status-publish","hentry"],"_links":{"self":[{"href":"https:\/\/bergstromcaravaning.com\/de\/wp-json\/wp\/v2\/pages\/8844","targetHints":{"allow":["GET"]}}],"collection":[{"href":"https:\/\/bergstromcaravaning.com\/de\/wp-json\/wp\/v2\/pages"}],"about":[{"href":"https:\/\/bergstromcaravaning.com\/de\/wp-json\/wp\/v2\/types\/page"}],"author":[{"embeddable":true,"href":"https:\/\/bergstromcaravaning.com\/de\/wp-json\/wp\/v2\/users\/10"}],"replies":[{"embeddable":true,"href":"https:\/\/bergstromcaravaning.com\/de\/wp-json\/wp\/v2\/comments?post=8844"}],"version-history":[{"count":3,"href":"https:\/\/bergstromcaravaning.com\/de\/wp-json\/wp\/v2\/pages\/8844\/revisions"}],"predecessor-version":[{"id":10057,"href":"https:\/\/bergstromcaravaning.com\/de\/wp-json\/wp\/v2\/pages\/8844\/revisions\/10057"}],"wp:attachment":[{"href":"https:\/\/bergstromcaravaning.com\/de\/wp-json\/wp\/v2\/media?parent=8844"}],"curies":[{"name":"wp","href":"https:\/\/api.w.org\/{rel}","templated":true}]}}