{"id":9343,"date":"2025-08-28T13:06:26","date_gmt":"2025-08-28T11:06:26","guid":{"rendered":"https:\/\/bergstromcaravaning.com\/allgemeine-verkaufsbedingungen\/"},"modified":"2025-12-10T11:44:54","modified_gmt":"2025-12-10T10:44:54","slug":"allgemeine-verkaufsbedingungen","status":"publish","type":"page","link":"https:\/\/bergstromcaravaning.com\/de\/allgemeine-verkaufsbedingungen\/","title":{"rendered":"ALLGEMEINE VERKAUFSBEDINGUNGEN"},"content":{"rendered":"\t\t<div data-elementor-type=\"wp-page\" data-elementor-id=\"9343\" class=\"elementor elementor-9343 elementor-9332\" data-elementor-post-type=\"page\">\n\t\t\t\t<div class=\"elementor-element elementor-element-9fdf1b8 e-flex e-con-boxed e-con e-parent\" data-id=\"9fdf1b8\" data-element_type=\"container\" data-e-type=\"container\" data-settings=\"{&quot;background_background&quot;:&quot;classic&quot;}\">\n\t\t\t\t\t<div class=\"e-con-inner\">\n\t\t\t\t<div class=\"elementor-element elementor-element-b22ea93 elementor-widget__width-initial elementor-widget elementor-widget-heading\" data-id=\"b22ea93\" data-element_type=\"widget\" data-e-type=\"widget\" data-widget_type=\"heading.default\">\n\t\t\t\t<div class=\"elementor-widget-container\">\n\t\t\t\t\t<h2 class=\"elementor-heading-title elementor-size-default\">Allgemeine Verkaufsbedingungen<\/h2>\t\t\t\t<\/div>\n\t\t\t\t<\/div>\n\t\t\t\t\t<\/div>\n\t\t\t\t<\/div>\n\t\t<div class=\"elementor-element elementor-element-bb05478 e-flex e-con-boxed e-con e-parent\" data-id=\"bb05478\" data-element_type=\"container\" data-e-type=\"container\" data-settings=\"{&quot;background_background&quot;:&quot;classic&quot;}\">\n\t\t\t\t\t<div class=\"e-con-inner\">\n\t\t\t\t<div class=\"elementor-element elementor-element-5f70f85 elementor-widget elementor-widget-text-editor\" data-id=\"5f70f85\" data-element_type=\"widget\" data-e-type=\"widget\" data-widget_type=\"text-editor.default\">\n\t\t\t\t<div class=\"elementor-widget-container\">\n\t\t\t\t\t\t\t\t\t<h4>\u00a0<\/h4><p><strong>GELTUNG<\/strong><\/p><p>Diese Allgemeinen Verkaufsbedingungen gelten f\u00fcr den Verkauf von Produkten oder Dienstleistungen, die von DIRNA BERGSTROM, S.L. (im folgenden DIRNA BERGSTROM) ausgef\u00fchrt wurden. Die Auftragserteilung seitens eines Kunden (im folgenden KUNDE) bedeutet die automatische Annahme dieser ALLGEMEINEN VERKAUFSBEDINGUNGEN ohne Vorbehalte.<\/p><p>Jede Abweichung von diesen ALLGEMEINEN VERKAUFSBEDINGUNGEN muss zwischen DIRNA BERGSTROM und dem KUNDEN schriftlich vereinbart werden.<\/p><p>\u00a0<\/p><p><strong>PREISE UND BESTELLUNGEN<\/strong><\/p><p>Die Preise, die in Dokumenten von DIRNA BERGSTROM wie Preislisten oder Angeboten ausgewiesen werden, enthalten keine Mehrwertsteuer.<\/p><p>Die in den Preislisten ausgewiesenen Preise k\u00f6nnen ohne vorherige Ank\u00fcndigung ge\u00e4ndert werden. DIRNA BERGSTROM wird \u00fcber jede \u00c4nderung in der k\u00fcrzest m\u00f6glichen Zeit informieren.<\/p><p>DIRNA BERGSTROM akzeptiert nur per E-Mail erhaltene Bestellungen.<\/p><p>\u00a0<\/p><p><strong>LIEFERBEDINGUNGEN<\/strong><\/p><p>Der Versand der Ware erfolgt Ex Works (EXW, entsprechend den INCOTERMS\u00ae 2020 der International Chamber of Commerce ICC). Dies bedeutet, dass DIRNA BERGSTROM dem KUNDEN die Ware im Werk von Alcal\u00e1 de Henares (Madrid, Spanien) zur Verf\u00fcgung stellt und dass alle Kosten und Risiken ab diesem Zeitpunkt zu Lasten des KUNDEN gehen. Dies gilt auch, wenn DIRNA BERGSTROM den Transport organisiert und die Transportkosten in der Rechnung einschlie\u00dft, sofern nicht ausdr\u00fccklich etwas anderes vereinbart wurde.<\/p><p>Die Ware wird nur versichert, wenn dies schriftlich gefordert wird.<\/p><p>Der KUNDE muss die Sch\u00e4den am Produkt und\/oder Verpackung, Verluste oder Verz\u00f6gerungen beim Versand beim Spediteur reklamieren.<\/p><p>\u00a0<\/p><p><strong>ZAHLUNGSBEDINGUNGEN<\/strong><\/p><p>Sofern nicht ausdr\u00fccklich etwas anderes vereinbart wurde, erfolgt die Lieferung der Ware nach Zahlungseingang.<\/p><p>Um ein Kreditkonto bei DIRNA BERGSTROM zu er\u00f6ffnen, muss der KUNDE alle Daten im Formular KONTOER\u00d6FFNUNG ausf\u00fcllen, wodurch er seine Zustimmung zu diesen ALLGEMEINEN VERKAUFSBEDINGUNGEN erteilt.<\/p><p>DIRNA BERGSTROM beh\u00e4lt sich das Recht vor, die als angemessen erachteten Nachforschungen durchzuf\u00fchren, um die Zahlungsf\u00e4higkeit des KUNDEN festzustellen. Auf dieser Grundlage legt DIRNA BERGSTROM das maximale Ausfallrisiko f\u00fcr einen bestimmten Kunden fest. Sollte DIRNA BERGSTROM einem KUNDEN ein Kreditkonto gew\u00e4hren, ist die bevorzugte Zahlungsfrist 30 Tage ab Rechnungsdatum.<\/p><p>\u00a0<\/p><p>\u00a0<\/p><p><strong>\u00a0<\/strong><\/p><p><strong>ZAHLUNGSAUSF\u00c4LLE UND EIGENTUMSVORBEHALT<\/strong><\/p><p>Alle Zahlungsausf\u00e4lle haben automatisch die Aufhebung des Kredits f\u00fcr jegliche durchzuf\u00fchrenden Lieferungen oder Dienstleistungen zur Folge, unbeschadet der M\u00f6glichkeit rechtlicher Ma\u00dfnahmen, die DIRNA BERGSTROM einleiten kann. Bei Zahlungsverzug wird ein monatlicher Aufpreis von mindestens 1% erhoben.\u00a0Alle weiteren Kosten, die sich aus dem Zahlungsausfall ergeben, gehen zu Lasten des KUNDEN.<\/p><p>DIRNA BERGSTROM beh\u00e4lt das Eigentum der an den KUNDEN gelieferten Produkte bis zur vollst\u00e4ndigen Zahlung der entsprechenden Betr\u00e4ge und beh\u00e4lt sich das Recht vor, die Produkte im Falle eines Zahlungsausfalls bei der jeweiligen F\u00e4lligkeit wieder in Besitz zu nehmen. Die dadurch entstandenen Kosten gehen zu Lasten des KUNDEN.<\/p><p>\u00a0<\/p><p><strong>GEW\u00c4HRLEISTUNGEN<\/strong><\/p><p><strong>Gew\u00e4hrleistungsanspruch<\/strong><\/p><p>Die Garantie deckt Teile und Materialien ab, die nicht ordnungsgem\u00e4\u00df funktionieren oder Betriebsfehler aufweisen, und umfasst den Ersatz oder die Reparatur des als fehlerhaft anerkannten Teils gem\u00e4\u00df der Entscheidung von DIRNA BERGSTROM. Die Garantie deckt in keinem Fall die Fahrtkosten und die Gasbef\u00fcllungskosten ab. Sie umfasst nicht die Arbeitszeit f\u00fcr das Ersetzen der Teile, sofern nicht ausdr\u00fccklich darauf hingewiesen wird (siehe folgender Abschnitt).<\/p><p><strong>Garantiezeitraum und -Umfang je nach Produkttyp<\/strong><\/p><ol><li><strong>Klimaanlagen der Produktreihe PROFESSIONELL \u2013 F\u00dcR RUHEPAUSEN <\/strong>(Vorgef\u00fcllte elektrische Klimaanlagen, die als Standklimaanlagen benutzt werden f\u00fcr die Ruhezeiten des Fahrers in der Kabine bei stillstehendem Motor, mit Ausnahme von Split-Anlagen): <strong>24 Monate<\/strong> ab Ausstellungsdatum des Lieferscheins von DIRNA BERGSTROM. In diesem Fall deckt die Garantie auch die Arbeitszeit f\u00fcr den Teileersatz ab. Es gilt ausschlie\u00dflich die in der g\u00fcltigen Arbeitswertetabelle angegebene Reparaturzeit und der festgelegte Stundensatz. Nicht eingeschlossen sind Transport- und Fahrtkosten.<\/li><li><strong>Klimaanlagen der Produktreihe PROFESSIONELL \u2013 F\u00dcR DIE ARBEIT <\/strong>(Elektrische Klimaanlagen f\u00fcr Off-Road-Anwendungen und elektrische Split-Klimaanlagen): <strong>12 Monate<\/strong> ab Ausstellungsdatum des Lieferscheins von DIRNA BERGSTROM.<\/li><li><strong>Komponenten und Kits verschiedener Bestandteile von Klimaanlagen <\/strong>(zum Beispiel Verdampfer, Kondensatoren, Heizungen, Kits mit Verdampfern und Kondensatoren, Produkte der T-Linie): <strong>12 Monate<\/strong> ab Ausstellungsdatum des Lieferscheins von DIRNA BERGSTROM.<\/li><li><strong>Klimaanlagen der Produktreihe <\/strong><strong>CARAVANING <\/strong>(Vorgef\u00fcllte elektrische Klimaanlagen und Verdunsteranlagen, die f\u00fcr Wohnmobile vorgesehen sind): <strong>24 Monate <\/strong>ab Ausstellungsdatum des Lieferscheins von DIRNA BERGSTROM. In diesem Fall deckt die Garantie auch die Arbeitszeit f\u00fcr den Teileersatz ab. Es gilt ausschlie\u00dflich die in der g\u00fcltigen Arbeitswertetabelle angegebene Reparaturzeit und der festgelegte Stundensatz. Nicht eingeschlossen sind Transport- und Fahrtkosten.<\/li><li><strong>Ersatzteile und Verbinder: 90 Tage <\/strong>ab Ausstellungsdatum des Lieferscheins von DIRNA BERGSTROM.<\/li><\/ol><p>In allen F\u00e4llen unterliegt die Annahme der Garantie der Zustimmung durch den Technischen Kundendienst von DIRNA BERGSTROM.<\/p><p><strong>\u00a0<\/strong><\/p><p><strong>\u00a0<\/strong><\/p><p><strong>Gew\u00e4hrleistungsausschluss<\/strong><\/p><p>Die Garantie gilt nicht in folgenden F\u00e4llen:<\/p><ol><li>Unsachgem\u00e4\u00dfe Verwendung des Ger\u00e4ts. Insbesondere fallen nicht unter den Garantieschutz folgende Anwendungen (Aufz\u00e4hlung nicht exklusiv):<ol><li>Verwendung der Standklimaanlagen (Modelle wie z.B. Compact, SlimFIT, LITE, Dinamic) in Fahrzeugen, die au\u00dferhalb der Stra\u00dfen benutzt werden, wo die Ger\u00e4te Schwingungen, Schl\u00e4gen oder starken Neigungen ausgesetzt sind, wie zum Beispiel landwirtschaftliche Maschinen, Bau- oder Bergbaumaschinen und \u00e4hnliche.<\/li><li>Verwendung in salzhaltigen oder chemisch aggressiven Umgebungen.<\/li><li>Reinigung mit Hochdruckger\u00e4ten und\/oder Einsatz von Reinigungsmitteln.<\/li><\/ol><\/li><li>Umbauten oder Austausch an den Ger\u00e4ten ohne ausdr\u00fcckliche Genehmigung durch DIRNA BERGSTROM.<\/li><li>Installation, Bedienung oder Reparatur des Ger\u00e4ts oder dessen Komponenten durch nicht von DIRNA BERGSTROM autorisiertem Personal.<\/li><li>Sch\u00e4den an den Ger\u00e4ten oder ihren Teilen, die durch h\u00f6here Gewalt (einschlie\u00dflich Naturereignisse wie Feuer, Sturm, \u00dcberschwemmung usw.) und Unf\u00e4lle verursacht werden.<\/li><li>Fehlende Wartung sowie unsachgem\u00e4\u00dfe oder nachl\u00e4ssige Wartung.<\/li><li>Rein \u00e4sthetische Auswirkungen auf das Ger\u00e4t, die durch den Lauf der Zeit entstehen, ohne dass die Funktionalit\u00e4t beeintr\u00e4chtigt wird.<\/li><li>F\u00e4lle von Betrug oder T\u00e4uschung.<\/li><\/ol><p>Der Installateur\/Verk\u00e4ufer haftet gegen\u00fcber dem Kunden oder Benutzer daf\u00fcr, dass die Installation streng nach allen der Anlage beiliegenden Montageanleitungen durchgef\u00fchrt wurde und dass dem Benutzer der ausgef\u00fcllte Garantieschein und die Bedienungs- und Wartungsanleitung der Anlage ausgeh\u00e4ndigt wird.<\/p><p>Diese Garantie erstreckt sich ausschlie\u00dflich auf das Ger\u00e4t und dessen Teile und jeglicher Schadensersatz ist ausdr\u00fccklich ausgeschlossen.<\/p><p><strong>Garantiebedingungen f\u00fcr Reparaturen durch den Technischen Kundendienst<\/strong><\/p><p>F\u00fcr Reparaturen, die vom Technischen Kundendienst von DIRNA BERGSTROM durchgef\u00fchrt werden, gilt eine dreimonatige Garantie, die sowohl Arbeitskosten als auch Ersatzteile abdeckt. W\u00e4hrend dieser Zeit werden alle mit der Reparatur verbundenen M\u00e4ngel kostenlos behoben. Es gelten die Ausschl\u00fcsse der Produktgarantie.<\/p><p><strong>Geb\u00fchr f\u00fcr die Nichtannahme des Angebots<\/strong><\/p><p>Wenn der KUNDE den Kostenvoranschlag f\u00fcr die Reparatur nicht akzeptiert, wird eine Geb\u00fchr von 10 % vom Gesamtbetrag des erstellten Kostenvoranschlags erhoben, um die damit verbundenen Verwaltungs- und technischen Kosten abzudecken.<\/p><p><strong>Garantieablauf<\/strong><\/p><p>F\u00fcr die Abwicklung von Garantieteilen und R\u00fccksendungen wendet sich der KUNDE an den Technischen Kundendienst von DIRNA BERGSTROM, um die entsprechende Genehmigung f\u00fcr R\u00fccksendungen anzufordern. Der Kunde schickt das Teil, das Gegenstand der Reklamation ist, unbedingt frachtfrei an DIRNA BERGSTROM, c\/ Francisco Alonso 11A, 28806 Alcal\u00e1 de Henares (Spanien) und bringt die genannte Genehmigung f\u00fcr R\u00fccksendungen an einer sichtbaren Stelle an.<\/p><p>Es ist wichtig, dass der KUNDE vor dem Versand des Teils sicherstellt, dass er die Genehmigung f\u00fcr R\u00fccksendungen von DIRNA BERGSTROM erhalten hat. Zusammen mit dem Teil muss eine Fotokopie des Lieferscheins oder der Rechnung von DIRNA BERGSTROM und die Serien-Nummer des Ger\u00e4tes sowie eine Beschreibung des festgestellten Fehlers geschickt werden. Nachdem der Technische Kundendienst von DIRNA BERGSTROM die Garantie anerkannt hat, wird das Teil OHNE KOSTEN ersetzt. Hierbei kann es sich je nach Entscheidung des Technischen Kundendienstes von DIRNA BERGSTROM um dasselbe reparierte Teil oder ein neues Teil handeln. Falls Kosten f\u00fcr die Arbeitszeit vergolten werden, stellt DIRNA BERGSTROM eine entsprechende Gutschrift aus. Rechnungen vom KUNDEN f\u00fcr Arbeitszeiten werden nicht akzeptiert.<\/p><p><strong>\u00a0<\/strong><\/p><p><strong>R\u00dcCKSENDUNGEN<\/strong><\/p><p>Eine Materialr\u00fccksendung wird nur mit vorheriger schriftlicher Zustimmung durch DIRNA BERGSTROM akzeptiert. Der KUNDE muss das Formular \u201eGenehmigung f\u00fcr R\u00fccksendungen\u201c mit allen dazu ben\u00f6tigten Daten ausf\u00fcllen und das ausgedruckte Formular dem Versand beilegen. R\u00fccksendungen ohne dieses Formular werden nicht angenommen.<\/p><p>Auf keinen Fall wird der KUNDE eine Rechnung zu Lasten von DIRNA BERGSTROM ausstellen. Nach Akzeptanz der R\u00fccksendung wird eine entsprechende Gutschrift ausgestellt, wobei mindestens 10% des Materialwertes f\u00fcr \u00dcberpr\u00fcfung und Verpackung abgezogen werden.\u00a0<\/p><p>\u00a0<\/p><p><strong>GERICHTSSTAND<\/strong><\/p><p>Sowohl DIRNA BERGSTROM wie die KUNDEN unterliegen den Gerichten und Gerichtsh\u00f6fen der Stadt Madrid f\u00fcr die Schlichtung aller Streitigkeiten, die sich aus der Auslegung oder Erf\u00fcllung dieser Allgemeinen Verkaufsbedingungen oder der Lieferungen ergeben, welche auf der Grundlage dieser Bedingungen vollzogen wurden, und verzichten ausdr\u00fccklich auf ihren eigenen Gerichtsstand, wenn der hiervon abweicht.<\/p><p>Rev. 04 01\/09\/2026<\/p>\t\t\t\t\t\t\t\t<\/div>\n\t\t\t\t<\/div>\n\t\t\t\t\t<\/div>\n\t\t\t\t<\/div>\n\t\t\t\t<\/div>\n\t\t","protected":false},"excerpt":{"rendered":"<p>Allgemeine Verkaufsbedingungen \u00a0 GELTUNG Diese Allgemeinen Verkaufsbedingungen gelten f\u00fcr den Verkauf von Produkten oder Dienstleistungen, die von DIRNA BERGSTROM, S.L. [&hellip;]<\/p>\n","protected":false},"author":10,"featured_media":0,"parent":0,"menu_order":0,"comment_status":"closed","ping_status":"closed","template":"","meta":{"content-type":"","inline_featured_image":false,"site-sidebar-layout":"no-sidebar","site-content-layout":"","ast-site-content-layout":"full-width-container","site-content-style":"default","site-sidebar-style":"default","ast-global-header-display":"","ast-banner-title-visibility":"","ast-main-header-display":"","ast-hfb-above-header-display":"","ast-hfb-below-header-display":"","ast-hfb-mobile-header-display":"","site-post-title":"","ast-breadcrumbs-content":"","ast-featured-img":"disabled","footer-sml-layout":"","ast-disable-related-posts":"","theme-transparent-header-meta":"","adv-header-id-meta":"","stick-header-meta":"","header-above-stick-meta":"","header-main-stick-meta":"","header-below-stick-meta":"","astra-migrate-meta-layouts":"default","ast-page-background-enabled":"default","ast-page-background-meta":{"desktop":{"background-color":"var(--ast-global-color-4)","background-image":"","background-repeat":"repeat","background-position":"center center","background-size":"auto","background-attachment":"scroll","background-type":"","background-media":"","overlay-type":"","overlay-color":"","overlay-opacity":"","overlay-gradient":""},"tablet":{"background-color":"","background-image":"","background-repeat":"repeat","background-position":"center center","background-size":"auto","background-attachment":"scroll","background-type":"","background-media":"","overlay-type":"","overlay-color":"","overlay-opacity":"","overlay-gradient":""},"mobile":{"background-color":"","background-image":"","background-repeat":"repeat","background-position":"center center","background-size":"auto","background-attachment":"scroll","background-type":"","background-media":"","overlay-type":"","overlay-color":"","overlay-opacity":"","overlay-gradient":""}},"ast-content-background-meta":{"desktop":{"background-color":"var(--ast-global-color-5)","background-image":"","background-repeat":"repeat","background-position":"center center","background-size":"auto","background-attachment":"scroll","background-type":"","background-media":"","overlay-type":"","overlay-color":"","overlay-opacity":"","overlay-gradient":""},"tablet":{"background-color":"var(--ast-global-color-5)","background-image":"","background-repeat":"repeat","background-position":"center center","background-size":"auto","background-attachment":"scroll","background-type":"","background-media":"","overlay-type":"","overlay-color":"","overlay-opacity":"","overlay-gradient":""},"mobile":{"background-color":"var(--ast-global-color-5)","background-image":"","background-repeat":"repeat","background-position":"center center","background-size":"auto","background-attachment":"scroll","background-type":"","background-media":"","overlay-type":"","overlay-color":"","overlay-opacity":"","overlay-gradient":""}},"footnotes":""},"class_list":["post-9343","page","type-page","status-publish","hentry"],"_links":{"self":[{"href":"https:\/\/bergstromcaravaning.com\/de\/wp-json\/wp\/v2\/pages\/9343","targetHints":{"allow":["GET"]}}],"collection":[{"href":"https:\/\/bergstromcaravaning.com\/de\/wp-json\/wp\/v2\/pages"}],"about":[{"href":"https:\/\/bergstromcaravaning.com\/de\/wp-json\/wp\/v2\/types\/page"}],"author":[{"embeddable":true,"href":"https:\/\/bergstromcaravaning.com\/de\/wp-json\/wp\/v2\/users\/10"}],"replies":[{"embeddable":true,"href":"https:\/\/bergstromcaravaning.com\/de\/wp-json\/wp\/v2\/comments?post=9343"}],"version-history":[{"count":10,"href":"https:\/\/bergstromcaravaning.com\/de\/wp-json\/wp\/v2\/pages\/9343\/revisions"}],"predecessor-version":[{"id":11049,"href":"https:\/\/bergstromcaravaning.com\/de\/wp-json\/wp\/v2\/pages\/9343\/revisions\/11049"}],"wp:attachment":[{"href":"https:\/\/bergstromcaravaning.com\/de\/wp-json\/wp\/v2\/media?parent=9343"}],"curies":[{"name":"wp","href":"https:\/\/api.w.org\/{rel}","templated":true}]}}