{"id":10089,"date":"2025-10-06T09:06:48","date_gmt":"2025-10-06T07:06:48","guid":{"rendered":"https:\/\/bergstromcaravaning.com\/conditions-generales-dachat-pour-les-fournisseurs\/"},"modified":"2025-10-06T10:01:37","modified_gmt":"2025-10-06T08:01:37","slug":"conditions-generales-dachat-pour-les-fournisseurs","status":"publish","type":"page","link":"https:\/\/bergstromcaravaning.com\/fr\/conditions-generales-dachat-pour-les-fournisseurs\/","title":{"rendered":"Conditions g\u00e9n\u00e9rales d&rsquo;achat pour les fournisseurs"},"content":{"rendered":"\t\t<div data-elementor-type=\"wp-page\" data-elementor-id=\"10089\" class=\"elementor elementor-10089 elementor-10077\" data-elementor-post-type=\"page\">\n\t\t\t\t<div class=\"elementor-element elementor-element-23eaaa2 e-flex e-con-boxed e-con e-parent\" data-id=\"23eaaa2\" data-element_type=\"container\" data-e-type=\"container\" data-settings=\"{&quot;background_background&quot;:&quot;classic&quot;}\">\n\t\t\t\t\t<div class=\"e-con-inner\">\n\t\t\t\t<div class=\"elementor-element elementor-element-3048861 elementor-widget__width-initial elementor-widget elementor-widget-heading\" data-id=\"3048861\" data-element_type=\"widget\" data-e-type=\"widget\" data-widget_type=\"heading.default\">\n\t\t\t\t<div class=\"elementor-widget-container\">\n\t\t\t\t\t<h2 class=\"elementor-heading-title elementor-size-default\">conditions g\u00e9n\u00e9rales d'achat pour les fournisseurs<\/h2>\t\t\t\t<\/div>\n\t\t\t\t<\/div>\n\t\t\t\t\t<\/div>\n\t\t\t\t<\/div>\n\t\t<div class=\"elementor-element elementor-element-e939125 e-flex e-con-boxed e-con e-parent\" data-id=\"e939125\" data-element_type=\"container\" data-e-type=\"container\">\n\t\t\t\t\t<div class=\"e-con-inner\">\n\t\t\t\t<div class=\"elementor-element elementor-element-7306886 elementor-widget elementor-widget-text-editor\" data-id=\"7306886\" data-element_type=\"widget\" data-e-type=\"widget\" data-widget_type=\"text-editor.default\">\n\t\t\t\t<div class=\"elementor-widget-container\">\n\t\t\t\t\t\t\t\t\t<h4> <\/h4><p><strong>BON DE COMMANDE<\/strong><\/p><ul><li>La commande est personnelle et non transf\u00e9rable.<\/li><li>Toute exigence contraire \u00e0 nos conditions d&rsquo;achat doit \u00eatre accept\u00e9e par DIRNA-BERGSTROM S.L.<\/li><li>D\u00e8s r\u00e9ception de la commande, le fournisseur enverra la confirmation de commande dans un d\u00e9lai ne d\u00e9passant pas deux jours \u00e0 compter de la date de la commande.<\/li><li>Aucune modification de livraison ne sera accept\u00e9e sauf acceptation pr\u00e9alable par \u00e9crit.<\/li><li>Le fournisseur doit signaler imm\u00e9diatement tout incident emp\u00eachant l\u2019ex\u00e9cution de la commande.<\/li><li>Le fournisseur s&rsquo;engage \u00e0 fournir et\/ou \u00e0 ex\u00e9cuter la fabrication contractuelle conform\u00e9ment aux sp\u00e9cifications des plans, des normes et du bon de commande. Aucune modification ne sera valable sans l&rsquo;accord \u00e9crit pr\u00e9alable de DIRNA-BERGSTROM S.L. <\/li><\/ul><p><strong>LIVRAISONS<\/strong><\/p><ul><li>Les livraisons doivent \u00eatre effectu\u00e9es uniquement \u00e0 l&rsquo;adresse indiqu\u00e9e dans la commande.<\/li><li>Les mat\u00e9riaux livr\u00e9s doivent \u00eatre conformes aux exigences l\u00e9gales et r\u00e9glementaires \u00e9tablies par la l\u00e9gislation en vigueur.<\/li><li>Le fournisseur s&rsquo;engage \u00e0 respecter la date de livraison convenue. Tout retard autorisera DIRNA-BERGSTROM S.L. \u00e0 annuler la commande, sans aucune responsabilit\u00e9. <\/li><li>En cas d&rsquo;acceptation de la livraison, la date d&rsquo;\u00e9ch\u00e9ance de la facture incluant le bon de livraison sera report\u00e9e de 10 jours par jour de retard.<\/li><li>Les livraisons anticip\u00e9es non express\u00e9ment demand\u00e9es donneront droit \u00e0 DIRNA-BERGSTROM S.L. \u00e0 un retard de comptabilit\u00e9.<\/li><li>Les marchandises doivent toujours \u00eatre exp\u00e9di\u00e9es en port pay\u00e9 aux risques et p\u00e9rils du fournisseur, sauf indication expresse dans la commande.<\/li><li>Les bons de livraison indiqueront :<ul><li style=\"list-style-type: none;\"><ul><li>Num\u00e9ro de commande<\/li><li>Code et description du produit DIRNA-BERGSTROM S.L.<\/li><li>prix unitaire et valorisation totale du bon de livraison.<\/li><\/ul><\/li><\/ul><\/li><li>Apr\u00e8s que DIRNA-BERGSTROM S.L. ait valid\u00e9 les conditions d&#8217;emballage d&rsquo;un produit, toute modification non demand\u00e9e et approuv\u00e9e au pr\u00e9alable par DIRNA-BERGSTROM S.L. entra\u00eenera le rejet de la marchandise. <\/li><\/ul><p><strong>INSPECTION<\/strong><\/p><ul><li>Le fournisseur permettra l&rsquo;acc\u00e8s \u00e0 ses installations pour inspection par DIRNA-BERGSTROM S.L.<\/li><li>La v\u00e9rification par DIRNA-BERGSTROM S.L. n&rsquo;exon\u00e8re pas le fournisseur de sa responsabilit\u00e9 de livrer des produits acceptables.<\/li><li>Les mat\u00e9riaux refus\u00e9s en raison de diff\u00e9rences de qualit\u00e9, de quantit\u00e9 ou de d\u00e9lai de livraison seront retourn\u00e9s sans pr\u00e9avis et tous les frais d&rsquo;exp\u00e9dition seront \u00e0 la charge du fournisseur.<\/li><li>Apr\u00e8s l&rsquo;approbation par DIRNA.BERGSTROM S.L. des \u00e9chantillons initiaux de chaque produit, toute modification du mat\u00e9riau, du poids, de la finition de surface, de la g\u00e9om\u00e9trie ou de l&rsquo;apparence non demand\u00e9e au pr\u00e9alable et approuv\u00e9e par DIRNA.BERGSTROM S.L. constituera un motif de rejet de la marchandise.<\/li><\/ul><p><strong>ENGAGEMENT QUALIT\u00c9<\/strong><\/p><ul><li>L&rsquo;acceptation de la commande implique l&rsquo;engagement de respecter les conditions refl\u00e9t\u00e9es dans le Manuel des fournisseurs de DIRNA.BERGSTROM S.L.<\/li><\/ul><p>FACTURATION-<\/p><ul><li>Toutes les factures motiv\u00e9es par une commande doivent contenir le num\u00e9ro de commande de DINA-BERGSTROM S.L ainsi que le num\u00e9ro du bon de livraison.<\/li><li>Les factures, envoy\u00e9es en double exemplaire, doivent \u00eatre conformes \u00e0 la r\u00e9glementation en vigueur.<\/li><li>Chaque facture indiquera les modalit\u00e9s de paiement convenues au pr\u00e9alable.<\/li><\/ul><p><strong>MODE DE PAIEMENT<\/strong><\/p><ul><li>Le paiement sera effectu\u00e9 par l&rsquo;\u00e9mission d&rsquo;un \u00ab Billet \u00e0 Ordre \u00bb par notre soci\u00e9t\u00e9, que nous vous d\u00e9livrerons avec une lettre d&rsquo;accompagnement, indiquant \u00e0 quels num\u00e9ros de vos factures correspondent.<\/li><li>Les billets \u00e0 ordre seront \u00e9mis pour une dur\u00e9e de 60 jours, avec une \u00e9ch\u00e9ance fixe fix\u00e9e au 25 de chaque mois. Ils peuvent \u00eatre \u00e9mis un par facture ou contenir le montant de plusieurs factures \u00e9mises au cours du mois.<\/li><\/ul><p><span style=\"font-style: inherit;\"><b>NOTES DE CR\u00c9DIT<\/b><\/span><\/p><ul><li><span style=\"font-style: inherit; font-weight: inherit;\">Ils seront d\u00e9duits de la facture \u00e0 l&rsquo;origine de la demande de paiement par DIRNA-BERGSTROM S.L. <\/span><\/li><\/ul><p><span style=\"font-style: inherit;\"><b>DOCUMENTATION\/FOURNITURES<\/b><\/span><\/p><ul><li>PLANS\/OUTILS : Dans tous les cas, lesdits plans et outillages ne pourront \u00eatre utilis\u00e9s que pour l\u2019ex\u00e9cution de nos commandes.<\/li><li>Ils seront \u00e0 notre disposition \u00e0 tout moment et nous seront livr\u00e9s sur simple demande. <\/li><li>DIRNA-BERGSTROM S.L. se r\u00e9serve le droit de visiter et d&rsquo;inspecter la fabrication des pi\u00e8ces incluses dans la commande \u00e0 l&rsquo;adresse du fournisseur.<\/li><li>USTENSILES chez le fournisseur, sous r\u00e9serve d&rsquo;un contrat de d\u00e9p\u00f4t \u00e9tabli \u00e0 cet effet.<\/li><\/ul><p style=\"font-size: 16px; font-style: normal;\"><b>MARCHANDISES EN ENTREP\u00d4T<\/b><\/p><ul><li>Le d\u00e9tenteur des marchandises en stock s&rsquo;engage \u00e0 livrer ces marchandises \u00e0 DIRNA-BERGSTROM S.L. au moment requis et \u00e0 les utiliser uniquement pour la production des commandes demand\u00e9es par DIRNA-BERGSTROM S.L.<\/li><\/ul><p style=\"font-size: 16px; font-style: normal;\"><b>JURIDICTION<\/b><\/p><ul><li>En cas de d\u00e9saccord concernant l&rsquo;acceptation d&rsquo;une commande, qu&rsquo;il s&rsquo;agisse de questions de qualit\u00e9 ou de co\u00fbt, le litige sera r\u00e9solu en priorit\u00e9 lors d&rsquo;une r\u00e9union au si\u00e8ge social de DIRNA-BERGSTROM S.L. entre les responsables Qualit\u00e9 et Achats de DIRNA-BERGSTROM S.L. et le fournisseur. En cas de litige, les tribunaux d&rsquo;Alcal\u00e1 de Henares seront comp\u00e9tents, renon\u00e7ant \u00e0 toute autre juridiction ou domicile.<\/li><\/ul><p style=\"font-size: 16px; font-style: normal;\"><b>LOI SUR LA PROTECTION DES DONN\u00c9ES<\/b><\/p><ul><li>Conform\u00e9ment \u00e0 la loi organique 15\/1999 sur la protection des donn\u00e9es personnelles, nous vous informons que DIRNA-BERGSTROM S.L. est responsable d&rsquo;un fichier de donn\u00e9es personnelles, qui comprend les donn\u00e9es collect\u00e9es aupr\u00e8s des FOURNISSEURS, ainsi que les donn\u00e9es de leurs personnes de contact, y compris leur adresse e-mail, dont le but est de g\u00e9rer les relations commerciales avec vous, ainsi que la gestion comptable et financi\u00e8re qui en d\u00e9coule.<\/li><li>Il est n\u00e9cessaire que vous nous fournissiez toutes les informations demand\u00e9es, en garantissant qu&rsquo;elles sont vraies, exactes, compl\u00e8tes et \u00e0 jour, et que vous \u00eates autoris\u00e9 \u00e0 fournir \u00e0 DIRNA.BERGSTROM S.L. les informations de la ou des personnes de contact au sein de l&rsquo;entit\u00e9.<\/li><li>Nous vous informons que vos donn\u00e9es pourront \u00eatre transf\u00e9r\u00e9es aux autorit\u00e9s fiscales pour l&rsquo;accomplissement des obligations fiscales, ainsi qu&rsquo;aux institutions financi\u00e8res pour la gestion des encaissements et des paiements.<\/li><li>En nous fournissant les donn\u00e9es mentionn\u00e9es ci-dessus, vous consentez express\u00e9ment \u00e0 l&rsquo;utilisation, au traitement et \u00e0 la communication de celles-ci aux fins indiqu\u00e9es.<\/li><li>Si des changements ou des modifications interviennent dans l&rsquo;une des donn\u00e9es de notre base de donn\u00e9es, notamment celles relatives aux personnes de contact, vous devez nous en informer afin que nous puissions les mettre \u00e0 jour.<\/li><li>Pour exercer vos droits d&rsquo;acc\u00e8s, de rectification, de suppression ou d&rsquo;opposition, vous devez envoyer un courrier avec la r\u00e9f\u00e9rence \u00ab Protection des donn\u00e9es \u00bb, en sp\u00e9cifiant la demande correspondante et en joignant une photocopie de votre carte nationale d&rsquo;identit\u00e9, \u00e0 l&rsquo;adresse suivante : C\/ Francisco Alonso, 11A \u2013 28806 \u2013 Alcal\u00e1 de Henares (MADRID). <\/li><\/ul><p style=\"font-size: 16px; font-style: normal;\"><b>L&rsquo;ACCEPTATION DE LA COMMANDE IMPLIQUE L&rsquo;ENGAGEMENT DU FOURNISSEUR \u00c0 ACCEPTER LES PR\u00c9SENTES CONDITIONS<\/b><\/p><p>Pr\u00e9par\u00e9 par : Directeur des achats <\/p><p>Approuv\u00e9 : Directeur g\u00e9n\u00e9ral <\/p><p>F-7415 rev. 03<\/p>\t\t\t\t\t\t\t\t<\/div>\n\t\t\t\t<\/div>\n\t\t\t\t\t<\/div>\n\t\t\t\t<\/div>\n\t\t\t\t<\/div>\n\t\t","protected":false},"excerpt":{"rendered":"<p>conditions g\u00e9n\u00e9rales d&rsquo;achat pour les fournisseurs BON DE COMMANDE La commande est personnelle et non transf\u00e9rable. Toute exigence contraire \u00e0 [&hellip;]<\/p>\n","protected":false},"author":10,"featured_media":0,"parent":0,"menu_order":0,"comment_status":"closed","ping_status":"closed","template":"","meta":{"content-type":"","inline_featured_image":false,"site-sidebar-layout":"no-sidebar","site-content-layout":"","ast-site-content-layout":"full-width-container","site-content-style":"default","site-sidebar-style":"default","ast-global-header-display":"","ast-banner-title-visibility":"","ast-main-header-display":"","ast-hfb-above-header-display":"","ast-hfb-below-header-display":"","ast-hfb-mobile-header-display":"","site-post-title":"","ast-breadcrumbs-content":"","ast-featured-img":"disabled","footer-sml-layout":"","ast-disable-related-posts":"","theme-transparent-header-meta":"","adv-header-id-meta":"","stick-header-meta":"","header-above-stick-meta":"","header-main-stick-meta":"","header-below-stick-meta":"","astra-migrate-meta-layouts":"default","ast-page-background-enabled":"default","ast-page-background-meta":{"desktop":{"background-color":"var(--ast-global-color-4)","background-image":"","background-repeat":"repeat","background-position":"center center","background-size":"auto","background-attachment":"scroll","background-type":"","background-media":"","overlay-type":"","overlay-color":"","overlay-opacity":"","overlay-gradient":""},"tablet":{"background-color":"","background-image":"","background-repeat":"repeat","background-position":"center center","background-size":"auto","background-attachment":"scroll","background-type":"","background-media":"","overlay-type":"","overlay-color":"","overlay-opacity":"","overlay-gradient":""},"mobile":{"background-color":"","background-image":"","background-repeat":"repeat","background-position":"center center","background-size":"auto","background-attachment":"scroll","background-type":"","background-media":"","overlay-type":"","overlay-color":"","overlay-opacity":"","overlay-gradient":""}},"ast-content-background-meta":{"desktop":{"background-color":"var(--ast-global-color-5)","background-image":"","background-repeat":"repeat","background-position":"center center","background-size":"auto","background-attachment":"scroll","background-type":"","background-media":"","overlay-type":"","overlay-color":"","overlay-opacity":"","overlay-gradient":""},"tablet":{"background-color":"var(--ast-global-color-5)","background-image":"","background-repeat":"repeat","background-position":"center center","background-size":"auto","background-attachment":"scroll","background-type":"","background-media":"","overlay-type":"","overlay-color":"","overlay-opacity":"","overlay-gradient":""},"mobile":{"background-color":"var(--ast-global-color-5)","background-image":"","background-repeat":"repeat","background-position":"center center","background-size":"auto","background-attachment":"scroll","background-type":"","background-media":"","overlay-type":"","overlay-color":"","overlay-opacity":"","overlay-gradient":""}},"footnotes":""},"class_list":["post-10089","page","type-page","status-publish","hentry"],"_links":{"self":[{"href":"https:\/\/bergstromcaravaning.com\/fr\/wp-json\/wp\/v2\/pages\/10089","targetHints":{"allow":["GET"]}}],"collection":[{"href":"https:\/\/bergstromcaravaning.com\/fr\/wp-json\/wp\/v2\/pages"}],"about":[{"href":"https:\/\/bergstromcaravaning.com\/fr\/wp-json\/wp\/v2\/types\/page"}],"author":[{"embeddable":true,"href":"https:\/\/bergstromcaravaning.com\/fr\/wp-json\/wp\/v2\/users\/10"}],"replies":[{"embeddable":true,"href":"https:\/\/bergstromcaravaning.com\/fr\/wp-json\/wp\/v2\/comments?post=10089"}],"version-history":[{"count":1,"href":"https:\/\/bergstromcaravaning.com\/fr\/wp-json\/wp\/v2\/pages\/10089\/revisions"}],"predecessor-version":[{"id":10090,"href":"https:\/\/bergstromcaravaning.com\/fr\/wp-json\/wp\/v2\/pages\/10089\/revisions\/10090"}],"wp:attachment":[{"href":"https:\/\/bergstromcaravaning.com\/fr\/wp-json\/wp\/v2\/media?parent=10089"}],"curies":[{"name":"wp","href":"https:\/\/api.w.org\/{rel}","templated":true}]}}