{"id":3754,"date":"2024-04-25T11:36:07","date_gmt":"2024-04-25T09:36:07","guid":{"rendered":"https:\/\/bergstromcaravaning.com\/avis-juridique\/"},"modified":"2025-10-03T12:30:13","modified_gmt":"2025-10-03T10:30:13","slug":"avis-juridique","status":"publish","type":"page","link":"https:\/\/bergstromcaravaning.com\/fr\/avis-juridique\/","title":{"rendered":"Avis juridique"},"content":{"rendered":"\t\t<div data-elementor-type=\"wp-page\" data-elementor-id=\"3754\" class=\"elementor elementor-3754 elementor-776\" data-elementor-post-type=\"page\">\n\t\t\t\t<div class=\"elementor-element elementor-element-60ad08c9 e-flex e-con-boxed e-con e-parent\" data-id=\"60ad08c9\" data-element_type=\"container\" data-e-type=\"container\" data-settings=\"{&quot;background_background&quot;:&quot;classic&quot;}\">\n\t\t\t\t\t<div class=\"e-con-inner\">\n\t\t<div class=\"elementor-element elementor-element-633dd29c e-con-full e-flex e-con e-child\" data-id=\"633dd29c\" data-element_type=\"container\" data-e-type=\"container\">\n\t\t\t\t<div class=\"elementor-element elementor-element-3344abc8 elementor-widget__width-initial elementor-widget elementor-widget-heading\" data-id=\"3344abc8\" data-element_type=\"widget\" data-e-type=\"widget\" data-widget_type=\"heading.default\">\n\t\t\t\t<div class=\"elementor-widget-container\">\n\t\t\t\t\t<h1 class=\"elementor-heading-title elementor-size-default\">Avis juridique<\/h1>\t\t\t\t<\/div>\n\t\t\t\t<\/div>\n\t\t\t\t<\/div>\n\t\t\t\t\t<\/div>\n\t\t\t\t<\/div>\n\t\t<div class=\"elementor-element elementor-element-2f63f11e e-flex e-con-boxed e-con e-parent\" data-id=\"2f63f11e\" data-element_type=\"container\" data-e-type=\"container\" data-settings=\"{&quot;background_background&quot;:&quot;classic&quot;}\">\n\t\t\t\t\t<div class=\"e-con-inner\">\n\t\t\t\t<div class=\"elementor-element elementor-element-41d6bf00 elementor-widget elementor-widget-text-editor\" data-id=\"41d6bf00\" data-element_type=\"widget\" data-e-type=\"widget\" data-widget_type=\"text-editor.default\">\n\t\t\t\t<div class=\"elementor-widget-container\">\n\t\t\t\t\t\t\t\t\t<p><b>Dirna Bergstrom, S.L.<\/b>, titulaire du NIF\/CIF B86653995 et domicili\u00e9e Calle Francisco Alonso, 11 A \u2013 28806 Alcal\u00e1 de Henares, Madrid, d\u00e9cline toute responsabilit\u00e9 quant \u00e0 l&rsquo;utilisation incorrecte, inappropri\u00e9e ou illicite des informations figurant sur le site web bergstrominc.com\/es. Dans les limites fix\u00e9es par la loi, <strong>Dirna Bergstrom, S.L.<\/strong> d\u00e9cline toute responsabilit\u00e9 quant au manque de v\u00e9racit\u00e9, d&rsquo;int\u00e9grit\u00e9, de mise \u00e0 jour et d&rsquo;exactitude des donn\u00e9es ou informations contenues sur ses sites web.<\/p><p>Le contenu et l&rsquo;information n&rsquo;engagent pas Dirna Bergstrom, S.L. et ne constituent pas non plus des opinions, des conseils ou des avis juridiques de quelque nature que ce soit, car il s&rsquo;agit simplement d&rsquo;un service offert \u00e0 des fins d&rsquo;information et d&rsquo;information.<\/p><p>Le site Web <a href=\"https:\/\/bergstrominc.com\/es\">bergstrominc.com\/es<\/a> peut contenir des liens vers d&rsquo;autres sites Web tiers que <strong>Dirna Bergstrom, S.L<\/strong>. ne peut pas contr\u00f4ler. Par cons\u00e9quent, Dirna Bergstrom, S.L. ne peut assumer la responsabilit\u00e9 du contenu qui peut appara\u00eetre sur les sites Web de tiers.<\/p><p>Les textes, images, sons, animations, logiciels et autres contenus inclus dans ce site web sont la propri\u00e9t\u00e9 exclusive de <strong>Dirna Bergstrom, S.L.<\/strong> ou de ses conc\u00e9dants de licence. Toute transmission, distribution, transfert, reproduction, stockage ou communication publique, en tout ou en partie, doit faire l&rsquo;objet d&rsquo;une autorisation expresse de <strong>Dirna Bergstrom, S.L.<\/strong><\/p><p>De m\u00eame, pour acc\u00e9der \u00e0 certains des services que <strong>Dirna Bergstrom, S.L.<\/strong> offerts par le biais du site web devront fournir certaines donn\u00e9es personnelles.<\/p><p>Conform\u00e9ment aux dispositions du R\u00e8glement (UE) 2016\/679 du Parlement europ\u00e9en et du Conseil du 27 avril 2016 relatif \u00e0 la protection des personnes physiques \u00e0 l&rsquo;\u00e9gard du traitement des donn\u00e9es \u00e0 caract\u00e8re personnel et \u00e0 la libre circulation de ces donn\u00e9es, nous vous informons qu&rsquo;en remplissant ces formulaires, vos donn\u00e9es personnelles seront incorpor\u00e9es et trait\u00e9es dans les fichiers de<b> Dirna Bergstrom, S.L. <\/b>afin de pouvoir fournir et offrir nos services et de vous informer des am\u00e9liorations apport\u00e9es au Site Web.<\/p><p>Nous vous informons \u00e9galement de la possibilit\u00e9 d&rsquo;exercer vos droits d&rsquo;acc\u00e8s, de rectification, d&rsquo;annulation et d&rsquo;opposition de vos donn\u00e9es personnelles, gratuitement par courrier \u00e9lectronique \u00e0 <a href=\"mailto:rgpd@dirna.bergstrominc.com\">rgpd@dirna.bergstrominc.com<\/a> ou \u00e0 <b>Dirna Bergstrom, S.L. Calle Francisco Alonso, 11 A \u2013 28806 \u2013 Alcal\u00e1 de Henares, Madrid, Espagne.<\/b><\/p>\t\t\t\t\t\t\t\t<\/div>\n\t\t\t\t<\/div>\n\t\t\t\t\t<\/div>\n\t\t\t\t<\/div>\n\t\t\t\t<\/div>\n\t\t","protected":false},"excerpt":{"rendered":"<p>Dirna Bergstrom, S.L., titulaire du NIF\/CIF B86653995 et domicili\u00e9e Calle Francisco Alonso, 11 A \u2013 28806 Alcal\u00e1 de Henares, Madrid, [&hellip;]<\/p>\n","protected":false},"author":10,"featured_media":0,"parent":0,"menu_order":0,"comment_status":"closed","ping_status":"closed","template":"","meta":{"content-type":"","inline_featured_image":false,"site-sidebar-layout":"no-sidebar","site-content-layout":"","ast-site-content-layout":"full-width-container","site-content-style":"default","site-sidebar-style":"default","ast-global-header-display":"","ast-banner-title-visibility":"","ast-main-header-display":"","ast-hfb-above-header-display":"","ast-hfb-below-header-display":"","ast-hfb-mobile-header-display":"","site-post-title":"disabled","ast-breadcrumbs-content":"","ast-featured-img":"disabled","footer-sml-layout":"","ast-disable-related-posts":"","theme-transparent-header-meta":"","adv-header-id-meta":"","stick-header-meta":"","header-above-stick-meta":"","header-main-stick-meta":"","header-below-stick-meta":"","astra-migrate-meta-layouts":"default","ast-page-background-enabled":"default","ast-page-background-meta":{"desktop":{"background-color":"var(--ast-global-color-4)","background-image":"","background-repeat":"repeat","background-position":"center center","background-size":"auto","background-attachment":"scroll","background-type":"","background-media":"","overlay-type":"","overlay-color":"","overlay-opacity":"","overlay-gradient":""},"tablet":{"background-color":"","background-image":"","background-repeat":"repeat","background-position":"center center","background-size":"auto","background-attachment":"scroll","background-type":"","background-media":"","overlay-type":"","overlay-color":"","overlay-opacity":"","overlay-gradient":""},"mobile":{"background-color":"","background-image":"","background-repeat":"repeat","background-position":"center center","background-size":"auto","background-attachment":"scroll","background-type":"","background-media":"","overlay-type":"","overlay-color":"","overlay-opacity":"","overlay-gradient":""}},"ast-content-background-meta":{"desktop":{"background-color":"var(--ast-global-color-5)","background-image":"","background-repeat":"repeat","background-position":"center center","background-size":"auto","background-attachment":"scroll","background-type":"","background-media":"","overlay-type":"","overlay-color":"","overlay-opacity":"","overlay-gradient":""},"tablet":{"background-color":"var(--ast-global-color-5)","background-image":"","background-repeat":"repeat","background-position":"center center","background-size":"auto","background-attachment":"scroll","background-type":"","background-media":"","overlay-type":"","overlay-color":"","overlay-opacity":"","overlay-gradient":""},"mobile":{"background-color":"var(--ast-global-color-5)","background-image":"","background-repeat":"repeat","background-position":"center center","background-size":"auto","background-attachment":"scroll","background-type":"","background-media":"","overlay-type":"","overlay-color":"","overlay-opacity":"","overlay-gradient":""}},"footnotes":""},"class_list":["post-3754","page","type-page","status-publish","hentry"],"_links":{"self":[{"href":"https:\/\/bergstromcaravaning.com\/fr\/wp-json\/wp\/v2\/pages\/3754","targetHints":{"allow":["GET"]}}],"collection":[{"href":"https:\/\/bergstromcaravaning.com\/fr\/wp-json\/wp\/v2\/pages"}],"about":[{"href":"https:\/\/bergstromcaravaning.com\/fr\/wp-json\/wp\/v2\/types\/page"}],"author":[{"embeddable":true,"href":"https:\/\/bergstromcaravaning.com\/fr\/wp-json\/wp\/v2\/users\/10"}],"replies":[{"embeddable":true,"href":"https:\/\/bergstromcaravaning.com\/fr\/wp-json\/wp\/v2\/comments?post=3754"}],"version-history":[{"count":2,"href":"https:\/\/bergstromcaravaning.com\/fr\/wp-json\/wp\/v2\/pages\/3754\/revisions"}],"predecessor-version":[{"id":8625,"href":"https:\/\/bergstromcaravaning.com\/fr\/wp-json\/wp\/v2\/pages\/3754\/revisions\/8625"}],"wp:attachment":[{"href":"https:\/\/bergstromcaravaning.com\/fr\/wp-json\/wp\/v2\/media?parent=3754"}],"curies":[{"name":"wp","href":"https:\/\/api.w.org\/{rel}","templated":true}]}}