{"id":3762,"date":"2024-04-26T10:42:01","date_gmt":"2024-04-26T08:42:01","guid":{"rendered":"https:\/\/bergstromcaravaning.com\/politique-en-matiere-de-cookies\/"},"modified":"2025-10-03T12:43:42","modified_gmt":"2025-10-03T10:43:42","slug":"politique-en-matiere-de-cookies","status":"publish","type":"page","link":"https:\/\/bergstromcaravaning.com\/fr\/politique-en-matiere-de-cookies\/","title":{"rendered":"Politique en mati\u00e8re de cookies"},"content":{"rendered":"\t\t<div data-elementor-type=\"wp-page\" data-elementor-id=\"3762\" class=\"elementor elementor-3762 elementor-1033\" data-elementor-post-type=\"page\">\n\t\t\t\t<div class=\"elementor-element elementor-element-223cb11e e-flex e-con-boxed e-con e-parent\" data-id=\"223cb11e\" data-element_type=\"container\" data-e-type=\"container\" data-settings=\"{&quot;background_background&quot;:&quot;classic&quot;}\">\n\t\t\t\t\t<div class=\"e-con-inner\">\n\t\t<div class=\"elementor-element elementor-element-7ddf6ab3 e-con-full e-flex e-con e-child\" data-id=\"7ddf6ab3\" data-element_type=\"container\" data-e-type=\"container\">\n\t\t\t\t<div class=\"elementor-element elementor-element-40589fd7 elementor-widget__width-initial elementor-widget elementor-widget-heading\" data-id=\"40589fd7\" data-element_type=\"widget\" data-e-type=\"widget\" data-widget_type=\"heading.default\">\n\t\t\t\t<div class=\"elementor-widget-container\">\n\t\t\t\t\t<h1 class=\"elementor-heading-title elementor-size-default\">Politique en mati\u00e8re de cookies<\/h1>\t\t\t\t<\/div>\n\t\t\t\t<\/div>\n\t\t\t\t<\/div>\n\t\t\t\t\t<\/div>\n\t\t\t\t<\/div>\n\t\t<div class=\"elementor-element elementor-element-15333b7b e-flex e-con-boxed e-con e-parent\" data-id=\"15333b7b\" data-element_type=\"container\" data-e-type=\"container\" data-settings=\"{&quot;background_background&quot;:&quot;classic&quot;}\">\n\t\t\t\t\t<div class=\"e-con-inner\">\n\t\t\t\t<div class=\"elementor-element elementor-element-11ed7f07 elementor-widget elementor-widget-text-editor\" data-id=\"11ed7f07\" data-element_type=\"widget\" data-e-type=\"widget\" data-widget_type=\"text-editor.default\">\n\t\t\t\t<div class=\"elementor-widget-container\">\n\t\t\t\t\t\t\t\t\t<p>L&rsquo;acc\u00e8s \u00e0 ce site web peut impliquer l&rsquo;utilisation de cookies. Les cookies sont de petites quantit\u00e9s d&rsquo;informations qui sont stock\u00e9es dans le navigateur utilis\u00e9 par chaque utilisateur &#8211; dans les diff\u00e9rents dispositifs qu&rsquo;il peut utiliser pour naviguer &#8211; afin que le serveur se souvienne de certaines informations qui ne seront ensuite lues que par le serveur qui les a impl\u00e9ment\u00e9es. Les cookies facilitent la navigation, la rendent plus conviviale et n&rsquo;endommagent pas l&rsquo;appareil de navigation.<\/p><p>Les cookies sont des proc\u00e9dures automatiques de collecte d&rsquo;informations relatives aux pr\u00e9f\u00e9rences d\u00e9termin\u00e9es par l&rsquo;utilisateur lors de sa visite sur le site Web afin de le reconna\u00eetre en tant qu&rsquo;utilisateur et de personnaliser son exp\u00e9rience et son utilisation du site Web, et peuvent \u00e9galement, par exemple, aider \u00e0 identifier et \u00e0 r\u00e9soudre des erreurs.<\/p><p>Les informations collect\u00e9es par le biais des cookies peuvent inclure la date et l&rsquo;heure des visites sur le site web, les pages consult\u00e9es, le temps pass\u00e9 sur le site web et les sites visit\u00e9s juste avant et juste apr\u00e8s le site web. Toutefois, aucun cookie ne permet \u00e0 ce dernier de contacter le num\u00e9ro de t\u00e9l\u00e9phone de l&rsquo;utilisateur ou tout autre moyen de contact personnel. Aucun cookie ne peut extraire des informations du disque dur de l&rsquo;utilisateur ou voler des informations personnelles. Le seul moyen pour que les informations priv\u00e9es de l&rsquo;utilisateur fassent partie du fichier Cookie est que l&rsquo;utilisateur donne personnellement ces informations au serveur.<\/p><p>Les cookies qui permettent d&rsquo;identifier une personne sont consid\u00e9r\u00e9s comme des donn\u00e9es \u00e0 caract\u00e8re personnel. Par cons\u00e9quent, la politique de confidentialit\u00e9 d\u00e9crite ci-dessus s&rsquo;applique \u00e0 eux. En ce sens, le consentement de l&rsquo;utilisateur sera n\u00e9cessaire pour l&rsquo;utilisation de ces donn\u00e9es. Ce consentement est communiqu\u00e9, sur la base d&rsquo;un v\u00e9ritable choix, offert par une d\u00e9cision affirmative et positive, avant le traitement initial, amovible et document\u00e9.<\/p><div class=\"\"><h4>Vos propres biscuits<\/h4><p>Il s&rsquo;agit de cookies envoy\u00e9s \u00e0 l&rsquo;ordinateur ou \u00e0 l&rsquo;appareil de l&rsquo;utilisateur et g\u00e9r\u00e9s exclusivement par <span class=\"blanc-space ng-binding\">Dirna Bergstrom<\/span> pour le meilleur fonctionnement du site web. Les informations collect\u00e9es sont utilis\u00e9es pour am\u00e9liorer la qualit\u00e9 du site web et de son contenu ainsi que votre exp\u00e9rience en tant qu&rsquo;utilisateur. Ces cookies permettent de reconna\u00eetre l&rsquo;utilisateur en tant que visiteur r\u00e9gulier du site web et d&rsquo;adapter le contenu pour lui offrir un contenu adapt\u00e9 \u00e0 ses pr\u00e9f\u00e9rences.<\/p><\/div><div class=\"thirdCookies\"><h4>Cookies de tiers<\/h4><p>Il s&rsquo;agit de cookies utilis\u00e9s et g\u00e9r\u00e9s par des entit\u00e9s externes qui fournissent \u00e0 Dirna Bergstrom les services demand\u00e9s par cette derni\u00e8re pour am\u00e9liorer le site Web et l&rsquo;exp\u00e9rience de l&rsquo;utilisateur lors de la navigation sur le site Web. Les cookies de tiers sont principalement utilis\u00e9s pour obtenir des statistiques d&rsquo;acc\u00e8s et analyser les informations de navigation, c&rsquo;est-\u00e0-dire la mani\u00e8re dont l&rsquo;utilisateur interagit avec le site web.<\/p><p>Les informations obtenues se r\u00e9f\u00e8rent, par exemple, au nombre de pages visit\u00e9es, \u00e0 la langue, au lieu o\u00f9 se trouve l&rsquo;adresse IP \u00e0 partir de laquelle l&rsquo;utilisateur acc\u00e8de, au nombre d&rsquo;utilisateurs qui acc\u00e8dent, \u00e0 la fr\u00e9quence et \u00e0 la r\u00e9currence des visites, \u00e0 l&rsquo;heure de la visite, au navigateur utilis\u00e9, \u00e0 l&rsquo;op\u00e9rateur ou au type d&rsquo;appareil \u00e0 partir duquel la visite est effectu\u00e9e. Ces informations sont utilis\u00e9es pour am\u00e9liorer le site Web et pour d\u00e9tecter de nouveaux besoins afin d&rsquo;offrir aux utilisateurs un contenu et\/ou un service de la meilleure qualit\u00e9 possible. Dans tous les cas, les informations sont collect\u00e9es de mani\u00e8re anonyme et les rapports sur les tendances du site web sont compil\u00e9s sans identifier les utilisateurs individuels.<\/p><p>Vous pouvez obtenir plus d&rsquo;informations sur les cookies, les informations relatives \u00e0 la vie priv\u00e9e, ou consulter la description du type de cookies utilis\u00e9s, leurs principales caract\u00e9ristiques, leur p\u00e9riode d&rsquo;expiration, etc. sur le(s) lien(s) suivant(s) :<\/p><p><span style=\"font-style: inherit; font-weight: inherit; color: var( --e-global-color-text ); text-align: var(--text-align);\">La ou les entit\u00e9s responsables de la fourniture de cookies peuvent transf\u00e9rer ces informations \u00e0 des tiers, lorsque la loi l&rsquo;exige ou lorsqu&rsquo;un tiers traite ces informations pour ces entit\u00e9s.<\/span><\/p><\/div><div class=\"\"><h4>Cookies pour les m\u00e9dias sociaux<\/h4><p><span class=\"blanc-space ng-binding\">Dirna Bergstrom<\/span> int\u00e8gre des plugins de m\u00e9dias sociaux, qui permettent d&rsquo;acc\u00e9der aux r\u00e9seaux sociaux \u00e0 partir du site web. C&rsquo;est pourquoi des cookies de m\u00e9dias sociaux peuvent \u00eatre stock\u00e9s dans le navigateur de l&rsquo;utilisateur. Les propri\u00e9taires de ces r\u00e9seaux sociaux ont leurs propres politiques en mati\u00e8re de protection des donn\u00e9es et de cookies, \u00e9tant eux-m\u00eames, dans chaque cas, responsables de leurs propres fichiers et de leurs propres pratiques en mati\u00e8re de protection de la vie priv\u00e9e. L&rsquo;utilisateur doit s&rsquo;y r\u00e9f\u00e9rer pour en savoir plus sur ces cookies et, le cas \u00e9ch\u00e9ant, sur le traitement de ses donn\u00e9es personnelles. Les liens vers ces politiques de confidentialit\u00e9 et\/ou de cookies sont fournis ci-dessous \u00e0 titre d&rsquo;information uniquement :<\/p><ul><li>Facebook <a class=\"text-info\" href=\"https:\/\/www.facebook.com\/policies\/cookies\/\">: https:\/\/www.facebook.com\/policies\/cookies\/<\/a><\/li><li>Twitter <a class=\"text-info\" href=\"https:\/\/twitter.com\/es\/privacy\">: https:\/\/twitter.com\/es\/privacy<\/a><\/li><li>Instagram <a class=\"text-info\" href=\"https:\/\/help.instagram.com\/1896641480634370?ref=ig\">: https:\/\/help.instagram.com\/1896641480634370?ref=ig<\/a><\/li><li>YouTube <a class=\"text-info\" href=\"https:\/\/policies.google.com\/privacy?hl=es-419&amp;gl=mx\">: https:\/\/policies.google.com\/privacy?hl=es-419&amp;gl=mx<\/a><\/li><li>Pinterest <a class=\"text-info\" href=\"https:\/\/policy.pinterest.com\/es\/privacy-policy\">: https:\/\/policy.pinterest.com\/es\/privacy-policy<\/a><\/li><li>LinkedIn <a class=\"text-info\" href=\"https:\/\/www.linkedin.com\/legal\/cookie-policy?trk=hp-cookies\">: https:\/\/www.linkedin.com\/legal\/cookie-policy?trk=hp-cookies<\/a><\/li><\/ul><\/div><h4>D\u00e9sactiver, rejeter et supprimer les cookies<\/h4><p>L&rsquo;utilisateur peut d\u00e9sactiver, refuser et supprimer les cookies &#8211; totalement ou partiellement &#8211; install\u00e9s sur son appareil en configurant son navigateur (y compris, par exemple, Chrome, Firefox, Safari, Explorer). \u00c0 cet \u00e9gard, les proc\u00e9dures de refus et de suppression des cookies peuvent diff\u00e9rer d&rsquo;un navigateur Internet \u00e0 l&rsquo;autre. Par cons\u00e9quent, l&rsquo;utilisateur doit suivre les instructions fournies par le navigateur Internet qu&rsquo;il utilise. Si vous refusez l&rsquo;utilisation de cookies &#8211; en tout ou en partie &#8211; vous pouvez continuer \u00e0 utiliser le site web, bien que l&rsquo;utilisation de certaines de ses fonctions puisse \u00eatre limit\u00e9e.<\/p><p>Ce document de politique de cookies a \u00e9t\u00e9 cr\u00e9\u00e9 \u00e0 l&rsquo;aide du <a class=\"text-body text-decoration-none\" href=\"https:\/\/textos-legales.edgartamarit.com\/\">g\u00e9n\u00e9rateur de mod\u00e8les de politique de cookies Web <\/a>en ligne gratuit.<\/p>\t\t\t\t\t\t\t\t<\/div>\n\t\t\t\t<\/div>\n\t\t\t\t\t<\/div>\n\t\t\t\t<\/div>\n\t\t\t\t<\/div>\n\t\t","protected":false},"excerpt":{"rendered":"<p>L&rsquo;acc\u00e8s \u00e0 ce site web peut impliquer l&rsquo;utilisation de cookies. Les cookies sont de petites quantit\u00e9s d&rsquo;informations qui sont stock\u00e9es [&hellip;]<\/p>\n","protected":false},"author":10,"featured_media":0,"parent":0,"menu_order":0,"comment_status":"closed","ping_status":"closed","template":"","meta":{"content-type":"","inline_featured_image":false,"site-sidebar-layout":"no-sidebar","site-content-layout":"","ast-site-content-layout":"full-width-container","site-content-style":"default","site-sidebar-style":"default","ast-global-header-display":"","ast-banner-title-visibility":"","ast-main-header-display":"","ast-hfb-above-header-display":"","ast-hfb-below-header-display":"","ast-hfb-mobile-header-display":"","site-post-title":"disabled","ast-breadcrumbs-content":"","ast-featured-img":"disabled","footer-sml-layout":"","ast-disable-related-posts":"","theme-transparent-header-meta":"","adv-header-id-meta":"","stick-header-meta":"","header-above-stick-meta":"","header-main-stick-meta":"","header-below-stick-meta":"","astra-migrate-meta-layouts":"default","ast-page-background-enabled":"default","ast-page-background-meta":{"desktop":{"background-color":"var(--ast-global-color-4)","background-image":"","background-repeat":"repeat","background-position":"center center","background-size":"auto","background-attachment":"scroll","background-type":"","background-media":"","overlay-type":"","overlay-color":"","overlay-opacity":"","overlay-gradient":""},"tablet":{"background-color":"","background-image":"","background-repeat":"repeat","background-position":"center center","background-size":"auto","background-attachment":"scroll","background-type":"","background-media":"","overlay-type":"","overlay-color":"","overlay-opacity":"","overlay-gradient":""},"mobile":{"background-color":"","background-image":"","background-repeat":"repeat","background-position":"center center","background-size":"auto","background-attachment":"scroll","background-type":"","background-media":"","overlay-type":"","overlay-color":"","overlay-opacity":"","overlay-gradient":""}},"ast-content-background-meta":{"desktop":{"background-color":"var(--ast-global-color-5)","background-image":"","background-repeat":"repeat","background-position":"center center","background-size":"auto","background-attachment":"scroll","background-type":"","background-media":"","overlay-type":"","overlay-color":"","overlay-opacity":"","overlay-gradient":""},"tablet":{"background-color":"var(--ast-global-color-5)","background-image":"","background-repeat":"repeat","background-position":"center center","background-size":"auto","background-attachment":"scroll","background-type":"","background-media":"","overlay-type":"","overlay-color":"","overlay-opacity":"","overlay-gradient":""},"mobile":{"background-color":"var(--ast-global-color-5)","background-image":"","background-repeat":"repeat","background-position":"center center","background-size":"auto","background-attachment":"scroll","background-type":"","background-media":"","overlay-type":"","overlay-color":"","overlay-opacity":"","overlay-gradient":""}},"footnotes":""},"class_list":["post-3762","page","type-page","status-publish","hentry"],"_links":{"self":[{"href":"https:\/\/bergstromcaravaning.com\/fr\/wp-json\/wp\/v2\/pages\/3762","targetHints":{"allow":["GET"]}}],"collection":[{"href":"https:\/\/bergstromcaravaning.com\/fr\/wp-json\/wp\/v2\/pages"}],"about":[{"href":"https:\/\/bergstromcaravaning.com\/fr\/wp-json\/wp\/v2\/types\/page"}],"author":[{"embeddable":true,"href":"https:\/\/bergstromcaravaning.com\/fr\/wp-json\/wp\/v2\/users\/10"}],"replies":[{"embeddable":true,"href":"https:\/\/bergstromcaravaning.com\/fr\/wp-json\/wp\/v2\/comments?post=3762"}],"version-history":[{"count":2,"href":"https:\/\/bergstromcaravaning.com\/fr\/wp-json\/wp\/v2\/pages\/3762\/revisions"}],"predecessor-version":[{"id":10046,"href":"https:\/\/bergstromcaravaning.com\/fr\/wp-json\/wp\/v2\/pages\/3762\/revisions\/10046"}],"wp:attachment":[{"href":"https:\/\/bergstromcaravaning.com\/fr\/wp-json\/wp\/v2\/media?parent=3762"}],"curies":[{"name":"wp","href":"https:\/\/api.w.org\/{rel}","templated":true}]}}