{"id":4197,"date":"2024-04-26T10:49:53","date_gmt":"2024-04-26T08:49:53","guid":{"rendered":"https:\/\/bergstromcaravaning.com\/canal-de-plaintes\/"},"modified":"2025-10-03T12:32:34","modified_gmt":"2025-10-03T10:32:34","slug":"canal-de-plaintes","status":"publish","type":"page","link":"https:\/\/bergstromcaravaning.com\/fr\/canal-de-plaintes\/","title":{"rendered":"Canal de plaintes"},"content":{"rendered":"\t\t<div data-elementor-type=\"wp-page\" data-elementor-id=\"4197\" class=\"elementor elementor-4197 elementor-1078\" data-elementor-post-type=\"page\">\n\t\t\t\t<div class=\"elementor-element elementor-element-aeddf96 e-flex e-con-boxed e-con e-parent\" data-id=\"aeddf96\" data-element_type=\"container\" data-e-type=\"container\" data-settings=\"{&quot;background_background&quot;:&quot;classic&quot;}\">\n\t\t\t\t\t<div class=\"e-con-inner\">\n\t\t<div class=\"elementor-element elementor-element-5cc5775 e-con-full e-flex e-con e-child\" data-id=\"5cc5775\" data-element_type=\"container\" data-e-type=\"container\">\n\t\t\t\t<div class=\"elementor-element elementor-element-a80a30b elementor-widget__width-initial elementor-widget elementor-widget-heading\" data-id=\"a80a30b\" data-element_type=\"widget\" data-e-type=\"widget\" data-widget_type=\"heading.default\">\n\t\t\t\t<div class=\"elementor-widget-container\">\n\t\t\t\t\t<h1 class=\"elementor-heading-title elementor-size-default\">Canal de plaintes<\/h1>\t\t\t\t<\/div>\n\t\t\t\t<\/div>\n\t\t\t\t<\/div>\n\t\t\t\t\t<\/div>\n\t\t\t\t<\/div>\n\t\t<div class=\"elementor-element elementor-element-f2ea3e5 e-flex e-con-boxed e-con e-parent\" data-id=\"f2ea3e5\" data-element_type=\"container\" data-e-type=\"container\" data-settings=\"{&quot;background_background&quot;:&quot;classic&quot;}\">\n\t\t\t\t\t<div class=\"e-con-inner\">\n\t\t\t\t<div class=\"elementor-element elementor-element-737839e elementor-widget elementor-widget-text-editor\" data-id=\"737839e\" data-element_type=\"widget\" data-e-type=\"widget\" data-widget_type=\"text-editor.default\">\n\t\t\t\t<div class=\"elementor-widget-container\">\n\t\t\t\t\t\t\t\t\t<h4>INFORMATIONS G\u00c9N\u00c9RALES<\/h4><div> <\/div><p>La propri\u00e9t\u00e9 de ce site web, bergstrominc.com\/es, ci-apr\u00e8s d\u00e9nomm\u00e9 \u00ab site web \u00bb, est d\u00e9tenue par Dirna Bergstrom S.L. avec le num\u00e9ro d&rsquo;identification fiscale ES-B86653995, inscrite au Registre du Commerce de Madrid, Tome 30.723, Huiti\u00e8me Section, Page M-552.885, Premier Registre, et dont les coordonn\u00e9es sont les suivantes : Calle Francisco Alonso, 11 A &#8211; 28806 Alcal\u00e1 de Henares.<\/p><p>Le pr\u00e9sent document (et tout autre document auquel il est fait r\u00e9f\u00e9rence) r\u00e9git les conditions d&rsquo;utilisation de ce site web et l&rsquo;achat ou l&rsquo;acquisition de produits et\/ou de services sur ce site web (ci-apr\u00e8s d\u00e9nomm\u00e9s les \u00ab\u00a0Conditions\u00a0\u00bb).<\/p><p>Outre la lecture des pr\u00e9sentes conditions, avant d&rsquo;acc\u00e9der, de naviguer et\/ou d&rsquo;utiliser ce site web, l&rsquo;utilisateur doit avoir lu l&rsquo;avis juridique et les conditions g\u00e9n\u00e9rales d&rsquo;utilisation, y compris la politique en mati\u00e8re de cookies, le cas \u00e9ch\u00e9ant, et la politique de confidentialit\u00e9 et de protection des donn\u00e9es de Dirna Bergstrom S.L.<\/p><p>En utilisant ce site web ou en effectuant et\/ou en demandant l&rsquo;achat d&rsquo;un produit et\/ou d&rsquo;un service par l&rsquo;interm\u00e9diaire de ce site web, l&rsquo;utilisateur accepte d&rsquo;\u00eatre li\u00e9 par les pr\u00e9sentes conditions g\u00e9n\u00e9rales et par tout ce qui pr\u00e9c\u00e8de, et si vous n&rsquo;acceptez pas tout ce qui pr\u00e9c\u00e8de, vous ne devez pas utiliser ce site web.<\/p><p>Vous \u00eates \u00e9galement inform\u00e9 que les pr\u00e9sentes conditions g\u00e9n\u00e9rales peuvent faire l&rsquo;objet de modifications. Il incombe \u00e0 l&rsquo;utilisateur de les consulter chaque fois qu&rsquo;il acc\u00e8de, navigue et\/ou utilise le site web, car ce sont celles en vigueur au moment de la demande d&rsquo;achat de produits et\/ou de services qui seront applicables.<\/p><p>Pour toute question relative aux Conditions, l&rsquo;Utilisateur peut contacter le propri\u00e9taire aux coordonn\u00e9es indiqu\u00e9es ci-dessus ou, le cas \u00e9ch\u00e9ant, en utilisant le formulaire de contact.<\/p><h4>INFORMATIONS PERTINENTES<\/h4><div> <\/div><p>L&rsquo;achat des produits propos\u00e9s sur ce site est subordonn\u00e9 \u00e0 la lecture et \u00e0 l&rsquo;acceptation des conditions g\u00e9n\u00e9rales \u00e9nonc\u00e9es ci-dessous. L&rsquo;utilisation de nos services ainsi que l&rsquo;achat de nos produits impliquent que vous avez lu et accept\u00e9 les conditions d&rsquo;utilisation du pr\u00e9sent document. Tous les produits propos\u00e9s par notre site web et qui peuvent \u00eatre cr\u00e9\u00e9s, factur\u00e9s, exp\u00e9di\u00e9s ou pr\u00e9sent\u00e9s par un site web tiers seront soumis \u00e0 leurs propres conditions g\u00e9n\u00e9rales. Dans certains cas, pour acheter un produit, l&rsquo;utilisateur devra s&rsquo;enregistrer en saisissant des donn\u00e9es personnelles fiables et en d\u00e9finissant un mot de passe.<\/p><p>L&rsquo;utilisateur peut choisir et modifier le mot de passe pour l&rsquo;acc\u00e8s \u00e0 l&rsquo;administration de son compte \u00e0 tout moment, dans le cas o\u00f9 il s&rsquo;est enregistr\u00e9 et que cela est n\u00e9cessaire pour l&rsquo;achat de l&rsquo;un de nos produits.<\/p><p><a href=\"https:\/\/bergstrominc.com\/es\">bergstrominc.com\/fr<\/a> d\u00e9cline toute responsabilit\u00e9 dans le cas o\u00f9 l&rsquo;utilisateur communiquerait son mot de passe \u00e0 un tiers.<\/p><p>Tous les achats et transactions effectu\u00e9s sur ce site sont soumis \u00e0 un processus de confirmation et de v\u00e9rification, qui peut inclure la v\u00e9rification du stock et de la disponibilit\u00e9 des produits, la validation du mode de paiement, la validation de la facture (le cas \u00e9ch\u00e9ant) et le respect des conditions requises par le mode de paiement s\u00e9lectionn\u00e9. Dans certains cas, une v\u00e9rification de l&rsquo;adresse \u00e9lectronique peut \u00eatre requise.<\/p><p>Les prix des produits propos\u00e9s dans cette boutique en ligne ne sont valables que pour les achats effectu\u00e9s sur ce site.<\/p><h4>L&rsquo;UTILISATEUR<\/h4><div> <\/div><p>L&rsquo;acc\u00e8s, la navigation et l&rsquo;utilisation du site Web conf\u00e8rent la condition d&rsquo;utilisateur (ci-apr\u00e8s, indistinctement, individuellement comme Utilisateur ou conjointement comme Utilisateurs), et par cons\u00e9quent, d\u00e8s le d\u00e9but de la navigation sur le site Web, toutes les Conditions \u00e9tablies ici sont accept\u00e9es, ainsi que leurs modifications ult\u00e9rieures, sans pr\u00e9judice de l&rsquo;application des normes l\u00e9gales correspondantes de respect obligatoire, le cas \u00e9ch\u00e9ant.<\/p><p>L&rsquo;utilisateur assume la responsabilit\u00e9 de l&rsquo;utilisation correcte du site web. Cette responsabilit\u00e9 s&rsquo;\u00e9tend \u00e0 :<\/p><ul><li>N&rsquo;utilisez ce site Web que pour effectuer des demandes de renseignements, des achats ou des acquisitions l\u00e9galement valables.<\/li><li>Ne faites pas de faux achats ou d&rsquo;achats frauduleux. Si l&rsquo;on peut raisonnablement consid\u00e9rer qu&rsquo;un tel achat a \u00e9t\u00e9 effectu\u00e9, il peut \u00eatre annul\u00e9 et les autorit\u00e9s comp\u00e9tentes en sont inform\u00e9es.<\/li><li>Fournir des coordonn\u00e9es v\u00e9ridiques et l\u00e9gales, par exemple l&rsquo;adresse \u00e9lectronique, l&rsquo;adresse postale et\/ou d&rsquo;autres d\u00e9tails (voir les mentions l\u00e9gales et les conditions g\u00e9n\u00e9rales d&rsquo;utilisation).<\/li><li>L&rsquo;utilisateur d\u00e9clare qu&rsquo;il est \u00e2g\u00e9 de plus de 18 ans et qu&rsquo;il a la capacit\u00e9 juridique de conclure des contrats par l&rsquo;interm\u00e9diaire de ce site web.<\/li><\/ul><p>Le site Web est principalement destin\u00e9 aux utilisateurs r\u00e9sidant en Espagne. Dirna Bergstrom S.L. ne d\u00e9clare pas que le site Web est conforme aux lois d&rsquo;autres pays, que ce soit en totalit\u00e9 ou en partie. Dirna Bergstrom S.L. d\u00e9cline toute responsabilit\u00e9 pouvant d\u00e9couler de cet acc\u00e8s et ne garantit pas non plus la livraison ou la prestation de services en dehors de l&rsquo;Espagne.<\/p><p>L&rsquo;Utilisateur peut formaliser, \u00e0 son choix, avec Dirna Bergstrom S.L. le contrat de vente des produits et\/ou services souhait\u00e9s dans n&rsquo;importe laquelle des langues dans lesquelles les pr\u00e9sentes Conditions sont disponibles sur ce Site Web.<\/p><h4>LICENCE<\/h4><div> <\/div><p>Dirna Bergstrom S.L., par l&rsquo;interm\u00e9diaire de son site web, accorde une licence aux utilisateurs pour l&rsquo;utilisation des produits qui sont vendus sur ce site web, conform\u00e9ment aux conditions g\u00e9n\u00e9rales d\u00e9crites dans le pr\u00e9sent document.<\/p><h4>UTILISATION NON AUTORIS\u00c9E<\/h4><div> <\/div><p>Le cas \u00e9ch\u00e9ant (pour la vente de logiciels, de mod\u00e8les ou d&rsquo;autres produits de conception et de programmation), vous ne pouvez pas placer l&rsquo;un de nos produits, modifi\u00e9 ou non, sur un CD, un site web ou tout autre support et le proposer \u00e0 la redistribution ou \u00e0 la revente sous quelque forme que ce soit.<\/p><h4>PROPRI\u00c9T\u00c9<\/h4><div> <\/div><p>Vous ne pouvez pas revendiquer la propri\u00e9t\u00e9 intellectuelle ou exclusive de l&rsquo;un de nos produits, modifi\u00e9 ou non. Tous les produits sont la propri\u00e9t\u00e9 des fournisseurs de contenu. Sauf indication contraire, nos produits sont fournis sans garantie d&rsquo;aucune sorte, expresse ou implicite. En aucun cas, cette soci\u00e9t\u00e9 ne peut \u00eatre tenue responsable de dommages, y compris, mais sans s&rsquo;y limiter, de dommages directs, indirects, sp\u00e9ciaux, accessoires ou cons\u00e9cutifs ou d&rsquo;autres pertes r\u00e9sultant de l&rsquo;utilisation ou de l&rsquo;impossibilit\u00e9 d&rsquo;utiliser nos produits.<\/p><h4>POLITIQUE DE REMBOURSEMENT ET GARANTIE<\/h4><div> <\/div><p>Dans le cas de produits qui sont des biens non tangibles irr\u00e9vocables, nous n&rsquo;effectuons pas de remboursement apr\u00e8s l&rsquo;exp\u00e9dition du produit, il est de votre responsabilit\u00e9 de comprendre ce que vous achetez avant de l&rsquo;acheter. Veuillez lire attentivement avant d&rsquo;acheter. Nous ne faisons des exceptions \u00e0 cette r\u00e8gle que lorsque la description ne correspond pas au produit. Certains produits peuvent b\u00e9n\u00e9ficier d&rsquo;une garantie et d&rsquo;un remboursement, mais cela sera pr\u00e9cis\u00e9 au moment de l&rsquo;achat. Dans ce cas, la garantie ne couvre que les d\u00e9fauts de fabrication et ne prend effet que lorsque le produit a \u00e9t\u00e9 utilis\u00e9 correctement. La garantie ne couvre pas les dysfonctionnements ou les dommages caus\u00e9s par une utilisation inappropri\u00e9e. Les conditions de la garantie sont li\u00e9es aux d\u00e9fauts de fabrication et de fonctionnement dans des conditions normales des produits et ces conditions ne seront effectives que si l&rsquo;\u00e9quipement a \u00e9t\u00e9 utilis\u00e9 correctement. Il s&rsquo;agit notamment de<\/p><ul><li>Selon les sp\u00e9cifications techniques indiqu\u00e9es pour chaque produit.<\/li><li>Dans des conditions ambiantes conformes aux sp\u00e9cifications indiqu\u00e9es par le fabricant.<\/li><li>En usage sp\u00e9cifique pour la fonction pour laquelle il a \u00e9t\u00e9 con\u00e7u en usine.<\/li><li>En \u00e9tat de fonctionnement \u00e9lectrique selon les sp\u00e9cifications et tol\u00e9rances indiqu\u00e9es.<\/li><\/ul><h4>CONTR\u00d4LE ANTI-FRAUDE<\/h4><div> <\/div><p>L&rsquo;achat du client peut \u00eatre report\u00e9 pour des raisons de contr\u00f4le anti-fraude. Elle peut \u00e9galement \u00eatre suspendue pour une p\u00e9riode plus longue afin de proc\u00e9der \u00e0 une enqu\u00eate plus approfondie visant \u00e0 pr\u00e9venir les transactions frauduleuses.<\/p><h4>VIE PRIV\u00c9E<\/h4><p><a href=\"https:\/\/bergstrominc.com\/es\">bergstrominc.com\/en<\/a> garantit que les informations personnelles que vous soumettez seront trait\u00e9es conform\u00e9ment aux dispositions de la politique de protection des donn\u00e9es (avis juridique et conditions g\u00e9n\u00e9rales d&rsquo;utilisation). Les donn\u00e9es saisies par un utilisateur ou dans le cas d&rsquo;une validation obligatoire des commandes ne seront pas divulgu\u00e9es \u00e0 des tiers, \u00e0 moins qu&rsquo;elles ne doivent \u00eatre divulgu\u00e9es en vertu d&rsquo;une d\u00e9cision de justice ou d&rsquo;exigences l\u00e9gales.<\/p><p>L&rsquo;abonnement aux bulletins d&rsquo;information marketing par courrier \u00e9lectronique est facultatif et peut \u00eatre s\u00e9lectionn\u00e9 au moment o\u00f9 vous cr\u00e9ez votre compte.<\/p><p>En acc\u00e9dant, en naviguant et\/ou en utilisant le site web, l&rsquo;utilisateur consent au traitement de ces informations et donn\u00e9es et d\u00e9clare que toutes les informations ou donn\u00e9es fournies sont v\u00e9ridiques.<\/p><h4>DROIT APPLICABLE ET JURIDICTION<\/h4><div> <\/div><p>L&rsquo;acc\u00e8s, la navigation et\/ou l&rsquo;utilisation de ce site Web et les contrats d&rsquo;achat de produits par son interm\u00e9diaire sont r\u00e9gis par la l\u00e9gislation espagnole.<\/p><p>Toute controverse, probl\u00e8me ou d\u00e9saccord d\u00e9coulant de ou li\u00e9 \u00e0 l&rsquo;acc\u00e8s, la navigation et\/ou l&rsquo;utilisation du site web, ou \u00e0 l&rsquo;interpr\u00e9tation et l&rsquo;ex\u00e9cution des pr\u00e9sentes conditions, ou aux contrats de vente entre Dirna Bergstrom S.L. et l&rsquo;utilisateur, sera soumis \u00e0 la juridiction non exclusive des cours et tribunaux espagnols.<\/p><h4>PLAINTES ET R\u00c9CLAMATIONS<\/h4><div> <\/div><p>Les utilisateurs peuvent envoyer \u00e0 Dirna Bergstrom S.L. leurs plaintes, r\u00e9clamations ou tout autre commentaire qu&rsquo;ils souhaitent formuler par le biais des coordonn\u00e9es fournies au d\u00e9but des pr\u00e9sentes conditions (informations g\u00e9n\u00e9rales).<\/p>\t\t\t\t\t\t\t\t<\/div>\n\t\t\t\t<\/div>\n\t\t\t\t\t<\/div>\n\t\t\t\t<\/div>\n\t\t\t\t<\/div>\n\t\t","protected":false},"excerpt":{"rendered":"<p>INFORMATIONS G\u00c9N\u00c9RALES La propri\u00e9t\u00e9 de ce site web, bergstrominc.com\/es, ci-apr\u00e8s d\u00e9nomm\u00e9 \u00ab site web \u00bb, est d\u00e9tenue par Dirna Bergstrom [&hellip;]<\/p>\n","protected":false},"author":4,"featured_media":0,"parent":0,"menu_order":0,"comment_status":"closed","ping_status":"closed","template":"","meta":{"content-type":"","inline_featured_image":false,"site-sidebar-layout":"no-sidebar","site-content-layout":"","ast-site-content-layout":"full-width-container","site-content-style":"default","site-sidebar-style":"default","ast-global-header-display":"","ast-banner-title-visibility":"","ast-main-header-display":"","ast-hfb-above-header-display":"","ast-hfb-below-header-display":"","ast-hfb-mobile-header-display":"","site-post-title":"disabled","ast-breadcrumbs-content":"","ast-featured-img":"disabled","footer-sml-layout":"","ast-disable-related-posts":"","theme-transparent-header-meta":"","adv-header-id-meta":"","stick-header-meta":"","header-above-stick-meta":"","header-main-stick-meta":"","header-below-stick-meta":"","astra-migrate-meta-layouts":"default","ast-page-background-enabled":"default","ast-page-background-meta":{"desktop":{"background-color":"var(--ast-global-color-4)","background-image":"","background-repeat":"repeat","background-position":"center center","background-size":"auto","background-attachment":"scroll","background-type":"","background-media":"","overlay-type":"","overlay-color":"","overlay-opacity":"","overlay-gradient":""},"tablet":{"background-color":"","background-image":"","background-repeat":"repeat","background-position":"center center","background-size":"auto","background-attachment":"scroll","background-type":"","background-media":"","overlay-type":"","overlay-color":"","overlay-opacity":"","overlay-gradient":""},"mobile":{"background-color":"","background-image":"","background-repeat":"repeat","background-position":"center center","background-size":"auto","background-attachment":"scroll","background-type":"","background-media":"","overlay-type":"","overlay-color":"","overlay-opacity":"","overlay-gradient":""}},"ast-content-background-meta":{"desktop":{"background-color":"var(--ast-global-color-5)","background-image":"","background-repeat":"repeat","background-position":"center center","background-size":"auto","background-attachment":"scroll","background-type":"","background-media":"","overlay-type":"","overlay-color":"","overlay-opacity":"","overlay-gradient":""},"tablet":{"background-color":"var(--ast-global-color-5)","background-image":"","background-repeat":"repeat","background-position":"center center","background-size":"auto","background-attachment":"scroll","background-type":"","background-media":"","overlay-type":"","overlay-color":"","overlay-opacity":"","overlay-gradient":""},"mobile":{"background-color":"var(--ast-global-color-5)","background-image":"","background-repeat":"repeat","background-position":"center center","background-size":"auto","background-attachment":"scroll","background-type":"","background-media":"","overlay-type":"","overlay-color":"","overlay-opacity":"","overlay-gradient":""}},"footnotes":""},"class_list":["post-4197","page","type-page","status-publish","hentry"],"_links":{"self":[{"href":"https:\/\/bergstromcaravaning.com\/fr\/wp-json\/wp\/v2\/pages\/4197","targetHints":{"allow":["GET"]}}],"collection":[{"href":"https:\/\/bergstromcaravaning.com\/fr\/wp-json\/wp\/v2\/pages"}],"about":[{"href":"https:\/\/bergstromcaravaning.com\/fr\/wp-json\/wp\/v2\/types\/page"}],"author":[{"embeddable":true,"href":"https:\/\/bergstromcaravaning.com\/fr\/wp-json\/wp\/v2\/users\/4"}],"replies":[{"embeddable":true,"href":"https:\/\/bergstromcaravaning.com\/fr\/wp-json\/wp\/v2\/comments?post=4197"}],"version-history":[{"count":2,"href":"https:\/\/bergstromcaravaning.com\/fr\/wp-json\/wp\/v2\/pages\/4197\/revisions"}],"predecessor-version":[{"id":8643,"href":"https:\/\/bergstromcaravaning.com\/fr\/wp-json\/wp\/v2\/pages\/4197\/revisions\/8643"}],"wp:attachment":[{"href":"https:\/\/bergstromcaravaning.com\/fr\/wp-json\/wp\/v2\/media?parent=4197"}],"curies":[{"name":"wp","href":"https:\/\/api.w.org\/{rel}","templated":true}]}}