{"id":8841,"date":"2025-07-09T08:18:51","date_gmt":"2025-07-09T06:18:51","guid":{"rendered":"https:\/\/bergstromcaravaning.com\/politique-de-confidentialite-de-lapplication\/"},"modified":"2025-10-03T14:08:34","modified_gmt":"2025-10-03T12:08:34","slug":"politique-de-confidentialite-de-lapplication","status":"publish","type":"page","link":"https:\/\/bergstromcaravaning.com\/fr\/politique-de-confidentialite-de-lapplication\/","title":{"rendered":"Politique de confidentialit\u00e9 de l&rsquo;application"},"content":{"rendered":"\t\t<div data-elementor-type=\"wp-page\" data-elementor-id=\"8841\" class=\"elementor elementor-8841 elementor-8832\" data-elementor-post-type=\"page\">\n\t\t\t\t<div class=\"elementor-element elementor-element-253b5f2 e-flex e-con-boxed e-con e-parent\" data-id=\"253b5f2\" data-element_type=\"container\" data-e-type=\"container\" data-settings=\"{&quot;background_background&quot;:&quot;classic&quot;}\">\n\t\t\t\t\t<div class=\"e-con-inner\">\n\t\t<div class=\"elementor-element elementor-element-75d5e58 e-con-full e-flex e-con e-child\" data-id=\"75d5e58\" data-element_type=\"container\" data-e-type=\"container\">\n\t\t\t\t<div class=\"elementor-element elementor-element-9ed6ef9 elementor-widget__width-initial elementor-widget elementor-widget-heading\" data-id=\"9ed6ef9\" data-element_type=\"widget\" data-e-type=\"widget\" data-widget_type=\"heading.default\">\n\t\t\t\t<div class=\"elementor-widget-container\">\n\t\t\t\t\t<h1 class=\"elementor-heading-title elementor-size-default\">politique de confidentialit\u00e9 de l'application<\/h1>\t\t\t\t<\/div>\n\t\t\t\t<\/div>\n\t\t\t\t<\/div>\n\t\t\t\t\t<\/div>\n\t\t\t\t<\/div>\n\t\t<div class=\"elementor-element elementor-element-7273cf3 e-flex e-con-boxed e-con e-parent\" data-id=\"7273cf3\" data-element_type=\"container\" data-e-type=\"container\">\n\t\t\t\t\t<div class=\"e-con-inner\">\n\t\t\t\t<div class=\"elementor-element elementor-element-5237fb6 elementor-widget elementor-widget-text-editor\" data-id=\"5237fb6\" data-element_type=\"widget\" data-e-type=\"widget\" data-widget_type=\"text-editor.default\">\n\t\t\t\t<div class=\"elementor-widget-container\">\n\t\t\t\t\t\t\t\t\t<h4>Politique de confidentialit\u00e9 \u2013 Application mobile<\/h4>\n<p>POLITIQUE DE CONFIDENTIALIT\u00c9 POUR LES APPLICATIONS MOBILES (APPS)<\/p>\n<p>Derni\u00e8re mise \u00e0 jour : 9\/07\/2025<\/p>\n<h4>IDENTIFICATION DU RESPONSABLE DU TRAITEMENT DES DONN\u00c9ES.<\/h4>\n<p>Dirna Bergstrom, S.L., avec CIF B86653995 et adresse \u00e0 des fins de notification \u00e0 Calle Francisco Alonso, N\u00ba 11 A \u2013 28806 \u2013 Alcal\u00e1 de Henares, Madrid, Espagne, inscrite au Registre du Commerce de Madrid, est l&rsquo;entit\u00e9 responsable du traitement des donn\u00e9es fournies par les utilisateurs de l&rsquo;Application (ci-apr\u00e8s, l&rsquo;Utilisateur(s).<\/p>\n<h4>FINALIT\u00c9 DU TRAITEMENT DES DONN\u00c9ES.<\/h4>\n<p>Pour s&rsquo;inscrire, acc\u00e9der et utiliser ult\u00e9rieurement l&rsquo;Application, l&rsquo;Utilisateur doit fournir volontairement des donn\u00e9es personnelles (essentiellement des informations d&rsquo;identification et de contact), qui seront incorpor\u00e9es dans des supports automatis\u00e9s appartenant \u00e0 Dirna Bergstrom S.L.<br>Les op\u00e9rations de traitement des donn\u00e9es seront effectu\u00e9es dans le but d&rsquo;assurer le bon fonctionnement de l&rsquo;Application, de maintenir la prestation de services et\/ou la relation commerciale avec l&rsquo;Utilisateur, ainsi que pour la gestion, l&rsquo;administration, le reporting, la fourniture et l&rsquo;am\u00e9lioration du service.<br>De m\u00eame, les donn\u00e9es pourront \u00eatre utilis\u00e9es pour envoyer des newsletters et des communications commerciales, si l&rsquo;Utilisateur a donn\u00e9 son consentement expr\u00e8s.<\/p>\n<h4>L\u00c9GITIMATION.<\/h4>\n<p>Le traitement repose sur :<br>\u2013 La demande d\u2019information et\/ou la souscription aux services de l\u2019Application, dont les conditions seront soumises \u00e0 acceptation.<br>\u2013 Le consentement libre, sp\u00e9cifique, \u00e9clair\u00e9 et univoque de l\u2019Utilisateur, exprim\u00e9 par une acceptation expresse (par exemple, en cochant une case).<br>\u00c0 d\u00e9faut de fourniture des donn\u00e9es requises, l\u2019Application ne pourra pas \u00eatre utilis\u00e9e.<\/p>\n<h4>CONSERVATION DES DONN\u00c9ES PERSONNELLES.<\/h4>\n<p>Les donn\u00e9es seront conserv\u00e9es tant que l\u2019Utilisateur continuera \u00e0 utiliser l\u2019Application ou ne demandera pas sa suppression. Par la suite, elles seront conserv\u00e9es pendant la dur\u00e9e l\u00e9gale minimale de cinq ans afin de d\u00e9terminer d&rsquo;\u00e9ventuelles responsabilit\u00e9s. <\/p>\n<h4>B\u00c9N\u00c9FICIAIRES.<\/h4>\n<p>Les donn\u00e9es ne seront pas transmises \u00e0 des tiers, sauf obligation l\u00e9gale ou avec le consentement expr\u00e8s de l&rsquo;Utilisateur.<br>Dirna Bergstrom, S.L. peut partager des donn\u00e9es avec des sous-traitants, tels que des fournisseurs de technologie, avec lesquels elle a conclu des contrats conform\u00e9ment au RGPD.<\/p>\n<h4>CONSERVATION DES DONN\u00c9ES.<\/h4>\n<p>Conform\u00e9ment \u00e0 la loi 34\/2002 (LSSI), les informations n\u00e9cessaires \u00e0 l&rsquo;identification de l&rsquo;origine des donn\u00e9es et au d\u00e9but du service seront conserv\u00e9es pendant une dur\u00e9e maximale de 12 mois, exclusivement \u00e0 des fins d&rsquo;enqu\u00eates p\u00e9nales ou de s\u00e9curit\u00e9 publique, lorsque les autorit\u00e9s comp\u00e9tentes l&rsquo;exigent.<\/p>\n<h4>PROTECTION DES INFORMATIONS H\u00c9BERG\u00c9ES.<\/h4>\n<p>Dirna Bergstrom, S.L. adopte des mesures techniques et organisationnelles appropri\u00e9es pour garantir la s\u00e9curit\u00e9 des donn\u00e9es personnelles. Elle effectue des copies de sauvegarde, mais d\u00e9cline toute responsabilit\u00e9 en cas de perte ou de suppression accidentelle par l&rsquo;Utilisateur.<br>La restauration des donn\u00e9es n&rsquo;est incluse que si la perte est imputable \u00e0 Dirna Bergstrom, S.L. Dans le cas contraire, des frais peuvent s&rsquo;appliquer, sous r\u00e9serve de l&rsquo;acceptation de l&rsquo;Utilisateur. <\/p>\n<h4>EXERCICE DES DROITS.<\/h4>\n<p>Les utilisateurs peuvent exercer leurs droits d&rsquo;acc\u00e8s, de rectification, de suppression, d&rsquo;opposition, de limitation du traitement et de portabilit\u00e9 en envoyant un courriel \u00e0 :<br>\n  <a href=\"mailto:rgpd@dirna.bergstrominc.com\">rgpd@dirna.bergstrominc.com<\/a>\n  <br>Ils peuvent \u00e9galement d\u00e9poser une r\u00e9clamation aupr\u00e8s de l&rsquo;Agence espagnole de protection des donn\u00e9es (AEPD).\n<\/p>\n<h4>COMMUNICATIONS COMMERCIALES PAR VOIE \u00c9LECTRONIQUE.<\/h4>\n<p>Dirna Bergstrom, S.L. n&rsquo;enverra aucune communication promotionnelle par voie \u00e9lectronique sans consentement pr\u00e9alable.<br>Les utilisateurs ayant d\u00e9j\u00e0 conclu un contrat pourront recevoir des informations commerciales sur des produits ou services similaires.<br>Pour se d\u00e9sabonner, l&rsquo;utilisateur peut \u00e9crire \u00e0 : ventas@dirna.bergstrominc.com ou sales@dirna.bergstrominc.com<\/p>\n<h4>Gestion du consentement<\/h4>\n<p>L&rsquo;application utilise une plateforme de gestion du consentement (CMP) conforme au cadre de transparence et de consentement de l&rsquo;IAB Europe (n\u00b0 92) pour garantir que le consentement des utilisateurs est collect\u00e9 et g\u00e9r\u00e9 de mani\u00e8re transparente et conforme au RGPD.<\/p>\n<h4>Propri\u00e9t\u00e9 intellectuelle<\/h4>\n<p>Tous les contenus, interfaces, conceptions, codes sources et \u00e9l\u00e9ments graphiques de cette application sont la propri\u00e9t\u00e9 de Dirna Bergstrom, S.L. ou de ses conc\u00e9dants de licence et sont prot\u00e9g\u00e9s par les lois nationales et internationales sur la propri\u00e9t\u00e9 intellectuelle et industrielle. La reproduction, la distribution ou la modification est interdite sans autorisation expresse. <\/p>\n<h4>Sous-traitants de donn\u00e9es<\/h4>\n<p>Dirna Bergstrom, S.L. peut partager des donn\u00e9es personnelles avec des fournisseurs de services technologiques agissant en tant que processeurs de donn\u00e9es, y compris des services back-end, des analyses et des notifications push. Tous sont soumis \u00e0 des contrats conform\u00e9ment \u00e0 l\u2019article 28 du RGPD. <\/p>\t\t\t\t\t\t\t\t<\/div>\n\t\t\t\t<\/div>\n\t\t\t\t\t<\/div>\n\t\t\t\t<\/div>\n\t\t<div class=\"elementor-element elementor-element-c10d2c0 e-flex e-con-boxed e-con e-parent\" data-id=\"c10d2c0\" data-element_type=\"container\" data-e-type=\"container\">\n\t\t\t\t\t<div class=\"e-con-inner\">\n\t\t\t\t<div class=\"elementor-element elementor-element-a423c37 elementor-widget elementor-widget-html\" data-id=\"a423c37\" data-element_type=\"widget\" data-e-type=\"widget\" data-widget_type=\"html.default\">\n\t\t\t\t<div class=\"elementor-widget-container\">\n\t\t\t\t\tBergstrom participe et respecte toutes les sp\u00e9cifications et politiques du Cadre de transparence et de consentement de l'IAB Europe. L'entreprise utilise la plateforme de gestion du consentement n\u00b0 92. <br><br>\nVous pouvez modifier vos choix \u00e0 tout moment <a href=\"javascript:Sddan.cmp.displayUI()\">en cliquant ici.<\/a>\t\t\t\t<\/div>\n\t\t\t\t<\/div>\n\t\t\t\t\t<\/div>\n\t\t\t\t<\/div>\n\t\t\t\t<\/div>\n\t\t","protected":false},"excerpt":{"rendered":"<p>politique de confidentialit\u00e9 de l&rsquo;application Politique de confidentialit\u00e9 \u2013 Application mobile POLITIQUE DE CONFIDENTIALIT\u00c9 POUR LES APPLICATIONS MOBILES (APPS) Derni\u00e8re [&hellip;]<\/p>\n","protected":false},"author":10,"featured_media":0,"parent":0,"menu_order":0,"comment_status":"closed","ping_status":"closed","template":"","meta":{"content-type":"","inline_featured_image":false,"site-sidebar-layout":"no-sidebar","site-content-layout":"","ast-site-content-layout":"full-width-container","site-content-style":"default","site-sidebar-style":"default","ast-global-header-display":"","ast-banner-title-visibility":"","ast-main-header-display":"","ast-hfb-above-header-display":"","ast-hfb-below-header-display":"","ast-hfb-mobile-header-display":"","site-post-title":"disabled","ast-breadcrumbs-content":"","ast-featured-img":"disabled","footer-sml-layout":"","ast-disable-related-posts":"","theme-transparent-header-meta":"","adv-header-id-meta":"","stick-header-meta":"","header-above-stick-meta":"","header-main-stick-meta":"","header-below-stick-meta":"","astra-migrate-meta-layouts":"default","ast-page-background-enabled":"default","ast-page-background-meta":{"desktop":{"background-color":"var(--ast-global-color-4)","background-image":"","background-repeat":"repeat","background-position":"center center","background-size":"auto","background-attachment":"scroll","background-type":"","background-media":"","overlay-type":"","overlay-color":"","overlay-opacity":"","overlay-gradient":""},"tablet":{"background-color":"","background-image":"","background-repeat":"repeat","background-position":"center center","background-size":"auto","background-attachment":"scroll","background-type":"","background-media":"","overlay-type":"","overlay-color":"","overlay-opacity":"","overlay-gradient":""},"mobile":{"background-color":"","background-image":"","background-repeat":"repeat","background-position":"center center","background-size":"auto","background-attachment":"scroll","background-type":"","background-media":"","overlay-type":"","overlay-color":"","overlay-opacity":"","overlay-gradient":""}},"ast-content-background-meta":{"desktop":{"background-color":"var(--ast-global-color-5)","background-image":"","background-repeat":"repeat","background-position":"center center","background-size":"auto","background-attachment":"scroll","background-type":"","background-media":"","overlay-type":"","overlay-color":"","overlay-opacity":"","overlay-gradient":""},"tablet":{"background-color":"var(--ast-global-color-5)","background-image":"","background-repeat":"repeat","background-position":"center center","background-size":"auto","background-attachment":"scroll","background-type":"","background-media":"","overlay-type":"","overlay-color":"","overlay-opacity":"","overlay-gradient":""},"mobile":{"background-color":"var(--ast-global-color-5)","background-image":"","background-repeat":"repeat","background-position":"center center","background-size":"auto","background-attachment":"scroll","background-type":"","background-media":"","overlay-type":"","overlay-color":"","overlay-opacity":"","overlay-gradient":""}},"footnotes":""},"class_list":["post-8841","page","type-page","status-publish","hentry"],"_links":{"self":[{"href":"https:\/\/bergstromcaravaning.com\/fr\/wp-json\/wp\/v2\/pages\/8841","targetHints":{"allow":["GET"]}}],"collection":[{"href":"https:\/\/bergstromcaravaning.com\/fr\/wp-json\/wp\/v2\/pages"}],"about":[{"href":"https:\/\/bergstromcaravaning.com\/fr\/wp-json\/wp\/v2\/types\/page"}],"author":[{"embeddable":true,"href":"https:\/\/bergstromcaravaning.com\/fr\/wp-json\/wp\/v2\/users\/10"}],"replies":[{"embeddable":true,"href":"https:\/\/bergstromcaravaning.com\/fr\/wp-json\/wp\/v2\/comments?post=8841"}],"version-history":[{"count":3,"href":"https:\/\/bergstromcaravaning.com\/fr\/wp-json\/wp\/v2\/pages\/8841\/revisions"}],"predecessor-version":[{"id":10056,"href":"https:\/\/bergstromcaravaning.com\/fr\/wp-json\/wp\/v2\/pages\/8841\/revisions\/10056"}],"wp:attachment":[{"href":"https:\/\/bergstromcaravaning.com\/fr\/wp-json\/wp\/v2\/media?parent=8841"}],"curies":[{"name":"wp","href":"https:\/\/api.w.org\/{rel}","templated":true}]}}