{"id":3758,"date":"2024-04-25T11:36:07","date_gmt":"2024-04-25T09:36:07","guid":{"rendered":"https:\/\/bergstromcaravaning.com\/avviso-legale\/"},"modified":"2025-10-03T12:31:00","modified_gmt":"2025-10-03T10:31:00","slug":"avviso-legale","status":"publish","type":"page","link":"https:\/\/bergstromcaravaning.com\/it\/avviso-legale\/","title":{"rendered":"Avviso legale"},"content":{"rendered":"\t\t<div data-elementor-type=\"wp-page\" data-elementor-id=\"3758\" class=\"elementor elementor-3758 elementor-776\" data-elementor-post-type=\"page\">\n\t\t\t\t<div class=\"elementor-element elementor-element-60ad08c9 e-flex e-con-boxed e-con e-parent\" data-id=\"60ad08c9\" data-element_type=\"container\" data-e-type=\"container\" data-settings=\"{&quot;background_background&quot;:&quot;classic&quot;}\">\n\t\t\t\t\t<div class=\"e-con-inner\">\n\t\t<div class=\"elementor-element elementor-element-633dd29c e-con-full e-flex e-con e-child\" data-id=\"633dd29c\" data-element_type=\"container\" data-e-type=\"container\">\n\t\t\t\t<div class=\"elementor-element elementor-element-3344abc8 elementor-widget__width-initial elementor-widget elementor-widget-heading\" data-id=\"3344abc8\" data-element_type=\"widget\" data-e-type=\"widget\" data-widget_type=\"heading.default\">\n\t\t\t\t<div class=\"elementor-widget-container\">\n\t\t\t\t\t<h1 class=\"elementor-heading-title elementor-size-default\">Avviso legale<\/h1>\t\t\t\t<\/div>\n\t\t\t\t<\/div>\n\t\t\t\t<\/div>\n\t\t\t\t\t<\/div>\n\t\t\t\t<\/div>\n\t\t<div class=\"elementor-element elementor-element-2f63f11e e-flex e-con-boxed e-con e-parent\" data-id=\"2f63f11e\" data-element_type=\"container\" data-e-type=\"container\" data-settings=\"{&quot;background_background&quot;:&quot;classic&quot;}\">\n\t\t\t\t\t<div class=\"e-con-inner\">\n\t\t\t\t<div class=\"elementor-element elementor-element-41d6bf00 elementor-widget elementor-widget-text-editor\" data-id=\"41d6bf00\" data-element_type=\"widget\" data-e-type=\"widget\" data-widget_type=\"text-editor.default\">\n\t\t\t\t<div class=\"elementor-widget-container\">\n\t\t\t\t\t\t\t\t\t<p><b>Dirna Bergstrom, S.L.,<\/b> con NIF\/CIF B86653995, indirizzo Calle Francisco Alonso, 11 A \u2013 28806 Alcal\u00e1 de Henares, Madrid, non si assume alcuna responsabilit\u00e0 derivante dall&#8217;uso errato, inappropriato o illecito delle informazioni presenti sul sito web bergstrominc.com\/es. Nei limiti previsti dalla legge, <strong>Dirna Bergstrom, S.L.<\/strong> non si assume alcuna responsabilit\u00e0 derivante dalla mancanza di veridicit\u00e0, integrit\u00e0, aggiornamento e precisione dei dati o delle informazioni contenute nei suoi siti web.<\/p><p>I contenuti e le informazioni non impegnano Dirna Bergstrom, S.L. n\u00e9 costituiscono opinioni, consigli o consulenze legali di alcun tipo, in quanto si tratta di un servizio offerto a scopo informativo e divulgativo.<\/p><p>Il sito web <a href=\"https:\/\/bergstrominc.com\/es\">bergstrominc.com\/es<\/a> pu\u00f2 contenere link ad altri siti web di terze parti che <strong>Dirna Bergstrom, S.L.<\/strong> non pu\u00f2 controllare. Pertanto, Dirna Bergstrom, S.L. non pu\u00f2 assumersi la responsabilit\u00e0 dei contenuti che possono apparire sui siti web di terzi.<\/p><p>I testi, le immagini, i suoni, le animazioni, il software e gli altri contenuti inclusi in questo sito web sono di propriet\u00e0 esclusiva di <strong>Dirna Bergstrom, S.L.<\/strong> o dei suoi licenziatari. Qualsiasi trasmissione, distribuzione, trasferimento, riproduzione, archiviazione o comunicazione pubblica, totale o parziale, deve avere il consenso esplicito di <strong>Dirna Bergstrom, S.L.<\/strong><\/p><p>Allo stesso modo, per accedere ad alcuni dei servizi offerti da <strong>Dirna Bergstrom, S.L.<\/strong> offerte attraverso il sito web dovranno fornire alcuni dati personali.<\/p><p>In conformit\u00e0 con quanto disposto dal Regolamento (UE) 2016\/679 del Parlamento europeo e del Consiglio, del 27 aprile 2016, relativo alla protezione delle persone fisiche con riguardo al trattamento dei dati personali, nonch\u00e9 alla libera circolazione di tali dati, la informiamo che compilando questi moduli, i suoi dati personali saranno inseriti e trattati negli archivi di <b>Dirna Bergstrom, S.L.<\/b> al fine di poterle fornire e offrire i nostri servizi e per informarla sui miglioramenti del Sito Web.<\/p><p>La informiamo inoltre della possibilit\u00e0 di esercitare gratuitamente i diritti di accesso, rettifica, cancellazione e opposizione dei suoi dati personali, inviando una e-mail a <a href=\"mailto:rgpd@dirna.bergstrominc.com\">rgpd@dirna.bergstrominc.com<\/a> o presso <b>Dirna Bergstrom, S.L. Calle Francisco Alonso, 11 A \u2013 28806 \u2013 Alcal\u00e1 de Henares, Madrid, Spagna.<\/b><\/p>\t\t\t\t\t\t\t\t<\/div>\n\t\t\t\t<\/div>\n\t\t\t\t\t<\/div>\n\t\t\t\t<\/div>\n\t\t\t\t<\/div>\n\t\t","protected":false},"excerpt":{"rendered":"<p>Dirna Bergstrom, S.L., con NIF\/CIF B86653995, indirizzo Calle Francisco Alonso, 11 A \u2013 28806 Alcal\u00e1 de Henares, Madrid, non si [&hellip;]<\/p>\n","protected":false},"author":10,"featured_media":0,"parent":0,"menu_order":0,"comment_status":"closed","ping_status":"closed","template":"","meta":{"content-type":"","inline_featured_image":false,"site-sidebar-layout":"no-sidebar","site-content-layout":"","ast-site-content-layout":"full-width-container","site-content-style":"default","site-sidebar-style":"default","ast-global-header-display":"","ast-banner-title-visibility":"","ast-main-header-display":"","ast-hfb-above-header-display":"","ast-hfb-below-header-display":"","ast-hfb-mobile-header-display":"","site-post-title":"disabled","ast-breadcrumbs-content":"","ast-featured-img":"disabled","footer-sml-layout":"","ast-disable-related-posts":"","theme-transparent-header-meta":"","adv-header-id-meta":"","stick-header-meta":"","header-above-stick-meta":"","header-main-stick-meta":"","header-below-stick-meta":"","astra-migrate-meta-layouts":"default","ast-page-background-enabled":"default","ast-page-background-meta":{"desktop":{"background-color":"var(--ast-global-color-4)","background-image":"","background-repeat":"repeat","background-position":"center center","background-size":"auto","background-attachment":"scroll","background-type":"","background-media":"","overlay-type":"","overlay-color":"","overlay-opacity":"","overlay-gradient":""},"tablet":{"background-color":"","background-image":"","background-repeat":"repeat","background-position":"center center","background-size":"auto","background-attachment":"scroll","background-type":"","background-media":"","overlay-type":"","overlay-color":"","overlay-opacity":"","overlay-gradient":""},"mobile":{"background-color":"","background-image":"","background-repeat":"repeat","background-position":"center center","background-size":"auto","background-attachment":"scroll","background-type":"","background-media":"","overlay-type":"","overlay-color":"","overlay-opacity":"","overlay-gradient":""}},"ast-content-background-meta":{"desktop":{"background-color":"var(--ast-global-color-5)","background-image":"","background-repeat":"repeat","background-position":"center center","background-size":"auto","background-attachment":"scroll","background-type":"","background-media":"","overlay-type":"","overlay-color":"","overlay-opacity":"","overlay-gradient":""},"tablet":{"background-color":"var(--ast-global-color-5)","background-image":"","background-repeat":"repeat","background-position":"center center","background-size":"auto","background-attachment":"scroll","background-type":"","background-media":"","overlay-type":"","overlay-color":"","overlay-opacity":"","overlay-gradient":""},"mobile":{"background-color":"var(--ast-global-color-5)","background-image":"","background-repeat":"repeat","background-position":"center center","background-size":"auto","background-attachment":"scroll","background-type":"","background-media":"","overlay-type":"","overlay-color":"","overlay-opacity":"","overlay-gradient":""}},"footnotes":""},"class_list":["post-3758","page","type-page","status-publish","hentry"],"_links":{"self":[{"href":"https:\/\/bergstromcaravaning.com\/it\/wp-json\/wp\/v2\/pages\/3758","targetHints":{"allow":["GET"]}}],"collection":[{"href":"https:\/\/bergstromcaravaning.com\/it\/wp-json\/wp\/v2\/pages"}],"about":[{"href":"https:\/\/bergstromcaravaning.com\/it\/wp-json\/wp\/v2\/types\/page"}],"author":[{"embeddable":true,"href":"https:\/\/bergstromcaravaning.com\/it\/wp-json\/wp\/v2\/users\/10"}],"replies":[{"embeddable":true,"href":"https:\/\/bergstromcaravaning.com\/it\/wp-json\/wp\/v2\/comments?post=3758"}],"version-history":[{"count":2,"href":"https:\/\/bergstromcaravaning.com\/it\/wp-json\/wp\/v2\/pages\/3758\/revisions"}],"predecessor-version":[{"id":8627,"href":"https:\/\/bergstromcaravaning.com\/it\/wp-json\/wp\/v2\/pages\/3758\/revisions\/8627"}],"wp:attachment":[{"href":"https:\/\/bergstromcaravaning.com\/it\/wp-json\/wp\/v2\/media?parent=3758"}],"curies":[{"name":"wp","href":"https:\/\/api.w.org\/{rel}","templated":true}]}}