{"id":3766,"date":"2024-04-26T10:42:01","date_gmt":"2024-04-26T08:42:01","guid":{"rendered":"https:\/\/bergstromcaravaning.com\/informativa-sui-cookie\/"},"modified":"2025-10-03T12:45:45","modified_gmt":"2025-10-03T10:45:45","slug":"informativa-sui-cookie","status":"publish","type":"page","link":"https:\/\/bergstromcaravaning.com\/it\/informativa-sui-cookie\/","title":{"rendered":"Informativa sui cookie"},"content":{"rendered":"\t\t<div data-elementor-type=\"wp-page\" data-elementor-id=\"3766\" class=\"elementor elementor-3766 elementor-1033\" data-elementor-post-type=\"page\">\n\t\t\t\t<div class=\"elementor-element elementor-element-223cb11e e-flex e-con-boxed e-con e-parent\" data-id=\"223cb11e\" data-element_type=\"container\" data-e-type=\"container\" data-settings=\"{&quot;background_background&quot;:&quot;classic&quot;}\">\n\t\t\t\t\t<div class=\"e-con-inner\">\n\t\t<div class=\"elementor-element elementor-element-7ddf6ab3 e-con-full e-flex e-con e-child\" data-id=\"7ddf6ab3\" data-element_type=\"container\" data-e-type=\"container\">\n\t\t\t\t<div class=\"elementor-element elementor-element-40589fd7 elementor-widget__width-initial elementor-widget elementor-widget-heading\" data-id=\"40589fd7\" data-element_type=\"widget\" data-e-type=\"widget\" data-widget_type=\"heading.default\">\n\t\t\t\t<div class=\"elementor-widget-container\">\n\t\t\t\t\t<h1 class=\"elementor-heading-title elementor-size-default\">Informativa sui cookie<\/h1>\t\t\t\t<\/div>\n\t\t\t\t<\/div>\n\t\t\t\t<\/div>\n\t\t\t\t\t<\/div>\n\t\t\t\t<\/div>\n\t\t<div class=\"elementor-element elementor-element-15333b7b e-flex e-con-boxed e-con e-parent\" data-id=\"15333b7b\" data-element_type=\"container\" data-e-type=\"container\" data-settings=\"{&quot;background_background&quot;:&quot;classic&quot;}\">\n\t\t\t\t\t<div class=\"e-con-inner\">\n\t\t\t\t<div class=\"elementor-element elementor-element-11ed7f07 elementor-widget elementor-widget-text-editor\" data-id=\"11ed7f07\" data-element_type=\"widget\" data-e-type=\"widget\" data-widget_type=\"text-editor.default\">\n\t\t\t\t<div class=\"elementor-widget-container\">\n\t\t\t\t\t\t\t\t\t<p>L&#8217;accesso a questo Sito web pu\u00f2 comportare l&#8217;utilizzo di cookie. I cookie sono piccole quantit\u00e0 di informazioni che vengono memorizzate nel browser utilizzato da ciascun Utente &#8211; nei diversi dispositivi che possono utilizzare per navigare &#8211; in modo che il server ricordi determinate informazioni che saranno successivamente lette solo dal server che le ha implementate. I cookie rendono la navigazione pi\u00f9 facile e intuitiva e non danneggiano il dispositivo di navigazione.<\/p><p>I cookie sono procedure automatiche per la raccolta di informazioni relative alle preferenze determinate dall&#8217;Utente durante la sua visita al Sito web, al fine di riconoscerlo come Utente e di personalizzarne l&#8217;esperienza e l&#8217;uso del Sito web, e possono anche, ad esempio, aiutare a identificare e risolvere gli errori.<\/p><p>Le informazioni raccolte tramite i cookie possono includere la data e l&#8217;ora delle visite al Sito, le pagine visualizzate, il tempo trascorso sul Sito e i siti visitati subito prima e subito dopo il Sito. Tuttavia, nessun cookie consente di contattare il numero di telefono dell&#8217;Utente o qualsiasi altro mezzo di contatto personale. Nessun cookie pu\u00f2 estrarre informazioni dal disco rigido dell&#8217;Utente o rubare informazioni personali. L&#8217;unico modo per far s\u00ec che le informazioni private dell&#8217;Utente entrino a far parte del file dei cookie \u00e8 che l&#8217;Utente le fornisca personalmente al server.<\/p><p>I cookie che consentono di identificare un individuo sono considerati dati personali. Pertanto, ad essi si applica l&#8217;Informativa sulla privacy sopra descritta. In tal senso, il consenso dell&#8217;Utente sar\u00e0 necessario per l&#8217;utilizzo degli stessi. Tale consenso deve essere comunicato, sulla base di una scelta autentica, offerta da una decisione affermativa e positiva, prima del trattamento iniziale, rimovibile e documentata.<\/p><div class=\"\"><h4>Biscotti propri<\/h4><p>Si tratta di cookie inviati al computer o al dispositivo dell&#8217;Utente e gestiti esclusivamente da <span class=\"blanc-space ng-binding\">Dirna Bergstrom<\/span> per il miglior funzionamento del Sito. Le informazioni raccolte vengono utilizzate per migliorare la qualit\u00e0 del Sito e dei suoi Contenuti e la tua esperienza come Utente. Questi cookie permettono di riconoscere l&#8217;Utente come visitatore abituale del Sito e di adattare il contenuto per offrirgli un contenuto adatto alle sue preferenze.<\/p><\/div><div class=\"thirdCookies\"><h4>Cookie di terze parti<\/h4><p>Si tratta di cookie utilizzati e gestiti da entit\u00e0 esterne che forniscono a Dirna Bergstrom servizi da quest&#8217;ultima richiesti per migliorare il Sito Web e l&#8217;esperienza dell&#8217;utente durante la navigazione nel Sito Web. Gli scopi principali per cui vengono utilizzati i cookie di terze parti sono l&#8217;ottenimento di statistiche di accesso e l&#8217;analisi delle informazioni di navigazione, ovvero le modalit\u00e0 di interazione dell&#8217;Utente con il Sito.<\/p><p>Le informazioni ottenute si riferiscono, ad esempio, al numero di pagine visitate, alla lingua, al luogo in cui si trova l&#8217;indirizzo IP da cui l&#8217;Utente accede, al numero di Utenti che accedono, alla frequenza e alla ricorrenza delle visite, all&#8217;ora della visita, al browser utilizzato, all&#8217;operatore o al tipo di dispositivo da cui viene effettuata la visita. Queste informazioni vengono utilizzate per migliorare il Sito e per individuare nuove esigenze al fine di offrire agli Utenti un Contenuto e\/o un servizio della migliore qualit\u00e0. In tutti i casi, le informazioni vengono raccolte in forma anonima e i rapporti sulle tendenze del sito web vengono compilati senza identificare i singoli utenti.<\/p><p>Puoi ottenere maggiori informazioni sui cookie, sulla privacy o consultare la descrizione del tipo di cookie utilizzati, le loro caratteristiche principali, il periodo di scadenza, ecc. al seguente link:<\/p><p><span style=\"font-style: inherit; font-weight: inherit; color: var( --e-global-color-text ); text-align: var(--text-align);\">L&#8217;ente o gli enti responsabili della fornitura dei cookie possono trasferire queste informazioni a terzi, se richiesto dalla legge o se una terza parte elabora queste informazioni per questi enti.<\/span><\/p><\/div><div class=\"\"><h4>Cookie dei social media<\/h4><p><span class=\"blanc-space ng-binding\">Dirna Bergstrom<\/span> incorpora plugin di social media che consentono l&#8217;accesso ai social network dal Sito. Per questo motivo, i cookie dei social media possono essere memorizzati nel browser dell&#8217;Utente. I proprietari di questi social network hanno le proprie politiche di protezione dei dati e dei cookie, essendo essi stessi, in ogni caso, responsabili dei propri file e delle proprie pratiche di privacy. L&#8217;Utente deve fare riferimento ad essi per conoscere questi cookie e, se del caso, il trattamento dei suoi dati personali. I link alle suddette informative sulla privacy e\/o sui cookie sono riportati di seguito a titolo puramente informativo:<\/p><ul><li>Facebook: <a class=\"text-info\" href=\"https:\/\/www.facebook.com\/policies\/cookies\/\">https:\/\/www.facebook.com\/policies\/cookies\/<\/a><\/li><li>Twitter: <a class=\"text-info\" href=\"https:\/\/twitter.com\/es\/privacy\">https:\/\/twitter.com\/es\/privacy<\/a><\/li><li>Instagram: <a class=\"text-info\" href=\"https:\/\/help.instagram.com\/1896641480634370?ref=ig\">https:\/\/help.instagram.com\/1896641480634370?ref=ig<\/a><\/li><li>YouTube: <a class=\"text-info\" href=\"https:\/\/policies.google.com\/privacy?hl=es-419&amp;gl=mx\">https:\/\/policies.google.com\/privacy?hl=es-419&amp;gl=mx<\/a><\/li><li>Pinterest: <a class=\"text-info\" href=\"https:\/\/policy.pinterest.com\/es\/privacy-policy\">https:\/\/policy.pinterest.com\/es\/privacy-policy<\/a><\/li><li>LinkedIn: <a class=\"text-info\" href=\"https:\/\/www.linkedin.com\/legal\/cookie-policy?trk=hp-cookies\">https:\/\/www.linkedin.com\/legal\/cookie-policy?trk=hp-cookies<\/a><\/li><\/ul><\/div><h4>Disabilitare, rifiutare e cancellare i cookie<\/h4><p>L&#8217;Utente pu\u00f2 disabilitare, rifiutare e cancellare i cookie &#8211; totalmente o parzialmente &#8211; installati sul proprio dispositivo configurando il proprio browser (tra cui, ad esempio, Chrome, Firefox, Safari, Explorer). A questo proposito, le procedure per rifiutare e cancellare i cookie possono variare da un browser Internet all&#8217;altro. Di conseguenza, l&#8217;Utente deve seguire le istruzioni fornite dal browser Internet che sta utilizzando. Nel caso in cui l&#8217;utente rifiuti l&#8217;uso dei cookie, in tutto o in parte, potr\u00e0 continuare a utilizzare il Sito web, anche se l&#8217;uso di alcune funzionalit\u00e0 del Sito web potrebbe essere limitato.<\/p><p>Il presente documento sulla politica sui cookie \u00e8 stato creato utilizzando il g<a class=\"text-body text-decoration-none\" href=\"https:\/\/textos-legales.edgartamarit.com\/\">eneratore gratuito di modelli di politica sui cookie online.<\/a><\/p>\t\t\t\t\t\t\t\t<\/div>\n\t\t\t\t<\/div>\n\t\t\t\t\t<\/div>\n\t\t\t\t<\/div>\n\t\t\t\t<\/div>\n\t\t","protected":false},"excerpt":{"rendered":"<p>L&#8217;accesso a questo Sito web pu\u00f2 comportare l&#8217;utilizzo di cookie. I cookie sono piccole quantit\u00e0 di informazioni che vengono memorizzate [&hellip;]<\/p>\n","protected":false},"author":10,"featured_media":0,"parent":0,"menu_order":0,"comment_status":"closed","ping_status":"closed","template":"","meta":{"content-type":"","inline_featured_image":false,"site-sidebar-layout":"no-sidebar","site-content-layout":"","ast-site-content-layout":"full-width-container","site-content-style":"default","site-sidebar-style":"default","ast-global-header-display":"","ast-banner-title-visibility":"","ast-main-header-display":"","ast-hfb-above-header-display":"","ast-hfb-below-header-display":"","ast-hfb-mobile-header-display":"","site-post-title":"disabled","ast-breadcrumbs-content":"","ast-featured-img":"disabled","footer-sml-layout":"","ast-disable-related-posts":"","theme-transparent-header-meta":"","adv-header-id-meta":"","stick-header-meta":"","header-above-stick-meta":"","header-main-stick-meta":"","header-below-stick-meta":"","astra-migrate-meta-layouts":"default","ast-page-background-enabled":"default","ast-page-background-meta":{"desktop":{"background-color":"var(--ast-global-color-4)","background-image":"","background-repeat":"repeat","background-position":"center center","background-size":"auto","background-attachment":"scroll","background-type":"","background-media":"","overlay-type":"","overlay-color":"","overlay-opacity":"","overlay-gradient":""},"tablet":{"background-color":"","background-image":"","background-repeat":"repeat","background-position":"center center","background-size":"auto","background-attachment":"scroll","background-type":"","background-media":"","overlay-type":"","overlay-color":"","overlay-opacity":"","overlay-gradient":""},"mobile":{"background-color":"","background-image":"","background-repeat":"repeat","background-position":"center center","background-size":"auto","background-attachment":"scroll","background-type":"","background-media":"","overlay-type":"","overlay-color":"","overlay-opacity":"","overlay-gradient":""}},"ast-content-background-meta":{"desktop":{"background-color":"var(--ast-global-color-5)","background-image":"","background-repeat":"repeat","background-position":"center center","background-size":"auto","background-attachment":"scroll","background-type":"","background-media":"","overlay-type":"","overlay-color":"","overlay-opacity":"","overlay-gradient":""},"tablet":{"background-color":"var(--ast-global-color-5)","background-image":"","background-repeat":"repeat","background-position":"center center","background-size":"auto","background-attachment":"scroll","background-type":"","background-media":"","overlay-type":"","overlay-color":"","overlay-opacity":"","overlay-gradient":""},"mobile":{"background-color":"var(--ast-global-color-5)","background-image":"","background-repeat":"repeat","background-position":"center center","background-size":"auto","background-attachment":"scroll","background-type":"","background-media":"","overlay-type":"","overlay-color":"","overlay-opacity":"","overlay-gradient":""}},"footnotes":""},"class_list":["post-3766","page","type-page","status-publish","hentry"],"_links":{"self":[{"href":"https:\/\/bergstromcaravaning.com\/it\/wp-json\/wp\/v2\/pages\/3766","targetHints":{"allow":["GET"]}}],"collection":[{"href":"https:\/\/bergstromcaravaning.com\/it\/wp-json\/wp\/v2\/pages"}],"about":[{"href":"https:\/\/bergstromcaravaning.com\/it\/wp-json\/wp\/v2\/types\/page"}],"author":[{"embeddable":true,"href":"https:\/\/bergstromcaravaning.com\/it\/wp-json\/wp\/v2\/users\/10"}],"replies":[{"embeddable":true,"href":"https:\/\/bergstromcaravaning.com\/it\/wp-json\/wp\/v2\/comments?post=3766"}],"version-history":[{"count":2,"href":"https:\/\/bergstromcaravaning.com\/it\/wp-json\/wp\/v2\/pages\/3766\/revisions"}],"predecessor-version":[{"id":10048,"href":"https:\/\/bergstromcaravaning.com\/it\/wp-json\/wp\/v2\/pages\/3766\/revisions\/10048"}],"wp:attachment":[{"href":"https:\/\/bergstromcaravaning.com\/it\/wp-json\/wp\/v2\/media?parent=3766"}],"curies":[{"name":"wp","href":"https:\/\/api.w.org\/{rel}","templated":true}]}}