{"id":3866,"date":"2024-04-26T10:46:32","date_gmt":"2024-04-26T08:46:32","guid":{"rendered":"https:\/\/bergstromcaravaning.com\/termini-di-utilizzo-e-condizioni\/"},"modified":"2025-10-03T14:14:06","modified_gmt":"2025-10-03T12:14:06","slug":"termini-di-utilizzo-e-condizioni","status":"publish","type":"page","link":"https:\/\/bergstromcaravaning.com\/it\/termini-di-utilizzo-e-condizioni\/","title":{"rendered":"Termini di condizioni e utilizzo"},"content":{"rendered":"\t\t<div data-elementor-type=\"wp-page\" data-elementor-id=\"3866\" class=\"elementor elementor-3866 elementor-33\" data-elementor-post-type=\"page\">\n\t\t\t\t<div class=\"elementor-element elementor-element-a27b4de e-flex e-con-boxed e-con e-parent\" data-id=\"a27b4de\" data-element_type=\"container\" data-e-type=\"container\" data-settings=\"{&quot;background_background&quot;:&quot;classic&quot;}\">\n\t\t\t\t\t<div class=\"e-con-inner\">\n\t\t<div class=\"elementor-element elementor-element-d1509ee e-con-full e-flex e-con e-child\" data-id=\"d1509ee\" data-element_type=\"container\" data-e-type=\"container\">\n\t\t\t\t<div class=\"elementor-element elementor-element-d1bbe74 elementor-widget__width-initial elementor-widget elementor-widget-heading\" data-id=\"d1bbe74\" data-element_type=\"widget\" data-e-type=\"widget\" data-widget_type=\"heading.default\">\n\t\t\t\t<div class=\"elementor-widget-container\">\n\t\t\t\t\t<h1 class=\"elementor-heading-title elementor-size-default\">Termini di condizioni e utilizzo<\/h1>\t\t\t\t<\/div>\n\t\t\t\t<\/div>\n\t\t\t\t<\/div>\n\t\t\t\t\t<\/div>\n\t\t\t\t<\/div>\n\t\t<div class=\"elementor-element elementor-element-db2b7e1 e-flex e-con-boxed e-con e-parent\" data-id=\"db2b7e1\" data-element_type=\"container\" data-e-type=\"container\" data-settings=\"{&quot;background_background&quot;:&quot;classic&quot;}\">\n\t\t\t\t\t<div class=\"e-con-inner\">\n\t\t\t\t<div class=\"elementor-element elementor-element-4f67e4e7 elementor-widget elementor-widget-text-editor\" data-id=\"4f67e4e7\" data-element_type=\"widget\" data-e-type=\"widget\" data-widget_type=\"text-editor.default\">\n\t\t\t\t<div class=\"elementor-widget-container\">\n\t\t\t\t\t\t\t\t\t<h4>INFORMAZIONI GENERALI<\/h4><p>La titolarit\u00e0 di questo sito web, <a href=\"https:\/\/bergstrominc.com\/es\">bergstrominc.com\/es, <\/a>di seguito denominato \u201cSito Web\u201d \u00e8 di <strong>Dirna Bergstrom S.L.<\/strong> con NIF ES-B86653995, iscritta al Registro delle Imprese di Madrid, Volume 30.723, Sezione Ottava, Foglio M-552.885, Primo Registro, i cui dati di contatto sono: Calle Francisco Alonso, 11 A \u2013 28806 Alcal\u00e1 de Henares.<\/p><p><span style=\"color: #000000;\">Il presente documento (e ogni altro documento a cui si fa riferimento) disciplina i termini e le condizioni che regolano l&#8217;uso di questo Sito web e l&#8217;acquisto o l&#8217;acquisizione di prodotti e\/o servizi su questo Sito web (d&#8217;ora in poi denominati &#8220;Termini&#8221;).<\/span><\/p><p>Oltre a leggere le presenti Condizioni, prima di accedere, navigare e\/o utilizzare questo sito web, l&#8217;Utente deve aver letto l&#8217;Avviso Legale e le Condizioni Generali d&#8217;Uso, compresa l&#8217;eventuale politica sui cookie e la politica sulla privacy e sulla protezione dei dati di Dirna Bergstrom S.L.<\/p><p>Utilizzando il presente Sito o effettuando e\/o richiedendo l&#8217;acquisto di un prodotto e\/o servizio attraverso il Sito, l&#8217;Utente accetta di essere vincolato dai presenti Termini e Condizioni e da tutto quanto sopra; se non accetta tutto quanto sopra, non deve utilizzare il Sito.<\/p><p>Si informa inoltre che i presenti Termini e Condizioni possono essere soggetti a modifiche. L&#8217;Utente \u00e8 tenuto a consultarli ogni volta che accede, naviga e\/o utilizza il Sito, in quanto saranno applicabili quelli in vigore al momento della richiesta di acquisto di prodotti e\/o servizi.<\/p><p>Per tutte le domande che l&#8217;Utente pu\u00f2 avere in relazione alle Condizioni, pu\u00f2 contattare il proprietario utilizzando i dettagli di contatto forniti sopra o, se del caso, utilizzando il modulo di contatto.<\/p><h4>INFORMAZIONI RILEVANTI<\/h4><div> <\/div><p>L&#8217;acquisto dei prodotti offerti su questo sito \u00e8 subordinato alla lettura e all&#8217;accettazione dei seguenti Termini e Condizioni. L&#8217;utilizzo dei nostri servizi e l&#8217;acquisto dei nostri prodotti implica la lettura e l&#8217;accettazione dei Termini e delle Condizioni d&#8217;uso qui riportati. Tutti i prodotti offerti dal nostro sito web e che possono essere creati, addebitati, spediti o presentati da un sito web di terzi saranno soggetti ai loro Termini e Condizioni. In alcuni casi, per acquistare un prodotto, sar\u00e0 necessario che l&#8217;utente si registri inserendo dati personali affidabili e definendo una password.<\/p><p>L&#8217;utente pu\u00f2 scegliere e modificare la password per l&#8217;accesso all&#8217;amministrazione del suo account in qualsiasi momento, nel caso in cui si sia registrato e sia necessario per l&#8217;acquisto di uno qualsiasi dei nostri prodotti.<\/p><p>bergstrominc.com\/es non si assume alcuna responsabilit\u00e0 nel caso in cui l&#8217;utente fornisca la suddetta password a terzi.<\/p><p>Tutti gli acquisti e le transazioni effettuati tramite questo sito web sono soggetti a un processo di conferma e verifica, che pu\u00f2 includere la verifica dello stock e della disponibilit\u00e0 dei prodotti, la convalida del metodo di pagamento, la convalida della fattura (se presente) e il rispetto delle condizioni richieste dal metodo di pagamento selezionato. In alcuni casi potrebbe essere richiesta una verifica via e-mail.<\/p><p>I prezzi dei prodotti offerti in questo Negozio Online sono validi solo per gli acquisti effettuati su questo sito web.<\/p><h4>L&#8217;UTENTE<\/h4><div> <\/div><p>L&#8217;accesso, la navigazione e l&#8217;utilizzo del Sito conferiscono la condizione di utente (di seguito, indistintamente, singolarmente come Utente o congiuntamente come Utenti), e pertanto, dal momento in cui inizia la navigazione del Sito, si accettano tutte le Condizioni qui stabilite, nonch\u00e9 le loro successive modifiche, fatta salva l&#8217;applicazione delle corrispondenti norme giuridiche di obbligatoriet\u00e0 a seconda dei casi.<\/p><p>L&#8217;Utente si assume la responsabilit\u00e0 del corretto utilizzo del Sito. Tale responsabilit\u00e0 si estende a:<\/p><ul><li>Utilizza questo sito web solo per effettuare richieste di informazioni e acquisti legalmente validi.<\/li><li>Non fare acquisti falsi o fraudolenti. Se si pu\u00f2 ragionevolmente ritenere che un tale acquisto sia stato effettuato, \u00e8 possibile annullarlo e informare le autorit\u00e0 competenti.<\/li><li>Fornire dati di contatto veritieri e leciti, ad esempio l&#8217;indirizzo e-mail, l&#8217;indirizzo postale e\/o altri dettagli (vedi Avviso legale e Condizioni generali d&#8217;uso).<\/li><li>L&#8217;Utente dichiara di avere pi\u00f9 di 18 anni e di avere la capacit\u00e0 giuridica di stipulare contratti attraverso questo Sito.<\/li><\/ul><p>Il Sito \u00e8 destinato principalmente agli Utenti residenti in Spagna. Dirna Bergstrom S.L. non garantisce che il Sito sia conforme alle leggi di altri paesi, in tutto o in parte. Dirna Bergstrom S.L. declina ogni responsabilit\u00e0 che possa derivare da tale accesso, n\u00e9 garantisce la consegna o la fornitura di servizi al di fuori della Spagna.<\/p><p>L&#8217;Utente pu\u00f2 formalizzare, a sua scelta, con Dirna Bergstrom S.L. il contratto di vendita dei prodotti e\/o servizi desiderati in una qualsiasi delle lingue in cui le presenti Condizioni sono disponibili su questo Sito.<\/p><h4>LICENZA<\/h4><div> <\/div><p>Dirna Bergstrom S.L., attraverso il suo sito web, concede agli utenti la licenza d&#8217;uso dei prodotti venduti su questo sito web in conformit\u00e0 con i Termini e le Condizioni descritti in questo documento.<\/p><h4>USO NON AUTORIZZATO<\/h4><div> <\/div><p>Se applicabile (per la vendita di software, modelli o altri prodotti di design e programmazione) non puoi inserire uno dei nostri prodotti, modificato o meno, su un CD, un sito web o qualsiasi altro supporto e offrirlo per la ridistribuzione o la rivendita di qualsiasi tipo.<\/p><h4>PROPRIET\u00c0<\/h4><div> <\/div><p>L&#8217;utente non pu\u00f2 rivendicare la propriet\u00e0 intellettuale o proprietaria di alcuno dei nostri prodotti, modificati o non modificati. Tutti i prodotti sono di propriet\u00e0 dei fornitori dei contenuti. Se non diversamente specificato, i nostri prodotti sono forniti senza alcun tipo di garanzia, espressa o implicita. In nessun caso questa azienda sar\u00e0 responsabile di eventuali danni, inclusi, ma non solo, danni diretti, indiretti, speciali, incidentali o consequenziali o altre perdite derivanti dall&#8217;uso o dall&#8217;impossibilit\u00e0 di usare i nostri prodotti.<\/p><h4 id=\"garant\u00eda\">POLITICA DI RIMBORSO E GARANZIA<\/h4><div> <\/div><p>Nel caso di prodotti irrevocabili e non tangibili, non effettuiamo rimborsi dopo la spedizione del prodotto; \u00e8 tua responsabilit\u00e0 capire cosa stai acquistando prima di comprarlo. Leggi attentamente prima di acquistare. Facciamo eccezione a questa regola solo quando la descrizione non corrisponde al prodotto. Alcuni prodotti possono avere una garanzia e la possibilit\u00e0 di un rimborso, ma questo sar\u00e0 specificato al momento dell&#8217;acquisto. In questi casi la garanzia coprir\u00e0 solo i difetti di fabbricazione e diventer\u00e0 effettiva solo se il prodotto \u00e8 stato utilizzato correttamente. La garanzia non copre i malfunzionamenti o i danni causati da un uso improprio. I termini della garanzia sono associati a difetti di fabbricazione e di funzionamento in condizioni normali dei prodotti e tali termini saranno efficaci solo se l&#8217;apparecchiatura \u00e8 stata utilizzata correttamente. Questo include:<\/p><ul><li>In base alle specifiche tecniche indicate per ogni prodotto.<\/li><li>In condizioni ambientali conformi alle specifiche indicate dal produttore.<\/li><li>In uso specifico per la sua funzione progettata in fabbrica.<\/li><li>In condizioni di funzionamento elettrico secondo le specifiche e le tolleranze indicate.<\/li><\/ul><h4>CONTROLLO ANTIFRODE<\/h4><div> <\/div><p>L&#8217;acquisto del cliente potrebbe essere rimandato per controlli antifrode. Pu\u00f2 anche essere sospeso per un periodo di tempo pi\u00f9 lungo per ulteriori indagini al fine di prevenire transazioni fraudolente.<\/p><h4>PRIVACY<\/h4><p>bergstrominc.com\/es garantisce che i dati personali da te forniti saranno trattati in conformit\u00e0 con quanto previsto dalla politica sulla protezione dei dati (Note legali e Condizioni generali d&#8217;uso). I dati inseriti dall&#8217;utente o in caso di convalida degli ordini non saranno divulgati a terzi, a meno che non debbano essere divulgati in ottemperanza a un ordine del tribunale o a requisiti legali.<\/p><p>L&#8217;iscrizione alle newsletter di email marketing \u00e8 volontaria e pu\u00f2 essere selezionata al momento della creazione dell&#8217;account.<\/p><p>Accedendo, navigando e\/o utilizzando il Sito, l&#8217;Utente acconsente al trattamento di tali informazioni e dati e dichiara che tutte le informazioni o i dati forniti sono veritieri.<\/p><h4>LEGGE APPLICABILE E GIURISDIZIONE<\/h4><div> <\/div><p>L&#8217;accesso, la navigazione e\/o l&#8217;utilizzo di questo Sito web e i contratti per l&#8217;acquisto di prodotti attraverso di esso saranno regolati dalla legge spagnola.<\/p><p>Qualsiasi controversia, problema o disaccordo derivante o correlato all&#8217;accesso, alla navigazione e\/o all&#8217;utilizzo del Sito web, o all&#8217;interpretazione e all&#8217;esecuzione delle presenti Condizioni, o ai contratti di vendita tra Dirna Bergstrom S.L. e l&#8217;Utente, sar\u00e0 sottoposto alla giurisdizione non esclusiva delle corti e dei tribunali spagnoli.<\/p><h4>RECLAMI E RICHIESTE DI RISARCIMENTO<\/h4><div> <\/div><p>Gli utenti possono inviare a Dirna Bergstrom S.L. i loro reclami, le loro richieste di risarcimento o qualsiasi altro commento che desiderino fare attraverso i dettagli di contatto forniti all&#8217;inizio delle presenti Condizioni (Informazioni generali).<\/p>\t\t\t\t\t\t\t\t<\/div>\n\t\t\t\t<\/div>\n\t\t\t\t\t<\/div>\n\t\t\t\t<\/div>\n\t\t\t\t<\/div>\n\t\t","protected":false},"excerpt":{"rendered":"<p>INFORMAZIONI GENERALI La titolarit\u00e0 di questo sito web, bergstrominc.com\/es, di seguito denominato \u201cSito Web\u201d \u00e8 di Dirna Bergstrom S.L. con [&hellip;]<\/p>\n","protected":false},"author":10,"featured_media":0,"parent":0,"menu_order":0,"comment_status":"closed","ping_status":"closed","template":"elementor_header_footer","meta":{"content-type":"","inline_featured_image":false,"site-sidebar-layout":"default","site-content-layout":"","ast-site-content-layout":"full-width-container","site-content-style":"default","site-sidebar-style":"default","ast-global-header-display":"","ast-banner-title-visibility":"","ast-main-header-display":"","ast-hfb-above-header-display":"","ast-hfb-below-header-display":"","ast-hfb-mobile-header-display":"","site-post-title":"","ast-breadcrumbs-content":"","ast-featured-img":"","footer-sml-layout":"","ast-disable-related-posts":"","theme-transparent-header-meta":"","adv-header-id-meta":"","stick-header-meta":"","header-above-stick-meta":"","header-main-stick-meta":"","header-below-stick-meta":"","astra-migrate-meta-layouts":"default","ast-page-background-enabled":"default","ast-page-background-meta":{"desktop":{"background-color":"var(--ast-global-color-4)","background-image":"","background-repeat":"repeat","background-position":"center center","background-size":"auto","background-attachment":"scroll","background-type":"","background-media":"","overlay-type":"","overlay-color":"","overlay-opacity":"","overlay-gradient":""},"tablet":{"background-color":"","background-image":"","background-repeat":"repeat","background-position":"center center","background-size":"auto","background-attachment":"scroll","background-type":"","background-media":"","overlay-type":"","overlay-color":"","overlay-opacity":"","overlay-gradient":""},"mobile":{"background-color":"","background-image":"","background-repeat":"repeat","background-position":"center center","background-size":"auto","background-attachment":"scroll","background-type":"","background-media":"","overlay-type":"","overlay-color":"","overlay-opacity":"","overlay-gradient":""}},"ast-content-background-meta":{"desktop":{"background-color":"var(--ast-global-color-5)","background-image":"","background-repeat":"repeat","background-position":"center center","background-size":"auto","background-attachment":"scroll","background-type":"","background-media":"","overlay-type":"","overlay-color":"","overlay-opacity":"","overlay-gradient":""},"tablet":{"background-color":"var(--ast-global-color-5)","background-image":"","background-repeat":"repeat","background-position":"center center","background-size":"auto","background-attachment":"scroll","background-type":"","background-media":"","overlay-type":"","overlay-color":"","overlay-opacity":"","overlay-gradient":""},"mobile":{"background-color":"var(--ast-global-color-5)","background-image":"","background-repeat":"repeat","background-position":"center center","background-size":"auto","background-attachment":"scroll","background-type":"","background-media":"","overlay-type":"","overlay-color":"","overlay-opacity":"","overlay-gradient":""}},"footnotes":""},"class_list":["post-3866","page","type-page","status-publish","hentry"],"_links":{"self":[{"href":"https:\/\/bergstromcaravaning.com\/it\/wp-json\/wp\/v2\/pages\/3866","targetHints":{"allow":["GET"]}}],"collection":[{"href":"https:\/\/bergstromcaravaning.com\/it\/wp-json\/wp\/v2\/pages"}],"about":[{"href":"https:\/\/bergstromcaravaning.com\/it\/wp-json\/wp\/v2\/types\/page"}],"author":[{"embeddable":true,"href":"https:\/\/bergstromcaravaning.com\/it\/wp-json\/wp\/v2\/users\/10"}],"replies":[{"embeddable":true,"href":"https:\/\/bergstromcaravaning.com\/it\/wp-json\/wp\/v2\/comments?post=3866"}],"version-history":[{"count":3,"href":"https:\/\/bergstromcaravaning.com\/it\/wp-json\/wp\/v2\/pages\/3866\/revisions"}],"predecessor-version":[{"id":8638,"href":"https:\/\/bergstromcaravaning.com\/it\/wp-json\/wp\/v2\/pages\/3866\/revisions\/8638"}],"wp:attachment":[{"href":"https:\/\/bergstromcaravaning.com\/it\/wp-json\/wp\/v2\/media?parent=3866"}],"curies":[{"name":"wp","href":"https:\/\/api.w.org\/{rel}","templated":true}]}}