{"id":8847,"date":"2025-07-09T08:18:51","date_gmt":"2025-07-09T06:18:51","guid":{"rendered":"https:\/\/bergstromcaravaning.com\/informativa-sulla-privacy-dellapp\/"},"modified":"2025-10-03T14:09:27","modified_gmt":"2025-10-03T12:09:27","slug":"informativa-sulla-privacy-dellapp","status":"publish","type":"page","link":"https:\/\/bergstromcaravaning.com\/it\/informativa-sulla-privacy-dellapp\/","title":{"rendered":"Informativa sulla privacy dell&#8217;app"},"content":{"rendered":"\t\t<div data-elementor-type=\"wp-page\" data-elementor-id=\"8847\" class=\"elementor elementor-8847 elementor-8832\" data-elementor-post-type=\"page\">\n\t\t\t\t<div class=\"elementor-element elementor-element-253b5f2 e-flex e-con-boxed e-con e-parent\" data-id=\"253b5f2\" data-element_type=\"container\" data-e-type=\"container\" data-settings=\"{&quot;background_background&quot;:&quot;classic&quot;}\">\n\t\t\t\t\t<div class=\"e-con-inner\">\n\t\t<div class=\"elementor-element elementor-element-75d5e58 e-con-full e-flex e-con e-child\" data-id=\"75d5e58\" data-element_type=\"container\" data-e-type=\"container\">\n\t\t\t\t<div class=\"elementor-element elementor-element-9ed6ef9 elementor-widget__width-initial elementor-widget elementor-widget-heading\" data-id=\"9ed6ef9\" data-element_type=\"widget\" data-e-type=\"widget\" data-widget_type=\"heading.default\">\n\t\t\t\t<div class=\"elementor-widget-container\">\n\t\t\t\t\t<h1 class=\"elementor-heading-title elementor-size-default\">informativa sulla privacy dell'app<\/h1>\t\t\t\t<\/div>\n\t\t\t\t<\/div>\n\t\t\t\t<\/div>\n\t\t\t\t\t<\/div>\n\t\t\t\t<\/div>\n\t\t<div class=\"elementor-element elementor-element-7273cf3 e-flex e-con-boxed e-con e-parent\" data-id=\"7273cf3\" data-element_type=\"container\" data-e-type=\"container\">\n\t\t\t\t\t<div class=\"e-con-inner\">\n\t\t\t\t<div class=\"elementor-element elementor-element-5237fb6 elementor-widget elementor-widget-text-editor\" data-id=\"5237fb6\" data-element_type=\"widget\" data-e-type=\"widget\" data-widget_type=\"text-editor.default\">\n\t\t\t\t<div class=\"elementor-widget-container\">\n\t\t\t\t\t\t\t\t\t<h4>Informativa sulla privacy \u2013 App mobile<\/h4>\n<p>INFORMATIVA SULLA PRIVACY PER LE APPLICAZIONI MOBILI (APP)<\/p>\n<p>Ultimo aggiornamento: 09\/07\/2025<\/p>\n<h4>IDENTIFICAZIONE DEL TITOLARE DEL TRATTAMENTO.<\/h4>\n<p>Dirna Bergstrom, S.L., con CIF B86653995 e domicilio per le notifiche in Calle Francisco Alonso, N\u00ba 11 A \u2013 28806 \u2013 Alcal\u00e1 de Henares, Madrid, Spagna, iscritta al Registro delle Imprese di Madrid, \u00e8 il soggetto responsabile del trattamento dei dati forniti dagli utenti dell&#8217;Applicazione (di seguito, l&#8217;Utente\/gli Utenti).<\/p>\n<h4>FINALIT\u00c0 DEL TRATTAMENTO DEI DATI.<\/h4>\n<p>Per registrarsi, accedere e successivamente utilizzare l&#8217;Applicazione, l&#8217;Utente dovr\u00e0 fornire volontariamente dati personali (essenzialmente dati identificativi e di contatto), che saranno incorporati in supporti automatizzati di propriet\u00e0 di Dirna Bergstrom S.L.<br>Le operazioni di trattamento dei dati saranno effettuate al fine di garantire il corretto funzionamento dell&#8217;Applicazione, mantenere la fornitura del servizio e\/o il rapporto commerciale con l&#8217;Utente e per la gestione, l&#8217;amministrazione, la rendicontazione, la fornitura e il miglioramento del servizio.<br>Allo stesso modo, i dati potranno essere utilizzati per l&#8217;invio di newsletter e comunicazioni commerciali, qualora l&#8217;Utente abbia prestato il proprio consenso espresso.<\/p>\n<h4>LEGITTIMAZIONE.<\/h4>\n<p>Il trattamento si basa su: \u2013 La richiesta di informazioni e\/o la sottoscrizione dei servizi dell&#8217;Applicazione, i cui termini saranno disponibili per l&#8217;accettazione. \u2013 Il consenso libero, specifico, informato e inequivocabile dell&#8217;Utente, espresso mediante accettazione espressa (ad esempio, selezionando una casella). In caso di mancato conferimento dei dati richiesti, non sar\u00e0 possibile utilizzare l&#8217;Applicazione.<\/p>\n<h4>CONSERVAZIONE DEI DATI PERSONALI.<\/h4>\n<p>I dati saranno conservati finch\u00e9 l&#8217;Utente continuer\u00e0 a utilizzare l&#8217;Applicazione o non ne richieder\u00e0 la cancellazione. Successivamente, verranno conservati per il periodo minimo legale di cinque anni per determinare le potenziali passivit\u00e0. <\/p>\n<h4>DESTINATARI.<\/h4>\n<p>I dati non saranno trasferiti a terzi, salvo ove richiesto dalla legge o con l&#8217;espresso consenso dell&#8217;Utente.<br>Dirna Bergstrom, S.L. pu\u00f2 condividere i dati con responsabili del trattamento, come i fornitori di servizi tecnologici, con i quali ha stipulato contratti ai sensi del GDPR.<\/p>\n<h4>CONSERVAZIONE DEI DATI.<\/h4>\n<p>In conformit\u00e0 con la Legge 34\/2002 (LSSI), le informazioni necessarie all&#8217;identificazione dell&#8217;origine dei dati e all&#8217;inizio del servizio saranno conservate per un massimo di 12 mesi, esclusivamente per indagini penali o di pubblica sicurezza, quando richiesto dalle autorit\u00e0 competenti.<\/p>\n<h4>PROTEZIONE DELLE INFORMAZIONI OSPITATE.<\/h4>\n<p>Dirna Bergstrom, S.L. adotta misure tecniche e organizzative adeguate per garantire la sicurezza dei dati personali. Dirna Bergstrom, S.L. effettua copie di backup, ma non \u00e8 responsabile per eventuali perdite o cancellazioni accidentali da parte dell&#8217;Utente. Il ripristino dei dati \u00e8 incluso solo se la perdita \u00e8 attribuibile a Dirna Bergstrom, S.L. In caso contrario, potrebbe essere applicato un costo, soggetto all&#8217;accettazione dell&#8217;Utente. <\/p>\n<h4>ESERCIZIO DEI DIRITTI.<\/h4>\n<p>Gli utenti possono esercitare i loro diritti di accesso, rettifica, cancellazione, opposizione, limitazione del trattamento e portabilit\u00e0 inviando un&#8217;e-mail a:<br>\n  <a href=\"mailto:rgpd@dirna.bergstrominc.com\">rgpd@dirna.bergstrominc.com<\/a>\n  <br>Possono inoltre presentare reclami all&#8217;Agenzia spagnola per la protezione dei dati (AEPD).\n<\/p>\n<h4>COMUNICAZIONI COMMERCIALI TRAMITE MEZZI ELETTRONICI.<\/h4>\n<p>Dirna Bergstrom, S.L. non invier\u00e0 comunicazioni promozionali tramite mezzi elettronici senza previo consenso.<br>Nel caso di utenti con un precedente rapporto contrattuale, potranno essere inviate informazioni commerciali su prodotti o servizi simili.<br>Per annullare l&#8217;iscrizione, l&#8217;Utente pu\u00f2 scrivere a: ventas@dirna.bergstrominc.com o sales@dirna.bergstrominc.com<\/p>\n<h4>Gestione del consenso<\/h4>\n<p>L&#8217;app utilizza una piattaforma di gestione del consenso (CMP) conforme al Transparency &amp; Consent Framework di IAB Europe (n. 92) per garantire che il consenso dell&#8217;utente venga raccolto e gestito in modo trasparente e nel rispetto del GDPR.<\/p>\n<h4>Propriet\u00e0 intellettuale<\/h4>\n<p>Tutti i contenuti, le interfacce, i design, il codice sorgente e gli elementi grafici di questa applicazione sono di propriet\u00e0 di Dirna Bergstrom, S.L. o dei suoi licenziatari e sono protetti dalle leggi nazionali e internazionali sulla propriet\u00e0 intellettuale e industriale. La riproduzione, la distribuzione o la modifica sono vietate senza espressa autorizzazione. <\/p>\n<h4>Responsabili del trattamento dei dati<\/h4>\n<p>Dirna Bergstrom, S.L. pu\u00f2 condividere i dati personali con i fornitori di servizi tecnologici che agiscono in qualit\u00e0 di responsabili del trattamento dei dati, inclusi servizi backend, analisi e notifiche push. Tutti sono soggetti a contratti ai sensi dell&#8217;articolo 28 del GDPR. <\/p>\t\t\t\t\t\t\t\t<\/div>\n\t\t\t\t<\/div>\n\t\t\t\t\t<\/div>\n\t\t\t\t<\/div>\n\t\t<div class=\"elementor-element elementor-element-c10d2c0 e-flex e-con-boxed e-con e-parent\" data-id=\"c10d2c0\" data-element_type=\"container\" data-e-type=\"container\">\n\t\t\t\t\t<div class=\"e-con-inner\">\n\t\t\t\t<div class=\"elementor-element elementor-element-a423c37 elementor-widget elementor-widget-html\" data-id=\"a423c37\" data-element_type=\"widget\" data-e-type=\"widget\" data-widget_type=\"html.default\">\n\t\t\t\t<div class=\"elementor-widget-container\">\n\t\t\t\t\tBergstrom aderisce e rispetta tutte le specifiche e le policy del Transparency &amp; Consent Framework di IAB Europe. L'azienda utilizza la Consent Management Platform n. 92. <br><br>\nPuoi modificare le tue scelte in qualsiasi momento <a href=\"javascript:Sddan.cmp.displayUI()\">cliccando qui.<\/a>\t\t\t\t<\/div>\n\t\t\t\t<\/div>\n\t\t\t\t\t<\/div>\n\t\t\t\t<\/div>\n\t\t\t\t<\/div>\n\t\t","protected":false},"excerpt":{"rendered":"<p>informativa sulla privacy dell&#8217;app Informativa sulla privacy \u2013 App mobile INFORMATIVA SULLA PRIVACY PER LE APPLICAZIONI MOBILI (APP) Ultimo aggiornamento: [&hellip;]<\/p>\n","protected":false},"author":10,"featured_media":0,"parent":0,"menu_order":0,"comment_status":"closed","ping_status":"closed","template":"","meta":{"content-type":"","inline_featured_image":false,"site-sidebar-layout":"no-sidebar","site-content-layout":"","ast-site-content-layout":"full-width-container","site-content-style":"default","site-sidebar-style":"default","ast-global-header-display":"","ast-banner-title-visibility":"","ast-main-header-display":"","ast-hfb-above-header-display":"","ast-hfb-below-header-display":"","ast-hfb-mobile-header-display":"","site-post-title":"disabled","ast-breadcrumbs-content":"","ast-featured-img":"disabled","footer-sml-layout":"","ast-disable-related-posts":"","theme-transparent-header-meta":"","adv-header-id-meta":"","stick-header-meta":"","header-above-stick-meta":"","header-main-stick-meta":"","header-below-stick-meta":"","astra-migrate-meta-layouts":"default","ast-page-background-enabled":"default","ast-page-background-meta":{"desktop":{"background-color":"var(--ast-global-color-4)","background-image":"","background-repeat":"repeat","background-position":"center center","background-size":"auto","background-attachment":"scroll","background-type":"","background-media":"","overlay-type":"","overlay-color":"","overlay-opacity":"","overlay-gradient":""},"tablet":{"background-color":"","background-image":"","background-repeat":"repeat","background-position":"center center","background-size":"auto","background-attachment":"scroll","background-type":"","background-media":"","overlay-type":"","overlay-color":"","overlay-opacity":"","overlay-gradient":""},"mobile":{"background-color":"","background-image":"","background-repeat":"repeat","background-position":"center center","background-size":"auto","background-attachment":"scroll","background-type":"","background-media":"","overlay-type":"","overlay-color":"","overlay-opacity":"","overlay-gradient":""}},"ast-content-background-meta":{"desktop":{"background-color":"var(--ast-global-color-5)","background-image":"","background-repeat":"repeat","background-position":"center center","background-size":"auto","background-attachment":"scroll","background-type":"","background-media":"","overlay-type":"","overlay-color":"","overlay-opacity":"","overlay-gradient":""},"tablet":{"background-color":"var(--ast-global-color-5)","background-image":"","background-repeat":"repeat","background-position":"center center","background-size":"auto","background-attachment":"scroll","background-type":"","background-media":"","overlay-type":"","overlay-color":"","overlay-opacity":"","overlay-gradient":""},"mobile":{"background-color":"var(--ast-global-color-5)","background-image":"","background-repeat":"repeat","background-position":"center center","background-size":"auto","background-attachment":"scroll","background-type":"","background-media":"","overlay-type":"","overlay-color":"","overlay-opacity":"","overlay-gradient":""}},"footnotes":""},"class_list":["post-8847","page","type-page","status-publish","hentry"],"_links":{"self":[{"href":"https:\/\/bergstromcaravaning.com\/it\/wp-json\/wp\/v2\/pages\/8847","targetHints":{"allow":["GET"]}}],"collection":[{"href":"https:\/\/bergstromcaravaning.com\/it\/wp-json\/wp\/v2\/pages"}],"about":[{"href":"https:\/\/bergstromcaravaning.com\/it\/wp-json\/wp\/v2\/types\/page"}],"author":[{"embeddable":true,"href":"https:\/\/bergstromcaravaning.com\/it\/wp-json\/wp\/v2\/users\/10"}],"replies":[{"embeddable":true,"href":"https:\/\/bergstromcaravaning.com\/it\/wp-json\/wp\/v2\/comments?post=8847"}],"version-history":[{"count":3,"href":"https:\/\/bergstromcaravaning.com\/it\/wp-json\/wp\/v2\/pages\/8847\/revisions"}],"predecessor-version":[{"id":10058,"href":"https:\/\/bergstromcaravaning.com\/it\/wp-json\/wp\/v2\/pages\/8847\/revisions\/10058"}],"wp:attachment":[{"href":"https:\/\/bergstromcaravaning.com\/it\/wp-json\/wp\/v2\/media?parent=8847"}],"curies":[{"name":"wp","href":"https:\/\/api.w.org\/{rel}","templated":true}]}}